{"id":393083,"date":"2026-04-05T14:28:21","date_gmt":"2026-04-05T12:28:21","guid":{"rendered":"https:\/\/bogensportdiscount.ch\/produkt\/tight-spot-bow-quivers-parts-quiver-adjustable-movable-sight-bracket\/"},"modified":"2026-04-15T12:15:14","modified_gmt":"2026-04-15T10:15:14","slug":"tightspot-koecher-zubehoer-verstellbare-bewegliche-visierhalterung","status":"publish","type":"product","link":"https:\/\/bogensportdiscount.ch\/it\/prodotto\/tightspot-koecher-zubehoer-verstellbare-bewegliche-visierhalterung\/","title":{"rendered":"FARETRE PER ARCHI TIGHT SPOT PARTI DELLA FARETRA STAFFA DI MIRA REGOLABILE\/MOBILE"},"content":{"rendered":"<p>Diese verstellbare und bewegliche Visierhalterung von TIGHTSPOT ist ein Ersatzteil f\u00fcr Bogensch\u00fctzen-K\u00f6cher. Die Halterung erm\u00f6glicht eine flexible Positionierung des Visiers am K\u00f6cher und bietet optimale Anpassungsm\u00f6glichkeiten an individuelle Anforderungen.<\/p>\n<p>Gefertigt in den USA, \u00fcberzeugt dieses Zubeh\u00f6rteil durch robuste Qualit\u00e4t und zuverl\u00e4ssige Funktionalit\u00e4t. Die schwarze Ausf\u00fchrung passt sich harmonisch in das Design g\u00e4ngiger K\u00f6cher ein und bietet eine praktische L\u00f6sung f\u00fcr die Bogensport-Ausr\u00fcstung.<\/p>","protected":false},"excerpt":{"rendered":"<table>\n<tr>\n<th>Propriet\u00e0<\/th>\n<th>Valore<\/th>\n<\/tr>\n<tr>\n<td>Marchio<\/td>\n<td>Tight Spot<\/td>\n<\/tr>\n<tr>\n<td>Colore<\/td>\n<td>Schwarz<\/td>\n<\/tr>\n<tr>\n<td>GTIN<\/td>\n<td>899326002887<\/td>\n<\/tr>\n<tr>\n<td>Herkunftsland<\/td>\n<td>USA<\/td>\n<\/tr>\n<\/table>","protected":false},"featured_media":441885,"comment_status":"open","ping_status":"closed","template":"","meta":[],"product_brand":[483],"product_cat":[4164],"product_tag":[3546],"class_list":{"0":"post-393083","1":"product","2":"type-product","3":"status-publish","4":"has-post-thumbnail","6":"product_brand-tightspot","7":"product_cat-zubehoer-einzelteile","8":"product_tag-neuheit","10":"first","11":"instock","12":"shipping-taxable","13":"purchasable","14":"product-type-simple"},"_links":{"self":[{"href":"https:\/\/bogensportdiscount.ch\/it\/wp-json\/wp\/v2\/product\/393083","targetHints":{"allow":["GET"]}}],"collection":[{"href":"https:\/\/bogensportdiscount.ch\/it\/wp-json\/wp\/v2\/product"}],"about":[{"href":"https:\/\/bogensportdiscount.ch\/it\/wp-json\/wp\/v2\/types\/product"}],"replies":[{"embeddable":true,"href":"https:\/\/bogensportdiscount.ch\/it\/wp-json\/wp\/v2\/comments?post=393083"}],"wp:featuredmedia":[{"embeddable":true,"href":"https:\/\/bogensportdiscount.ch\/it\/wp-json\/wp\/v2\/media\/441885"}],"wp:attachment":[{"href":"https:\/\/bogensportdiscount.ch\/it\/wp-json\/wp\/v2\/media?parent=393083"}],"wp:term":[{"taxonomy":"product_brand","embeddable":true,"href":"https:\/\/bogensportdiscount.ch\/it\/wp-json\/wp\/v2\/product_brand?post=393083"},{"taxonomy":"product_cat","embeddable":true,"href":"https:\/\/bogensportdiscount.ch\/it\/wp-json\/wp\/v2\/product_cat?post=393083"},{"taxonomy":"product_tag","embeddable":true,"href":"https:\/\/bogensportdiscount.ch\/it\/wp-json\/wp\/v2\/product_tag?post=393083"}],"curies":[{"name":"wp","href":"https:\/\/api.w.org\/{rel}","templated":true}]}}