{"id":393069,"date":"2026-04-05T14:28:18","date_gmt":"2026-04-05T12:28:18","guid":{"rendered":"https:\/\/bogensportdiscount.ch\/produkt\/tipping-point-archery-glue-in-points-dimple-break-off-id4-2mm-166-90-100-110-120gr-12pk\/"},"modified":"2026-04-15T12:15:13","modified_gmt":"2026-04-15T10:15:13","slug":"tipping-point-archery-einklebespitzen-dimple-break-off-id-4-2mm-166-90-120gr-12er-pack","status":"publish","type":"product","link":"https:\/\/bogensportdiscount.ch\/it\/prodotto\/tipping-point-archery-einklebespitzen-dimple-break-off-id-4-2mm-166-90-120gr-12er-pack\/","title":{"rendered":"PUNTI A PUNTA PER IL TIRO CON L'ARCO DIMEZZATI ID4,2mm\/.166\u2033 90-100-110-120gr 12PK"},"content":{"rendered":"<p>Die Tipping Point Archery Dimple Break-Off Einklebespitzen sind f\u00fcr Carbonsch\u00e4fte mit einem Innendurchmesser von 4.2mm (.166&#8243;) ausgelegt. Sie werden in den Schaft eingeklebt und bieten eine zuverl\u00e4ssige, formschl\u00fcssige Verbindung.<\/p>\n<p>Das Dimple Break-Off Design erm\u00f6glicht eine pr\u00e4zise Gewichtsanpassung: Durch das Abbrechen der vorgestanzten Segmente l\u00e4sst sich das Spitzengewicht zwischen 90, 100, 110 und 120 Grain variieren \u2013 ohne Werkzeugwechsel.<\/p>\n<ul>\n<li>Innendurchmesser: 4.2mm \/ .166&#8243;<\/li>\n<li>Gewichtsbereiche: 90 \/ 100 \/ 110 \/ 120 Grain<\/li>\n<li>Break-Off System zur flexiblen Gewichtsanpassung<\/li>\n<li>12 Spitzen pro Pack<\/li>\n<\/ul>","protected":false},"excerpt":{"rendered":"<p><strong>Marchio:<\/strong> Tipping Point Archery<br \/><strong>Tipo:<\/strong> Break-off<br \/><strong>ID:<\/strong> 4,2<br \/><strong>Gewicht:<\/strong> 90-100-110-120<br \/><strong>GTIN:<\/strong> 6426004336350<\/p>","protected":false},"featured_media":441908,"comment_status":"open","ping_status":"closed","template":"","meta":[],"product_brand":[846],"product_cat":[4543],"product_tag":[3546],"class_list":{"0":"post-393069","1":"product","2":"type-product","3":"status-publish","4":"has-post-thumbnail","6":"product_brand-tippingpointarchery","7":"product_cat-einklebe-spitzen-pfeil-komponenten","8":"product_tag-neuheit","10":"first","11":"instock","12":"shipping-taxable","13":"purchasable","14":"product-type-simple"},"_links":{"self":[{"href":"https:\/\/bogensportdiscount.ch\/it\/wp-json\/wp\/v2\/product\/393069","targetHints":{"allow":["GET"]}}],"collection":[{"href":"https:\/\/bogensportdiscount.ch\/it\/wp-json\/wp\/v2\/product"}],"about":[{"href":"https:\/\/bogensportdiscount.ch\/it\/wp-json\/wp\/v2\/types\/product"}],"replies":[{"embeddable":true,"href":"https:\/\/bogensportdiscount.ch\/it\/wp-json\/wp\/v2\/comments?post=393069"}],"wp:featuredmedia":[{"embeddable":true,"href":"https:\/\/bogensportdiscount.ch\/it\/wp-json\/wp\/v2\/media\/441908"}],"wp:attachment":[{"href":"https:\/\/bogensportdiscount.ch\/it\/wp-json\/wp\/v2\/media?parent=393069"}],"wp:term":[{"taxonomy":"product_brand","embeddable":true,"href":"https:\/\/bogensportdiscount.ch\/it\/wp-json\/wp\/v2\/product_brand?post=393069"},{"taxonomy":"product_cat","embeddable":true,"href":"https:\/\/bogensportdiscount.ch\/it\/wp-json\/wp\/v2\/product_cat?post=393069"},{"taxonomy":"product_tag","embeddable":true,"href":"https:\/\/bogensportdiscount.ch\/it\/wp-json\/wp\/v2\/product_tag?post=393069"}],"curies":[{"name":"wp","href":"https:\/\/api.w.org\/{rel}","templated":true}]}}