{"id":393009,"date":"2026-04-05T14:28:04","date_gmt":"2026-04-05T12:28:04","guid":{"rendered":"https:\/\/bogensportdiscount.ch\/produkt\/srt-3d-target-white-wolf-group-2-l123cm-h75cm\/"},"modified":"2026-04-15T12:15:11","modified_gmt":"2026-04-15T10:15:11","slug":"srt-3d-ziel-white-wolf-gruppe-2-l123cm-h75cm","status":"publish","type":"product","link":"https:\/\/bogensportdiscount.ch\/it\/prodotto\/srt-3d-ziel-white-wolf-gruppe-2-l123cm-h75cm\/","title":{"rendered":"SRT 3D TARGET LUPO BIANCO - GRUPPO 2 - L123cm H75cm"},"content":{"rendered":"<p>Das SRT White Wolf ist ein 3D-Bogensportziel in Tierform, das den Wolf in nat\u00fcrlicher Gr\u00f6sse darstellt. Mit den Abmessungen 123 cm L\u00e4nge und 75 cm H\u00f6he geh\u00f6rt es der Gruppe 2 an und entspricht damit den g\u00e4ngigen Klassifizierungen f\u00fcr 3D-Bogensportwettbewerbe.<\/p>\n<p>Das Ziel ist f\u00fcr den Einsatz auf 3D-Parcours sowie zum gezielten Schusstraining geeignet. Die realistische Darstellung unterst\u00fctzt das Einsch\u00e4tzen von Entfernungen und Trefferzonen unter wettkampfnahen Bedingungen.<\/p>\n<ul>\n<li>Gruppe 2 \u2013 geeignet f\u00fcr 3D-Bogensportturniere<\/li>\n<li>Abmessungen: L\u00e4nge 123 cm, H\u00f6he 75 cm<\/li>\n<li>Lebensechte Wolf-Darstellung<\/li>\n<li>F\u00fcr Parcours und Trainingseinsatz geeignet<\/li>\n<\/ul>","protected":false},"excerpt":{"rendered":"<p><strong>Marchio:<\/strong> SRT Targets<br \/><strong>Tipo:<\/strong> Group 2<br \/><strong>GTIN:<\/strong> 08475555<\/p>","protected":false},"featured_media":446315,"comment_status":"open","ping_status":"closed","template":"","meta":[],"product_brand":[410],"product_cat":[4311],"product_tag":[3546],"class_list":{"0":"post-393009","1":"product","2":"type-product","3":"status-publish","4":"has-post-thumbnail","6":"product_brand-srt","7":"product_cat-baeren-woelfe","8":"product_tag-neuheit","10":"first","11":"instock","12":"shipping-taxable","13":"purchasable","14":"product-type-simple"},"_links":{"self":[{"href":"https:\/\/bogensportdiscount.ch\/it\/wp-json\/wp\/v2\/product\/393009","targetHints":{"allow":["GET"]}}],"collection":[{"href":"https:\/\/bogensportdiscount.ch\/it\/wp-json\/wp\/v2\/product"}],"about":[{"href":"https:\/\/bogensportdiscount.ch\/it\/wp-json\/wp\/v2\/types\/product"}],"replies":[{"embeddable":true,"href":"https:\/\/bogensportdiscount.ch\/it\/wp-json\/wp\/v2\/comments?post=393009"}],"wp:featuredmedia":[{"embeddable":true,"href":"https:\/\/bogensportdiscount.ch\/it\/wp-json\/wp\/v2\/media\/446315"}],"wp:attachment":[{"href":"https:\/\/bogensportdiscount.ch\/it\/wp-json\/wp\/v2\/media?parent=393009"}],"wp:term":[{"taxonomy":"product_brand","embeddable":true,"href":"https:\/\/bogensportdiscount.ch\/it\/wp-json\/wp\/v2\/product_brand?post=393009"},{"taxonomy":"product_cat","embeddable":true,"href":"https:\/\/bogensportdiscount.ch\/it\/wp-json\/wp\/v2\/product_cat?post=393009"},{"taxonomy":"product_tag","embeddable":true,"href":"https:\/\/bogensportdiscount.ch\/it\/wp-json\/wp\/v2\/product_tag?post=393009"}],"curies":[{"name":"wp","href":"https:\/\/api.w.org\/{rel}","templated":true}]}}