{"id":393002,"date":"2026-04-05T14:28:02","date_gmt":"2026-04-05T12:28:02","guid":{"rendered":"https:\/\/bogensportdiscount.ch\/produkt\/excalibur-mag-air-crossbow-set-black-w-fixed-power-scope\/"},"modified":"2026-04-19T11:42:30","modified_gmt":"2026-04-19T09:42:30","slug":"excalibur-recurve-armbrust-mag-air-set-schwarz-mit-zielfernrohr","status":"publish","type":"product","link":"https:\/\/bogensportdiscount.ch\/it\/prodotto\/excalibur-recurve-armbrust-mag-air-set-schwarz-mit-zielfernrohr\/","title":{"rendered":"EXCALIBUR MAG AIR CROSSBOW SET BLACK w\/ FIXED POWER ZIELFERNROHR"},"content":{"rendered":"<p>Die EXCALIBUR Mag Air ist eine Recurve-Armbrust aus dem Hause Excalibur, einem der bekanntesten Hersteller im Segment der Recurve-Armbr\u00fcste. Das Modell ist in Schwarz gehalten und zeichnet sich durch die typisch zuverl\u00e4ssige Bauweise aus, f\u00fcr die Excalibur bekannt ist.<\/p>\n<p>Das Set beinhaltet ein Zielfernrohr mit fixer Vergr\u00f6sserung, das direkt auf der Armbrust montiert ist. Damit ist das System schussbereit und eignet sich sowohl f\u00fcr Einsteiger als auch f\u00fcr erfahrene Sch\u00fctzen, die eine kompakte und wartungsarme Recurve-Armbrust suchen.<\/p>\n<ul>\n<li>Recurve-Armbrust-Bauweise f\u00fcr hohe Zuverl\u00e4ssigkeit<\/li>\n<li>Inklusive montiertem Zielfernrohr mit fixer Vergr\u00f6sserung<\/li>\n<li>Kompaktes Set \u2013 direkt einsatzbereit<\/li>\n<li>Versione in nero<\/li>\n<\/ul>","protected":false},"excerpt":{"rendered":"<p><strong>Marchio:<\/strong> Excalibur<br \/><strong>Colore:<\/strong> Nero<br \/><strong>FPS:<\/strong> 305<br \/><strong>GTIN:<\/strong> 626192744746<\/p>","protected":false},"featured_media":441958,"comment_status":"open","ping_status":"closed","template":"","meta":[],"product_brand":[804],"product_cat":[4203],"product_tag":[3546],"class_list":{"0":"post-393002","1":"product","2":"type-product","3":"status-publish","4":"has-post-thumbnail","6":"product_brand-excalibur","7":"product_cat-recurve-armbrueste-armbueste","8":"product_tag-neuheit","10":"first","11":"instock","12":"shipping-taxable","13":"purchasable","14":"product-type-simple"},"yoast_head":"<!-- This site is optimized with the Yoast SEO plugin v27.4 - https:\/\/yoast.com\/product\/yoast-seo-wordpress\/ -->\n<title>EXCALIBUR MAG AIR CROSSBOW SET BLACK w\/ FIXED POWER ZIELFERNROHR - Bogensportdiscount \u2013 B\u00f6gen, Pfeile, Targets &amp; Zubeh\u00f6r<\/title>\n<meta name=\"robots\" content=\"noindex, follow, max-snippet:-1, max-image-preview:large, max-video-preview:-1\" \/>\n<meta property=\"og:locale\" content=\"it_IT\" \/>\n<meta property=\"og:type\" content=\"article\" \/>\n<meta property=\"og:title\" content=\"EXCALIBUR MAG AIR CROSSBOW SET BLACK w\/ FIXED POWER ZIELFERNROHR - Bogensportdiscount \u2013 B\u00f6gen, Pfeile, Targets &amp; Zubeh\u00f6r\" \/>\n<meta property=\"og:description\" content=\"Marke: ExcaliburFarbe: SchwarzFPS: 305GTIN: 626192744746\" \/>\n<meta property=\"og:url\" content=\"https:\/\/bogensportdiscount.ch\/it\/prodotto\/excalibur-recurve-armbrust-mag-air-set-schwarz-mit-zielfernrohr\/\" \/>\n<meta property=\"og:site_name\" content=\"Bogensportdiscount \u2013 B\u00f6gen, Pfeile, Targets &amp; Zubeh\u00f6r\" \/>\n<meta property=\"article:modified_time\" content=\"2026-04-19T09:42:30+00:00\" \/>\n<meta property=\"og:image\" content=\"https:\/\/bogensportdiscount.ch\/wp-content\/uploads\/bsm-images\/A059919_1.png\" \/>\n\t<meta property=\"og:image:width\" content=\"5678\" \/>\n\t<meta property=\"og:image:height\" content=\"2609\" \/>\n\t<meta property=\"og:image:type\" content=\"image\/png\" \/>\n<meta name=\"twitter:card\" content=\"summary_large_image\" \/>\n<meta name=\"twitter:label1\" content=\"Est. reading time\" \/>\n\t<meta name=\"twitter:data1\" content=\"1 minuto\" \/>\n<script type=\"application\/ld+json\" class=\"yoast-schema-graph\">{\"@context\":\"https:\\\/\\\/schema.org\",\"@graph\":[{\"@type\":\"WebPage\",\"@id\":\"https:\\\/\\\/bogensportdiscount.ch\\\/it\\\/prodotto\\\/excalibur-recurve-armbrust-mag-air-set-schwarz-mit-zielfernrohr\\\/\",\"url\":\"https:\\\/\\\/bogensportdiscount.ch\\\/it\\\/prodotto\\\/excalibur-recurve-armbrust-mag-air-set-schwarz-mit-zielfernrohr\\\/\",\"name\":\"EXCALIBUR MAG AIR CROSSBOW SET BLACK w\\\/ FIXED POWER ZIELFERNROHR - Bogensportdiscount \u2013 B\u00f6gen, Pfeile, Targets &amp; Zubeh\u00f6r\",\"isPartOf\":{\"@id\":\"https:\\\/\\\/bogensportdiscount.ch\\\/#website\"},\"primaryImageOfPage\":{\"@id\":\"https:\\\/\\\/bogensportdiscount.ch\\\/it\\\/prodotto\\\/excalibur-recurve-armbrust-mag-air-set-schwarz-mit-zielfernrohr\\\/#primaryimage\"},\"image\":{\"@id\":\"https:\\\/\\\/bogensportdiscount.ch\\\/it\\\/prodotto\\\/excalibur-recurve-armbrust-mag-air-set-schwarz-mit-zielfernrohr\\\/#primaryimage\"},\"thumbnailUrl\":\"https:\\\/\\\/bogensportdiscount.ch\\\/wp-content\\\/uploads\\\/bsm-images\\\/A059919_1.png\",\"datePublished\":\"2026-04-05T12:28:02+00:00\",\"dateModified\":\"2026-04-19T09:42:30+00:00\",\"breadcrumb\":{\"@id\":\"https:\\\/\\\/bogensportdiscount.ch\\\/it\\\/prodotto\\\/excalibur-recurve-armbrust-mag-air-set-schwarz-mit-zielfernrohr\\\/#breadcrumb\"},\"inLanguage\":\"it-IT\",\"potentialAction\":[{\"@type\":\"ReadAction\",\"target\":[\"https:\\\/\\\/bogensportdiscount.ch\\\/it\\\/prodotto\\\/excalibur-recurve-armbrust-mag-air-set-schwarz-mit-zielfernrohr\\\/\"]}]},{\"@type\":\"ImageObject\",\"inLanguage\":\"it-IT\",\"@id\":\"https:\\\/\\\/bogensportdiscount.ch\\\/it\\\/prodotto\\\/excalibur-recurve-armbrust-mag-air-set-schwarz-mit-zielfernrohr\\\/#primaryimage\",\"url\":\"https:\\\/\\\/bogensportdiscount.ch\\\/wp-content\\\/uploads\\\/bsm-images\\\/A059919_1.png\",\"contentUrl\":\"https:\\\/\\\/bogensportdiscount.ch\\\/wp-content\\\/uploads\\\/bsm-images\\\/A059919_1.png\",\"width\":5678,\"height\":2609},{\"@type\":\"BreadcrumbList\",\"@id\":\"https:\\\/\\\/bogensportdiscount.ch\\\/it\\\/prodotto\\\/excalibur-recurve-armbrust-mag-air-set-schwarz-mit-zielfernrohr\\\/#breadcrumb\",\"itemListElement\":[{\"@type\":\"ListItem\",\"position\":1,\"name\":\"Home\",\"item\":\"https:\\\/\\\/bogensportdiscount.ch\\\/\"},{\"@type\":\"ListItem\",\"position\":2,\"name\":\"Shop\",\"item\":\"https:\\\/\\\/bogensportdiscount.ch\\\/shop\\\/\"},{\"@type\":\"ListItem\",\"position\":3,\"name\":\"EXCALIBUR MAG AIR CROSSBOW SET BLACK w\\\/ FIXED POWER ZIELFERNROHR\"}]},{\"@type\":\"WebSite\",\"@id\":\"https:\\\/\\\/bogensportdiscount.ch\\\/#website\",\"url\":\"https:\\\/\\\/bogensportdiscount.ch\\\/\",\"name\":\"Bogensportdiscount\",\"description\":\"\",\"potentialAction\":[{\"@type\":\"SearchAction\",\"target\":{\"@type\":\"EntryPoint\",\"urlTemplate\":\"https:\\\/\\\/bogensportdiscount.ch\\\/?s={search_term_string}\"},\"query-input\":{\"@type\":\"PropertyValueSpecification\",\"valueRequired\":true,\"valueName\":\"search_term_string\"}}],\"inLanguage\":\"it-IT\"}]}<\/script>\n<!-- \/ Yoast SEO plugin. -->","yoast_head_json":{"title":"EXCALIBUR MAG AIR CROSSBOW SET BLACK w\/ FIXED POWER ZIELFERNROHR - Bogensportdiscount \u2013 B\u00f6gen, Pfeile, Targets &amp; Zubeh\u00f6r","robots":{"index":"noindex","follow":"follow","max-snippet":"max-snippet:-1","max-image-preview":"max-image-preview:large","max-video-preview":"max-video-preview:-1"},"og_locale":"it_IT","og_type":"article","og_title":"EXCALIBUR MAG AIR CROSSBOW SET BLACK w\/ FIXED POWER ZIELFERNROHR - Bogensportdiscount \u2013 B\u00f6gen, Pfeile, Targets &amp; Zubeh\u00f6r","og_description":"Marke: ExcaliburFarbe: SchwarzFPS: 305GTIN: 626192744746","og_url":"https:\/\/bogensportdiscount.ch\/it\/prodotto\/excalibur-recurve-armbrust-mag-air-set-schwarz-mit-zielfernrohr\/","og_site_name":"Bogensportdiscount \u2013 B\u00f6gen, Pfeile, Targets &amp; Zubeh\u00f6r","article_modified_time":"2026-04-19T09:42:30+00:00","og_image":[{"url":"https:\/\/bogensportdiscount.ch\/wp-content\/uploads\/bsm-images\/A059919_1.png","width":5678,"height":2609,"type":"image\/png"}],"twitter_card":"summary_large_image","twitter_misc":{"Est. reading time":"1 minuto"},"schema":{"@context":"https:\/\/schema.org","@graph":[{"@type":"WebPage","@id":"https:\/\/bogensportdiscount.ch\/it\/prodotto\/excalibur-recurve-armbrust-mag-air-set-schwarz-mit-zielfernrohr\/","url":"https:\/\/bogensportdiscount.ch\/it\/prodotto\/excalibur-recurve-armbrust-mag-air-set-schwarz-mit-zielfernrohr\/","name":"EXCALIBUR MAG AIR CROSSBOW SET BLACK w\/ FIXED POWER ZIELFERNROHR - Bogensportdiscount \u2013 B\u00f6gen, Pfeile, Targets &amp; Zubeh\u00f6r","isPartOf":{"@id":"https:\/\/bogensportdiscount.ch\/#website"},"primaryImageOfPage":{"@id":"https:\/\/bogensportdiscount.ch\/it\/prodotto\/excalibur-recurve-armbrust-mag-air-set-schwarz-mit-zielfernrohr\/#primaryimage"},"image":{"@id":"https:\/\/bogensportdiscount.ch\/it\/prodotto\/excalibur-recurve-armbrust-mag-air-set-schwarz-mit-zielfernrohr\/#primaryimage"},"thumbnailUrl":"https:\/\/bogensportdiscount.ch\/wp-content\/uploads\/bsm-images\/A059919_1.png","datePublished":"2026-04-05T12:28:02+00:00","dateModified":"2026-04-19T09:42:30+00:00","breadcrumb":{"@id":"https:\/\/bogensportdiscount.ch\/it\/prodotto\/excalibur-recurve-armbrust-mag-air-set-schwarz-mit-zielfernrohr\/#breadcrumb"},"inLanguage":"it-IT","potentialAction":[{"@type":"ReadAction","target":["https:\/\/bogensportdiscount.ch\/it\/prodotto\/excalibur-recurve-armbrust-mag-air-set-schwarz-mit-zielfernrohr\/"]}]},{"@type":"ImageObject","inLanguage":"it-IT","@id":"https:\/\/bogensportdiscount.ch\/it\/prodotto\/excalibur-recurve-armbrust-mag-air-set-schwarz-mit-zielfernrohr\/#primaryimage","url":"https:\/\/bogensportdiscount.ch\/wp-content\/uploads\/bsm-images\/A059919_1.png","contentUrl":"https:\/\/bogensportdiscount.ch\/wp-content\/uploads\/bsm-images\/A059919_1.png","width":5678,"height":2609},{"@type":"BreadcrumbList","@id":"https:\/\/bogensportdiscount.ch\/it\/prodotto\/excalibur-recurve-armbrust-mag-air-set-schwarz-mit-zielfernrohr\/#breadcrumb","itemListElement":[{"@type":"ListItem","position":1,"name":"Home","item":"https:\/\/bogensportdiscount.ch\/"},{"@type":"ListItem","position":2,"name":"Shop","item":"https:\/\/bogensportdiscount.ch\/shop\/"},{"@type":"ListItem","position":3,"name":"EXCALIBUR MAG AIR CROSSBOW SET BLACK w\/ FIXED POWER ZIELFERNROHR"}]},{"@type":"WebSite","@id":"https:\/\/bogensportdiscount.ch\/#website","url":"https:\/\/bogensportdiscount.ch\/","name":"Bogensportdiscount","description":"","potentialAction":[{"@type":"SearchAction","target":{"@type":"EntryPoint","urlTemplate":"https:\/\/bogensportdiscount.ch\/?s={search_term_string}"},"query-input":{"@type":"PropertyValueSpecification","valueRequired":true,"valueName":"search_term_string"}}],"inLanguage":"it-IT"}]}},"_links":{"self":[{"href":"https:\/\/bogensportdiscount.ch\/it\/wp-json\/wp\/v2\/product\/393002","targetHints":{"allow":["GET"]}}],"collection":[{"href":"https:\/\/bogensportdiscount.ch\/it\/wp-json\/wp\/v2\/product"}],"about":[{"href":"https:\/\/bogensportdiscount.ch\/it\/wp-json\/wp\/v2\/types\/product"}],"replies":[{"embeddable":true,"href":"https:\/\/bogensportdiscount.ch\/it\/wp-json\/wp\/v2\/comments?post=393002"}],"wp:featuredmedia":[{"embeddable":true,"href":"https:\/\/bogensportdiscount.ch\/it\/wp-json\/wp\/v2\/media\/441958"}],"wp:attachment":[{"href":"https:\/\/bogensportdiscount.ch\/it\/wp-json\/wp\/v2\/media?parent=393002"}],"wp:term":[{"taxonomy":"product_brand","embeddable":true,"href":"https:\/\/bogensportdiscount.ch\/it\/wp-json\/wp\/v2\/product_brand?post=393002"},{"taxonomy":"product_cat","embeddable":true,"href":"https:\/\/bogensportdiscount.ch\/it\/wp-json\/wp\/v2\/product_cat?post=393002"},{"taxonomy":"product_tag","embeddable":true,"href":"https:\/\/bogensportdiscount.ch\/it\/wp-json\/wp\/v2\/product_tag?post=393002"}],"curies":[{"name":"wp","href":"https:\/\/api.w.org\/{rel}","templated":true}]}}