{"id":392996,"date":"2026-04-05T14:28:01","date_gmt":"2026-04-05T12:28:01","guid":{"rendered":"https:\/\/bogensportdiscount.ch\/produkt\/doinker-tungsten-weight-system-7-0oz-1-4-20-thread-and-screw-pack-black\/"},"modified":"2026-04-20T12:48:27","modified_gmt":"2026-04-20T10:48:27","slug":"doinker-tungsten-gewichtssystem-7oz-1-4-20-gewinde-schraubenset-schwarz","status":"publish","type":"product","link":"https:\/\/bogensportdiscount.ch\/it\/prodotto\/doinker-tungsten-gewichtssystem-7oz-1-4-20-gewinde-schraubenset-schwarz\/","title":{"rendered":"DOINKER TUNGSTEN WEIGHT SYSTEM 7.0 oz - 1\/4-20 THREAD AND SCREW PACK NERO"},"content":{"rendered":"<p>Il sistema di pesi in tungsteno DOINKER \u00e8 un set di accessori per arcieri che desiderano regolare con precisione il peso del proprio sistema di stabilizzazione. Con un peso totale di 7.0oz (ca. 198g), questo set \u00e8 ideale per la messa a punto fine dell'equilibrio e dell'attenuazione delle vibrazioni dell'arco.<\/p>\n<p>Il tungsteno come materiale offre una densit\u00e0 notevolmente superiore rispetto ai tradizionali pesi in acciaio o alluminio, consentendo una costruzione pi\u00f9 compatta a parit\u00e0 di peso. Il set \u00e8 compatibile con il diffusissimo filetto 1\/4-20 e include tutte le viti necessarie per il montaggio.<\/p>\n<ul>\n<li>Materiale: Tungsteno per elevata densit\u00e0<\/li>\n<li>Peso: 7.0oz<\/li>\n<li>Filetto: 1\/4-20 \u2013 compatibile con la maggior parte dei sistemi di stabilizzazione<\/li>\n<li>Colore: Nero<\/li>\n<\/ul>","protected":false},"excerpt":{"rendered":"<p><strong>Marchio:<\/strong> Doinker<br \/><strong>Colore:<\/strong> Nero<br \/><strong>Tipo:<\/strong> Disk weight<br \/><strong>Materiale:<\/strong> Tungsteno<br \/><strong>GTIN:<\/strong> 655468920218<\/p>","protected":false},"featured_media":453631,"comment_status":"open","ping_status":"closed","template":"","meta":[],"product_brand":[785],"product_cat":[4199],"product_tag":[3546],"class_list":{"0":"post-392996","1":"product","2":"type-product","3":"status-publish","4":"has-post-thumbnail","6":"product_brand-doinker","7":"product_cat-gewichte-stabilisation","8":"product_tag-neuheit","10":"first","11":"instock","12":"shipping-taxable","13":"purchasable","14":"product-type-simple"},"yoast_head":"<!-- This site is optimized with the Yoast SEO plugin v27.4 - https:\/\/yoast.com\/product\/yoast-seo-wordpress\/ -->\n<title>DOINKER TUNGSTEN WEIGHT SYSTEM 7,0 oz - PACCHETTO VITI E FILETTATURA 1\/4-20 NERO - Bogensportdiscount \u2013 Archi, frecce, bersagli e accessori<\/title>\n<meta name=\"description\" content=\"DOINKER TUNGSTEN WEIGHT SYSTEM 7,0 oz - PACCHETTO CON FILETTATURA 1\/4-20 E VITI NERO: acquista a un prezzo conveniente su Bogensportdiscount \u2013 Le migliori marche, spedizione veloce dalla Svizzera.\" \/>\n<meta name=\"robots\" content=\"noindex, follow, max-snippet:-1, max-image-preview:large, max-video-preview:-1\" \/>\n<meta property=\"og:locale\" content=\"it_IT\" \/>\n<meta property=\"og:type\" content=\"article\" \/>\n<meta property=\"og:title\" content=\"DOINKER TUNGSTEN WEIGHT SYSTEM 7,0 oz - PACCHETTO VITI E FILETTATURA 1\/4-20 NERO - Bogensportdiscount \u2013 Archi, frecce, bersagli e accessori\" \/>\n<meta property=\"og:description\" content=\"DOINKER TUNGSTEN WEIGHT SYSTEM 7,0 oz - PACCHETTO CON FILETTATURA 1\/4-20 E VITI NERO: acquista a un prezzo conveniente su Bogensportdiscount \u2013 Le migliori marche, spedizione veloce dalla Svizzera.\" \/>\n<meta property=\"og:url\" content=\"https:\/\/bogensportdiscount.ch\/it\/prodotto\/doinker-tungsten-gewichtssystem-7oz-1-4-20-gewinde-schraubenset-schwarz\/\" \/>\n<meta property=\"og:site_name\" content=\"Bogensportdiscount \u2013 B\u00f6gen, Pfeile, Targets &amp; Zubeh\u00f6r\" \/>\n<meta property=\"article:modified_time\" content=\"2026-04-20T10:48:27+00:00\" \/>\n<meta property=\"og:image\" content=\"https:\/\/bogensportdiscount.ch\/wp-content\/uploads\/bsm-images\/A059087_1.png\" \/>\n\t<meta property=\"og:image:width\" content=\"1280\" \/>\n\t<meta property=\"og:image:height\" content=\"1148\" \/>\n\t<meta property=\"og:image:type\" content=\"image\/png\" \/>\n<meta name=\"twitter:card\" content=\"summary_large_image\" \/>\n<meta name=\"twitter:label1\" content=\"Tempo di lettura stimato\" \/>\n\t<meta name=\"twitter:data1\" content=\"1 minuto\" \/>\n<script type=\"application\/ld+json\" class=\"yoast-schema-graph\">{\"@context\":\"https:\\\/\\\/schema.org\",\"@graph\":[{\"@type\":\"WebPage\",\"@id\":\"https:\\\/\\\/bogensportdiscount.ch\\\/it\\\/prodotto\\\/doinker-tungsten-gewichtssystem-7oz-1-4-20-gewinde-schraubenset-schwarz\\\/\",\"url\":\"https:\\\/\\\/bogensportdiscount.ch\\\/it\\\/prodotto\\\/doinker-tungsten-gewichtssystem-7oz-1-4-20-gewinde-schraubenset-schwarz\\\/\",\"name\":\"DOINKER TUNGSTEN WEIGHT SYSTEM 7.0oz - 1\\\/4-20 THREAD AND SCREW PACK BLACK - Bogensportdiscount \u2013 B\u00f6gen, Pfeile, Targets &amp; Zubeh\u00f6r\",\"isPartOf\":{\"@id\":\"https:\\\/\\\/bogensportdiscount.ch\\\/#website\"},\"primaryImageOfPage\":{\"@id\":\"https:\\\/\\\/bogensportdiscount.ch\\\/it\\\/prodotto\\\/doinker-tungsten-gewichtssystem-7oz-1-4-20-gewinde-schraubenset-schwarz\\\/#primaryimage\"},\"image\":{\"@id\":\"https:\\\/\\\/bogensportdiscount.ch\\\/it\\\/prodotto\\\/doinker-tungsten-gewichtssystem-7oz-1-4-20-gewinde-schraubenset-schwarz\\\/#primaryimage\"},\"thumbnailUrl\":\"https:\\\/\\\/bogensportdiscount.ch\\\/wp-content\\\/uploads\\\/2026\\\/04\\\/bogensportdiscount.ch-pfeile-boegen-zubehoer-fuer-anfaenger-und-profis-zum-besten-preis-Symbolbild-kein-foto-zu-diesem-artikel_01.jpg\",\"datePublished\":\"2026-04-05T12:28:01+00:00\",\"dateModified\":\"2026-04-20T10:48:27+00:00\",\"description\":\"DOINKER TUNGSTEN WEIGHT SYSTEM 7.0oz - 1\\\/4-20 THREAD AND SCREW PACK BLACK g\u00fcnstig kaufen bei Bogensportdiscount \u2013 Top-Marken, schneller Versand aus der Schweiz.\",\"breadcrumb\":{\"@id\":\"https:\\\/\\\/bogensportdiscount.ch\\\/it\\\/prodotto\\\/doinker-tungsten-gewichtssystem-7oz-1-4-20-gewinde-schraubenset-schwarz\\\/#breadcrumb\"},\"inLanguage\":\"it-IT\",\"potentialAction\":[{\"@type\":\"ReadAction\",\"target\":[\"https:\\\/\\\/bogensportdiscount.ch\\\/it\\\/prodotto\\\/doinker-tungsten-gewichtssystem-7oz-1-4-20-gewinde-schraubenset-schwarz\\\/\"]}]},{\"@type\":\"ImageObject\",\"inLanguage\":\"it-IT\",\"@id\":\"https:\\\/\\\/bogensportdiscount.ch\\\/it\\\/prodotto\\\/doinker-tungsten-gewichtssystem-7oz-1-4-20-gewinde-schraubenset-schwarz\\\/#primaryimage\",\"url\":\"https:\\\/\\\/bogensportdiscount.ch\\\/wp-content\\\/uploads\\\/2026\\\/04\\\/bogensportdiscount.ch-pfeile-boegen-zubehoer-fuer-anfaenger-und-profis-zum-besten-preis-Symbolbild-kein-foto-zu-diesem-artikel_01.jpg\",\"contentUrl\":\"https:\\\/\\\/bogensportdiscount.ch\\\/wp-content\\\/uploads\\\/2026\\\/04\\\/bogensportdiscount.ch-pfeile-boegen-zubehoer-fuer-anfaenger-und-profis-zum-besten-preis-Symbolbild-kein-foto-zu-diesem-artikel_01.jpg\",\"width\":1080,\"height\":1080},{\"@type\":\"BreadcrumbList\",\"@id\":\"https:\\\/\\\/bogensportdiscount.ch\\\/it\\\/prodotto\\\/doinker-tungsten-gewichtssystem-7oz-1-4-20-gewinde-schraubenset-schwarz\\\/#breadcrumb\",\"itemListElement\":[{\"@type\":\"ListItem\",\"position\":1,\"name\":\"Home\",\"item\":\"https:\\\/\\\/bogensportdiscount.ch\\\/\"},{\"@type\":\"ListItem\",\"position\":2,\"name\":\"Shop\",\"item\":\"https:\\\/\\\/bogensportdiscount.ch\\\/shop\\\/\"},{\"@type\":\"ListItem\",\"position\":3,\"name\":\"DOINKER TUNGSTEN WEIGHT SYSTEM 7.0oz &#8211; 1\\\/4-20 THREAD AND SCREW PACK BLACK\"}]},{\"@type\":\"WebSite\",\"@id\":\"https:\\\/\\\/bogensportdiscount.ch\\\/#website\",\"url\":\"https:\\\/\\\/bogensportdiscount.ch\\\/\",\"name\":\"Bogensportdiscount\",\"description\":\"\",\"potentialAction\":[{\"@type\":\"SearchAction\",\"target\":{\"@type\":\"EntryPoint\",\"urlTemplate\":\"https:\\\/\\\/bogensportdiscount.ch\\\/?s={search_term_string}\"},\"query-input\":{\"@type\":\"PropertyValueSpecification\",\"valueRequired\":true,\"valueName\":\"search_term_string\"}}],\"inLanguage\":\"it-IT\"}]}<\/script>\n<!-- \/ Yoast SEO plugin. -->","yoast_head_json":{"title":"DOINKER TUNGSTEN WEIGHT SYSTEM 7,0 oz - PACCHETTO VITI E FILETTATURA 1\/4-20 NERO - Bogensportdiscount \u2013 Archi, frecce, bersagli e accessori","description":"DOINKER TUNGSTEN WEIGHT SYSTEM 7,0 oz - PACCHETTO CON FILETTATURA 1\/4-20 E VITI NERO: acquista a un prezzo conveniente su Bogensportdiscount \u2013 Le migliori marche, spedizione veloce dalla Svizzera.","robots":{"index":"noindex","follow":"follow","max-snippet":"max-snippet:-1","max-image-preview":"max-image-preview:large","max-video-preview":"max-video-preview:-1"},"og_locale":"it_IT","og_type":"article","og_title":"DOINKER TUNGSTEN WEIGHT SYSTEM 7,0 oz - PACCHETTO VITI E FILETTATURA 1\/4-20 NERO - Bogensportdiscount \u2013 Archi, frecce, bersagli e accessori","og_description":"DOINKER TUNGSTEN WEIGHT SYSTEM 7,0 oz - PACCHETTO CON FILETTATURA 1\/4-20 E VITI NERO: acquista a un prezzo conveniente su Bogensportdiscount \u2013 Le migliori marche, spedizione veloce dalla Svizzera.","og_url":"https:\/\/bogensportdiscount.ch\/it\/prodotto\/doinker-tungsten-gewichtssystem-7oz-1-4-20-gewinde-schraubenset-schwarz\/","og_site_name":"Bogensportdiscount \u2013 B\u00f6gen, Pfeile, Targets &amp; Zubeh\u00f6r","article_modified_time":"2026-04-20T10:48:27+00:00","og_image":[{"width":1280,"height":1148,"url":"https:\/\/bogensportdiscount.ch\/wp-content\/uploads\/bsm-images\/A059087_1.png","type":"image\/png"}],"twitter_card":"summary_large_image","twitter_misc":{"Tempo di lettura stimato":"1 minuto"},"schema":{"@context":"https:\/\/schema.org","@graph":[{"@type":"WebPage","@id":"https:\/\/bogensportdiscount.ch\/it\/prodotto\/doinker-tungsten-gewichtssystem-7oz-1-4-20-gewinde-schraubenset-schwarz\/","url":"https:\/\/bogensportdiscount.ch\/it\/prodotto\/doinker-tungsten-gewichtssystem-7oz-1-4-20-gewinde-schraubenset-schwarz\/","name":"DOINKER TUNGSTEN WEIGHT SYSTEM 7,0 oz - PACCHETTO VITI E FILETTATURA 1\/4-20 NERO - Bogensportdiscount \u2013 Archi, frecce, bersagli e accessori","isPartOf":{"@id":"https:\/\/bogensportdiscount.ch\/#website"},"primaryImageOfPage":{"@id":"https:\/\/bogensportdiscount.ch\/it\/prodotto\/doinker-tungsten-gewichtssystem-7oz-1-4-20-gewinde-schraubenset-schwarz\/#primaryimage"},"image":{"@id":"https:\/\/bogensportdiscount.ch\/it\/prodotto\/doinker-tungsten-gewichtssystem-7oz-1-4-20-gewinde-schraubenset-schwarz\/#primaryimage"},"thumbnailUrl":"https:\/\/bogensportdiscount.ch\/wp-content\/uploads\/2026\/04\/bogensportdiscount.ch-pfeile-boegen-zubehoer-fuer-anfaenger-und-profis-zum-besten-preis-Symbolbild-kein-foto-zu-diesem-artikel_01.jpg","datePublished":"2026-04-05T12:28:01+00:00","dateModified":"2026-04-20T10:48:27+00:00","description":"DOINKER TUNGSTEN WEIGHT SYSTEM 7,0 oz - PACCHETTO CON FILETTATURA 1\/4-20 E VITI NERO: acquista a un prezzo conveniente su Bogensportdiscount \u2013 Le migliori marche, spedizione veloce dalla Svizzera.","breadcrumb":{"@id":"https:\/\/bogensportdiscount.ch\/it\/prodotto\/doinker-tungsten-gewichtssystem-7oz-1-4-20-gewinde-schraubenset-schwarz\/#breadcrumb"},"inLanguage":"it-IT","potentialAction":[{"@type":"ReadAction","target":["https:\/\/bogensportdiscount.ch\/it\/prodotto\/doinker-tungsten-gewichtssystem-7oz-1-4-20-gewinde-schraubenset-schwarz\/"]}]},{"@type":"ImageObject","inLanguage":"it-IT","@id":"https:\/\/bogensportdiscount.ch\/it\/prodotto\/doinker-tungsten-gewichtssystem-7oz-1-4-20-gewinde-schraubenset-schwarz\/#primaryimage","url":"https:\/\/bogensportdiscount.ch\/wp-content\/uploads\/2026\/04\/bogensportdiscount.ch-pfeile-boegen-zubehoer-fuer-anfaenger-und-profis-zum-besten-preis-Symbolbild-kein-foto-zu-diesem-artikel_01.jpg","contentUrl":"https:\/\/bogensportdiscount.ch\/wp-content\/uploads\/2026\/04\/bogensportdiscount.ch-pfeile-boegen-zubehoer-fuer-anfaenger-und-profis-zum-besten-preis-Symbolbild-kein-foto-zu-diesem-artikel_01.jpg","width":1080,"height":1080},{"@type":"BreadcrumbList","@id":"https:\/\/bogensportdiscount.ch\/it\/prodotto\/doinker-tungsten-gewichtssystem-7oz-1-4-20-gewinde-schraubenset-schwarz\/#breadcrumb","itemListElement":[{"@type":"ListItem","position":1,"name":"Home","item":"https:\/\/bogensportdiscount.ch\/"},{"@type":"ListItem","position":2,"name":"Shop","item":"https:\/\/bogensportdiscount.ch\/shop\/"},{"@type":"ListItem","position":3,"name":"DOINKER TUNGSTEN WEIGHT SYSTEM 7.0oz &#8211; 1\/4-20 THREAD AND SCREW PACK BLACK"}]},{"@type":"WebSite","@id":"https:\/\/bogensportdiscount.ch\/#website","url":"https:\/\/bogensportdiscount.ch\/","name":"Bogensportdiscount","description":"","potentialAction":[{"@type":"SearchAction","target":{"@type":"EntryPoint","urlTemplate":"https:\/\/bogensportdiscount.ch\/?s={search_term_string}"},"query-input":{"@type":"PropertyValueSpecification","valueRequired":true,"valueName":"search_term_string"}}],"inLanguage":"it-IT"}]}},"_links":{"self":[{"href":"https:\/\/bogensportdiscount.ch\/it\/wp-json\/wp\/v2\/product\/392996","targetHints":{"allow":["GET"]}}],"collection":[{"href":"https:\/\/bogensportdiscount.ch\/it\/wp-json\/wp\/v2\/product"}],"about":[{"href":"https:\/\/bogensportdiscount.ch\/it\/wp-json\/wp\/v2\/types\/product"}],"replies":[{"embeddable":true,"href":"https:\/\/bogensportdiscount.ch\/it\/wp-json\/wp\/v2\/comments?post=392996"}],"wp:featuredmedia":[{"embeddable":true,"href":"https:\/\/bogensportdiscount.ch\/it\/wp-json\/wp\/v2\/media\/453631"}],"wp:attachment":[{"href":"https:\/\/bogensportdiscount.ch\/it\/wp-json\/wp\/v2\/media?parent=392996"}],"wp:term":[{"taxonomy":"product_brand","embeddable":true,"href":"https:\/\/bogensportdiscount.ch\/it\/wp-json\/wp\/v2\/product_brand?post=392996"},{"taxonomy":"product_cat","embeddable":true,"href":"https:\/\/bogensportdiscount.ch\/it\/wp-json\/wp\/v2\/product_cat?post=392996"},{"taxonomy":"product_tag","embeddable":true,"href":"https:\/\/bogensportdiscount.ch\/it\/wp-json\/wp\/v2\/product_tag?post=392996"}],"curies":[{"name":"wp","href":"https:\/\/api.w.org\/{rel}","templated":true}]}}