{"id":392995,"date":"2026-04-05T14:28:01","date_gmt":"2026-04-05T12:28:01","guid":{"rendered":"https:\/\/bogensportdiscount.ch\/produkt\/doinker-target-stabilizers-mono-carbon-storm-ultra-hi-mod-21-14-2oz\/"},"modified":"2026-04-15T12:15:10","modified_gmt":"2026-04-15T10:15:10","slug":"doinker-langstabilisator-mono-carbon-storm-ultra-hi-mod-21-zoll","status":"publish","type":"product","link":"https:\/\/bogensportdiscount.ch\/it\/prodotto\/doinker-langstabilisator-mono-carbon-storm-ultra-hi-mod-21-zoll\/","title":{"rendered":"DOINKER TARGET STABILIZZATORI MONO CARBON STORM ULTRA HI-MOD 21\u2033 14,2 oz."},"content":{"rendered":"<p>Der Doinker Mono Carbon Storm Ultra Hi-Mod Langstabilisator wurde f\u00fcr den Einsatz im Targetbogensport entwickelt. Die Monocoque-Carbonstruktur aus High-Modulus-Kohlefaser sorgt f\u00fcr eine hohe Steifigkeit bei gleichzeitig geringem Gewicht, was die Stabilit\u00e4t des Bogens w\u00e4hrend des Schusses verbessert.<\/p>\n<p>Mit einer L\u00e4nge von 21 Zoll (ca. 53 cm) und einem Gewicht von 14.2 oz (ca. 403 g) ist dieser Stabilisator auf Bogensch\u00fctzen ausgelegt, die gezielt Gewicht und Ausgewogenheit ihres Setups abstimmen m\u00f6chten.<\/p>\n<ul>\n<li>L\u00e4nge: 21 Zoll<\/li>\n<li>Gewicht: 14.2 oz<\/li>\n<li>Material: Mono Carbon Hi-Mod (High-Modulus-Kohlefaser)<\/li>\n<li>Einsatzbereich: Target\/Scheibenbogensport<\/li>\n<\/ul>","protected":false},"excerpt":{"rendered":"<p><strong>Marchio:<\/strong> Doinker<br \/><strong>Gr\u00f6\u00dfen:<\/strong> 21&quot;<br \/><strong>GTIN:<\/strong> 655468920331<\/p>","protected":false},"featured_media":441961,"comment_status":"open","ping_status":"closed","template":"","meta":[],"product_brand":[785],"product_cat":[4628],"product_tag":[3546],"class_list":{"0":"post-392995","1":"product","2":"type-product","3":"status-publish","4":"has-post-thumbnail","6":"product_brand-doinker","7":"product_cat-lange-stabilizer","8":"product_tag-neuheit","10":"first","11":"instock","12":"shipping-taxable","13":"purchasable","14":"product-type-simple"},"_links":{"self":[{"href":"https:\/\/bogensportdiscount.ch\/it\/wp-json\/wp\/v2\/product\/392995","targetHints":{"allow":["GET"]}}],"collection":[{"href":"https:\/\/bogensportdiscount.ch\/it\/wp-json\/wp\/v2\/product"}],"about":[{"href":"https:\/\/bogensportdiscount.ch\/it\/wp-json\/wp\/v2\/types\/product"}],"replies":[{"embeddable":true,"href":"https:\/\/bogensportdiscount.ch\/it\/wp-json\/wp\/v2\/comments?post=392995"}],"wp:featuredmedia":[{"embeddable":true,"href":"https:\/\/bogensportdiscount.ch\/it\/wp-json\/wp\/v2\/media\/441961"}],"wp:attachment":[{"href":"https:\/\/bogensportdiscount.ch\/it\/wp-json\/wp\/v2\/media?parent=392995"}],"wp:term":[{"taxonomy":"product_brand","embeddable":true,"href":"https:\/\/bogensportdiscount.ch\/it\/wp-json\/wp\/v2\/product_brand?post=392995"},{"taxonomy":"product_cat","embeddable":true,"href":"https:\/\/bogensportdiscount.ch\/it\/wp-json\/wp\/v2\/product_cat?post=392995"},{"taxonomy":"product_tag","embeddable":true,"href":"https:\/\/bogensportdiscount.ch\/it\/wp-json\/wp\/v2\/product_tag?post=392995"}],"curies":[{"name":"wp","href":"https:\/\/api.w.org\/{rel}","templated":true}]}}