{"id":392987,"date":"2026-04-05T14:27:59","date_gmt":"2026-04-05T12:27:59","guid":{"rendered":"https:\/\/bogensportdiscount.ch\/produkt\/mkarchery-mk-limbs-carbon-wood-l3-ilf-2570-38-lbs-2772-36-lbs\/"},"modified":"2026-04-15T12:15:10","modified_gmt":"2026-04-15T10:15:10","slug":"mkarchery-recurve-wurfarme-mk-limbs-carbon-wood-l3-ilf-25-70-38lbs","status":"publish","type":"product","link":"https:\/\/bogensportdiscount.ch\/it\/prodotto\/mkarchery-recurve-wurfarme-mk-limbs-carbon-wood-l3-ilf-25-70-38lbs\/","title":{"rendered":"MKARCHERY MK LIMBS CARBONIO\/LEGNO L3 ILF 25\u203370-38 LBS 27\u203372-36 LBS"},"content":{"rendered":"<p>Die MKARCHERY MK Limbs Carbon\/Wood L3 sind Recurve-Wurfarme in Long-Ausf\u00fchrung mit ILF-Anschluss. Die Kombination aus Carbon und Holz erm\u00f6glicht eine solide Energiespeicherung bei angenehmer Schussdynamik. Der ILF-Standard (International Limb Fitting) gew\u00e4hrleistet Kompatibilit\u00e4t mit einer Vielzahl von Recurve-Griffen.<\/p>\n<p>Die Wurfarme sind in zwei Konfigurationen erh\u00e4ltlich: Bei einem 25&#8243;-Griff ergibt sich eine Gesamtbogenl\u00e4nge von 70&#8243; bei 38 lbs Zuggewicht; bei einem 27&#8243;-Griff eine Gesamtl\u00e4nge von 72&#8243; bei 36 lbs. Dies erm\u00f6glicht eine flexible Anpassung an unterschiedliche Griffl\u00e4ngen und Schiessstile.<\/p>\n<ul>\n<li>Carbon\/Holz-Konstruktion f\u00fcr ausgewogenes Schussverhalten<\/li>\n<li>ILF-Anschluss f\u00fcr breite Griffkompatibilit\u00e4t<\/li>\n<li>Long-Ausf\u00fchrung (L3) f\u00fcr l\u00e4ngere Bogenl\u00e4ngen<\/li>\n<li>Hergestellt in S\u00fcdkorea<\/li>\n<\/ul>","protected":false},"excerpt":{"rendered":"<table>\n<tr>\n<th>Propriet\u00e0<\/th>\n<th>Valore<\/th>\n<\/tr>\n<tr>\n<td>Marchio<\/td>\n<td>MK Archery<\/td>\n<\/tr>\n<tr>\n<td>Materiale<\/td>\n<td>Carbon\/Holz<\/td>\n<\/tr>\n<tr>\n<td>Dimensione<\/td>\n<td>Long (L3)<\/td>\n<\/tr>\n<tr>\n<td>Lunghezza<\/td>\n<td>25&#8243; \/ 70&#8243; bzw. 27&#8243; \/ 72&#8243;<\/td>\n<\/tr>\n<tr>\n<td>Peso del treno<\/td>\n<td>38 lbs (bei 25&#8243;) \/ 36 lbs (bei 27&#8243;)<\/td>\n<\/tr>\n<tr>\n<td>Pocket Fitting<\/td>\n<td>ILF<\/td>\n<\/tr>\n<tr>\n<td>Origine<\/td>\n<td>S\u00fcdkorea<\/td>\n<\/tr>\n<\/table>","protected":false},"featured_media":441973,"comment_status":"open","ping_status":"closed","template":"","meta":[],"product_brand":[500],"product_cat":[4520],"product_tag":[3546],"class_list":{"0":"post-392987","1":"product","2":"type-product","3":"status-publish","4":"has-post-thumbnail","6":"product_brand-mkarchery","7":"product_cat-recurve-wurfarme-recurve-boegen","8":"product_tag-neuheit","10":"first","11":"instock","12":"shipping-taxable","13":"purchasable","14":"product-type-simple"},"_links":{"self":[{"href":"https:\/\/bogensportdiscount.ch\/it\/wp-json\/wp\/v2\/product\/392987","targetHints":{"allow":["GET"]}}],"collection":[{"href":"https:\/\/bogensportdiscount.ch\/it\/wp-json\/wp\/v2\/product"}],"about":[{"href":"https:\/\/bogensportdiscount.ch\/it\/wp-json\/wp\/v2\/types\/product"}],"replies":[{"embeddable":true,"href":"https:\/\/bogensportdiscount.ch\/it\/wp-json\/wp\/v2\/comments?post=392987"}],"wp:featuredmedia":[{"embeddable":true,"href":"https:\/\/bogensportdiscount.ch\/it\/wp-json\/wp\/v2\/media\/441973"}],"wp:attachment":[{"href":"https:\/\/bogensportdiscount.ch\/it\/wp-json\/wp\/v2\/media?parent=392987"}],"wp:term":[{"taxonomy":"product_brand","embeddable":true,"href":"https:\/\/bogensportdiscount.ch\/it\/wp-json\/wp\/v2\/product_brand?post=392987"},{"taxonomy":"product_cat","embeddable":true,"href":"https:\/\/bogensportdiscount.ch\/it\/wp-json\/wp\/v2\/product_cat?post=392987"},{"taxonomy":"product_tag","embeddable":true,"href":"https:\/\/bogensportdiscount.ch\/it\/wp-json\/wp\/v2\/product_tag?post=392987"}],"curies":[{"name":"wp","href":"https:\/\/api.w.org\/{rel}","templated":true}]}}