{"id":392986,"date":"2026-04-05T14:27:59","date_gmt":"2026-04-05T12:27:59","guid":{"rendered":"https:\/\/bogensportdiscount.ch\/produkt\/maximal-crossbow-case-soft-maximal-compact-with-pockets-black\/"},"modified":"2026-05-14T07:13:47","modified_gmt":"2026-05-14T05:13:47","slug":"maximal-armbrust-tasche-soft-compact-schwarz","status":"publish","type":"product","link":"https:\/\/bogensportdiscount.ch\/it\/prodotto\/maximal-armbrust-tasche-soft-compact-schwarz\/","title":{"rendered":"MAXIMAL ARMBRUST KOFFER SOFT MAXIMAL COMPACT MIT TASCHEN SCHWARZ"},"content":{"rendered":"<p>La borsa morbida MAXIMAL Soft Compact per balestra \u00e8 una borsa protettiva morbida per il trasporto semplice di balestre compatte. Grazie alla struttura compatta, \u00e8 facile da riporre e trasportare.<\/p>\n<p>Le tasche esterne integrate consentono di portare comodamente accessori come frecce, tenditori o materiale di manutenzione. Il design sobrio in nero rende la borsa versatile.<\/p>\n<ul>\n<li>Borsa protettiva morbida per balestre compatte<\/li>\n<li>Tasche esterne aggiuntive per accessori<\/li>\n<li>Forma compatta per un trasporto semplice<\/li>\n<li>Colore: Nero<\/li>\n<\/ul>","protected":false},"excerpt":{"rendered":"<table>\n<tr>\n<th>Propriet\u00e0<\/th>\n<th>Valore<\/th>\n<\/tr>\n<tr>\n<td>Marca<\/td>\n<td>Maximal<\/td>\n<\/tr>\n<tr>\n<td>Colore<\/td>\n<td>Nero<\/td>\n<\/tr>\n<tr>\n<td>Paese di origine<\/td>\n<td>Cina<\/td>\n<\/tr>\n<tr>\n<td>GTIN<\/td>\n<td>6426014534579<\/td>\n<\/tr>\n<\/table>","protected":false},"featured_media":441968,"comment_status":"open","ping_status":"closed","template":"","meta":[],"product_brand":[780],"product_cat":[4135,4373,27449],"product_tag":[3546],"class_list":{"0":"post-392986","1":"product","2":"type-product","3":"status-publish","4":"has-post-thumbnail","6":"product_brand-maximal","7":"product_cat-armbrust-zubehoer","8":"product_cat-armbrueste-taschen","9":"product_cat-taschen-koffer-armbrust-zubehoer-2","10":"product_tag-neuheit","11":"product_shipping_class-bsd-standard","13":"first","14":"instock","15":"shipping-taxable","16":"purchasable","17":"product-type-simple"},"yoast_head":"<!-- This site is optimized with the Yoast SEO plugin v27.6 - https:\/\/yoast.com\/product\/yoast-seo-wordpress\/ -->\n<title>MAXIMAL ARMBRUST KOFFER SOFT MAXIMAL COMPACT MIT TASCHEN SCHWARZ - Bogensportdiscount \u2013 B\u00f6gen, Pfeile, Targets &amp; Zubeh\u00f6r<\/title>\n<meta name=\"description\" content=\"MAXIMAL ARMBRUST KOFFER SOFT MAXIMAL COMPACT MIT TASCHEN SCHWARZ g\u00fcnstig kaufen bei Bogensportdiscount \u2013 Top-Marken, schneller Versand aus der Schweiz.\" \/>\n<meta name=\"robots\" content=\"index, follow, max-snippet:-1, max-image-preview:large, max-video-preview:-1\" \/>\n<link rel=\"canonical\" href=\"https:\/\/bogensportdiscount.ch\/it\/prodotto\/maximal-armbrust-tasche-soft-compact-schwarz\/\" \/>\n<meta property=\"og:locale\" content=\"it_IT\" \/>\n<meta property=\"og:type\" content=\"article\" \/>\n<meta property=\"og:title\" content=\"MAXIMAL ARMBRUST KOFFER SOFT MAXIMAL COMPACT MIT TASCHEN SCHWARZ - Bogensportdiscount \u2013 B\u00f6gen, Pfeile, Targets &amp; Zubeh\u00f6r\" \/>\n<meta property=\"og:description\" content=\"MAXIMAL ARMBRUST KOFFER SOFT MAXIMAL COMPACT MIT TASCHEN SCHWARZ g\u00fcnstig kaufen bei Bogensportdiscount \u2013 Top-Marken, schneller Versand aus der Schweiz.\" \/>\n<meta property=\"og:url\" content=\"https:\/\/bogensportdiscount.ch\/it\/prodotto\/maximal-armbrust-tasche-soft-compact-schwarz\/\" \/>\n<meta property=\"og:site_name\" content=\"Bogensportdiscount \u2013 B\u00f6gen, Pfeile, Targets &amp; Zubeh\u00f6r\" \/>\n<meta property=\"article:modified_time\" content=\"2026-05-14T05:13:47+00:00\" \/>\n<meta property=\"og:image\" content=\"https:\/\/bogensportdiscount.ch\/wp-content\/uploads\/bsm-images\/A057804_1.png\" \/>\n\t<meta property=\"og:image:width\" content=\"4944\" \/>\n\t<meta property=\"og:image:height\" content=\"3746\" \/>\n\t<meta property=\"og:image:type\" content=\"image\/png\" \/>\n<meta name=\"twitter:card\" content=\"summary_large_image\" \/>\n<script type=\"application\/ld+json\" class=\"yoast-schema-graph\">{\"@context\":\"https:\\\/\\\/schema.org\",\"@graph\":[{\"@type\":\"WebPage\",\"@id\":\"https:\\\/\\\/bogensportdiscount.ch\\\/produkt\\\/maximal-armbrust-tasche-soft-compact-schwarz\\\/\",\"url\":\"https:\\\/\\\/bogensportdiscount.ch\\\/produkt\\\/maximal-armbrust-tasche-soft-compact-schwarz\\\/\",\"name\":\"MAXIMAL ARMBRUST KOFFER SOFT MAXIMAL COMPACT MIT TASCHEN SCHWARZ - Bogensportdiscount \u2013 B\u00f6gen, Pfeile, Targets &amp; Zubeh\u00f6r\",\"isPartOf\":{\"@id\":\"https:\\\/\\\/bogensportdiscount.ch\\\/#website\"},\"primaryImageOfPage\":{\"@id\":\"https:\\\/\\\/bogensportdiscount.ch\\\/produkt\\\/maximal-armbrust-tasche-soft-compact-schwarz\\\/#primaryimage\"},\"image\":{\"@id\":\"https:\\\/\\\/bogensportdiscount.ch\\\/produkt\\\/maximal-armbrust-tasche-soft-compact-schwarz\\\/#primaryimage\"},\"thumbnailUrl\":\"https:\\\/\\\/bogensportdiscount.ch\\\/wp-content\\\/uploads\\\/bsm-images\\\/A057804_1.png\",\"datePublished\":\"2026-04-05T12:27:59+00:00\",\"dateModified\":\"2026-05-14T05:13:47+00:00\",\"description\":\"MAXIMAL ARMBRUST KOFFER SOFT MAXIMAL COMPACT MIT TASCHEN SCHWARZ g\u00fcnstig kaufen bei Bogensportdiscount \u2013 Top-Marken, schneller Versand aus der Schweiz.\",\"breadcrumb\":{\"@id\":\"https:\\\/\\\/bogensportdiscount.ch\\\/produkt\\\/maximal-armbrust-tasche-soft-compact-schwarz\\\/#breadcrumb\"},\"inLanguage\":\"it-IT\",\"potentialAction\":[{\"@type\":\"ReadAction\",\"target\":[\"https:\\\/\\\/bogensportdiscount.ch\\\/produkt\\\/maximal-armbrust-tasche-soft-compact-schwarz\\\/\"]}]},{\"@type\":\"ImageObject\",\"inLanguage\":\"it-IT\",\"@id\":\"https:\\\/\\\/bogensportdiscount.ch\\\/produkt\\\/maximal-armbrust-tasche-soft-compact-schwarz\\\/#primaryimage\",\"url\":\"https:\\\/\\\/bogensportdiscount.ch\\\/wp-content\\\/uploads\\\/bsm-images\\\/A057804_1.png\",\"contentUrl\":\"https:\\\/\\\/bogensportdiscount.ch\\\/wp-content\\\/uploads\\\/bsm-images\\\/A057804_1.png\",\"width\":2500,\"height\":1894},{\"@type\":\"BreadcrumbList\",\"@id\":\"https:\\\/\\\/bogensportdiscount.ch\\\/produkt\\\/maximal-armbrust-tasche-soft-compact-schwarz\\\/#breadcrumb\",\"itemListElement\":[{\"@type\":\"ListItem\",\"position\":1,\"name\":\"Home\",\"item\":\"https:\\\/\\\/bogensportdiscount.ch\\\/\"},{\"@type\":\"ListItem\",\"position\":2,\"name\":\"Shop\",\"item\":\"https:\\\/\\\/bogensportdiscount.ch\\\/shop\\\/\"},{\"@type\":\"ListItem\",\"position\":3,\"name\":\"MAXIMAL CROSSBOW CASE SOFT MAXIMAL COMPACT WITH POCKETS BLACK\"}]},{\"@type\":\"WebSite\",\"@id\":\"https:\\\/\\\/bogensportdiscount.ch\\\/#website\",\"url\":\"https:\\\/\\\/bogensportdiscount.ch\\\/\",\"name\":\"Bogensportdiscount\",\"description\":\"\",\"potentialAction\":[{\"@type\":\"SearchAction\",\"target\":{\"@type\":\"EntryPoint\",\"urlTemplate\":\"https:\\\/\\\/bogensportdiscount.ch\\\/?s={search_term_string}\"},\"query-input\":{\"@type\":\"PropertyValueSpecification\",\"valueRequired\":true,\"valueName\":\"search_term_string\"}}],\"inLanguage\":\"it-IT\"}]}<\/script>\n<!-- \/ Yoast SEO plugin. -->","yoast_head_json":{"title":"MAXIMAL ARMBRUST KOFFER SOFT MAXIMAL COMPACT MIT TASCHEN SCHWARZ - Bogensportdiscount \u2013 B\u00f6gen, Pfeile, Targets &amp; Zubeh\u00f6r","description":"MAXIMAL ARMBRUST KOFFER SOFT MAXIMAL COMPACT MIT TASCHEN SCHWARZ g\u00fcnstig kaufen bei Bogensportdiscount \u2013 Top-Marken, schneller Versand aus der Schweiz.","robots":{"index":"index","follow":"follow","max-snippet":"max-snippet:-1","max-image-preview":"max-image-preview:large","max-video-preview":"max-video-preview:-1"},"canonical":"https:\/\/bogensportdiscount.ch\/it\/prodotto\/maximal-armbrust-tasche-soft-compact-schwarz\/","og_locale":"it_IT","og_type":"article","og_title":"MAXIMAL ARMBRUST KOFFER SOFT MAXIMAL COMPACT MIT TASCHEN SCHWARZ - Bogensportdiscount \u2013 B\u00f6gen, Pfeile, Targets &amp; Zubeh\u00f6r","og_description":"MAXIMAL ARMBRUST KOFFER SOFT MAXIMAL COMPACT MIT TASCHEN SCHWARZ g\u00fcnstig kaufen bei Bogensportdiscount \u2013 Top-Marken, schneller Versand aus der Schweiz.","og_url":"https:\/\/bogensportdiscount.ch\/it\/prodotto\/maximal-armbrust-tasche-soft-compact-schwarz\/","og_site_name":"Bogensportdiscount \u2013 B\u00f6gen, Pfeile, Targets &amp; Zubeh\u00f6r","article_modified_time":"2026-05-14T05:13:47+00:00","og_image":[{"url":"https:\/\/bogensportdiscount.ch\/wp-content\/uploads\/bsm-images\/A057804_1.png","width":4944,"height":3746,"type":"image\/png"}],"twitter_card":"summary_large_image","schema":{"@context":"https:\/\/schema.org","@graph":[{"@type":"WebPage","@id":"https:\/\/bogensportdiscount.ch\/produkt\/maximal-armbrust-tasche-soft-compact-schwarz\/","url":"https:\/\/bogensportdiscount.ch\/produkt\/maximal-armbrust-tasche-soft-compact-schwarz\/","name":"MAXIMAL ARMBRUST KOFFER SOFT MAXIMAL COMPACT MIT TASCHEN SCHWARZ - Bogensportdiscount \u2013 B\u00f6gen, Pfeile, Targets &amp; Zubeh\u00f6r","isPartOf":{"@id":"https:\/\/bogensportdiscount.ch\/#website"},"primaryImageOfPage":{"@id":"https:\/\/bogensportdiscount.ch\/produkt\/maximal-armbrust-tasche-soft-compact-schwarz\/#primaryimage"},"image":{"@id":"https:\/\/bogensportdiscount.ch\/produkt\/maximal-armbrust-tasche-soft-compact-schwarz\/#primaryimage"},"thumbnailUrl":"https:\/\/bogensportdiscount.ch\/wp-content\/uploads\/bsm-images\/A057804_1.png","datePublished":"2026-04-05T12:27:59+00:00","dateModified":"2026-05-14T05:13:47+00:00","description":"MAXIMAL ARMBRUST KOFFER SOFT MAXIMAL COMPACT MIT TASCHEN SCHWARZ g\u00fcnstig kaufen bei Bogensportdiscount \u2013 Top-Marken, schneller Versand aus der Schweiz.","breadcrumb":{"@id":"https:\/\/bogensportdiscount.ch\/produkt\/maximal-armbrust-tasche-soft-compact-schwarz\/#breadcrumb"},"inLanguage":"it-IT","potentialAction":[{"@type":"ReadAction","target":["https:\/\/bogensportdiscount.ch\/produkt\/maximal-armbrust-tasche-soft-compact-schwarz\/"]}]},{"@type":"ImageObject","inLanguage":"it-IT","@id":"https:\/\/bogensportdiscount.ch\/produkt\/maximal-armbrust-tasche-soft-compact-schwarz\/#primaryimage","url":"https:\/\/bogensportdiscount.ch\/wp-content\/uploads\/bsm-images\/A057804_1.png","contentUrl":"https:\/\/bogensportdiscount.ch\/wp-content\/uploads\/bsm-images\/A057804_1.png","width":2500,"height":1894},{"@type":"BreadcrumbList","@id":"https:\/\/bogensportdiscount.ch\/produkt\/maximal-armbrust-tasche-soft-compact-schwarz\/#breadcrumb","itemListElement":[{"@type":"ListItem","position":1,"name":"Home","item":"https:\/\/bogensportdiscount.ch\/"},{"@type":"ListItem","position":2,"name":"Shop","item":"https:\/\/bogensportdiscount.ch\/shop\/"},{"@type":"ListItem","position":3,"name":"MAXIMAL CROSSBOW CASE SOFT MAXIMAL COMPACT WITH POCKETS BLACK"}]},{"@type":"WebSite","@id":"https:\/\/bogensportdiscount.ch\/#website","url":"https:\/\/bogensportdiscount.ch\/","name":"Bogensportdiscount","description":"","potentialAction":[{"@type":"SearchAction","target":{"@type":"EntryPoint","urlTemplate":"https:\/\/bogensportdiscount.ch\/?s={search_term_string}"},"query-input":{"@type":"PropertyValueSpecification","valueRequired":true,"valueName":"search_term_string"}}],"inLanguage":"it-IT"}]}},"_links":{"self":[{"href":"https:\/\/bogensportdiscount.ch\/it\/wp-json\/wp\/v2\/product\/392986","targetHints":{"allow":["GET"]}}],"collection":[{"href":"https:\/\/bogensportdiscount.ch\/it\/wp-json\/wp\/v2\/product"}],"about":[{"href":"https:\/\/bogensportdiscount.ch\/it\/wp-json\/wp\/v2\/types\/product"}],"replies":[{"embeddable":true,"href":"https:\/\/bogensportdiscount.ch\/it\/wp-json\/wp\/v2\/comments?post=392986"}],"wp:featuredmedia":[{"embeddable":true,"href":"https:\/\/bogensportdiscount.ch\/it\/wp-json\/wp\/v2\/media\/441968"}],"wp:attachment":[{"href":"https:\/\/bogensportdiscount.ch\/it\/wp-json\/wp\/v2\/media?parent=392986"}],"wp:term":[{"taxonomy":"product_brand","embeddable":true,"href":"https:\/\/bogensportdiscount.ch\/it\/wp-json\/wp\/v2\/product_brand?post=392986"},{"taxonomy":"product_cat","embeddable":true,"href":"https:\/\/bogensportdiscount.ch\/it\/wp-json\/wp\/v2\/product_cat?post=392986"},{"taxonomy":"product_tag","embeddable":true,"href":"https:\/\/bogensportdiscount.ch\/it\/wp-json\/wp\/v2\/product_tag?post=392986"}],"curies":[{"name":"wp","href":"https:\/\/api.w.org\/{rel}","templated":true}]}}