{"id":392959,"date":"2026-04-05T14:27:53","date_gmt":"2026-04-05T12:27:53","guid":{"rendered":"https:\/\/bogensportdiscount.ch\/produkt\/golden-key-compound-premier-multirest-overdraw-lh\/"},"modified":"2026-04-15T12:15:09","modified_gmt":"2026-04-15T10:15:09","slug":"golden-key-compound-premier-multirest-overdraw-lh","status":"publish","type":"product","link":"https:\/\/bogensportdiscount.ch\/it\/prodotto\/golden-key-compound-premier-multirest-overdraw-lh\/","title":{"rendered":"GOLDEN KEY COMPOUND PREMIER MULTIREST OVERDRAW LH"},"content":{"rendered":"<p>Die Golden Key Premier Multirest Overdraw ist eine Pfeilauflage aus dem Bereich Compound-Auflagen-Teile. Die Ausf\u00fchrung als Overdraw-Auflage erm\u00f6glicht die Verwendung k\u00fcrzerer Pfeile, was bei Compound-B\u00f6gen einen ballistischen Vorteil bieten kann.<\/p>\n<p>Die Linkshand-Ausf\u00fchrung (LH) ist speziell f\u00fcr Linkshand-Bogensch\u00fctzen ausgelegt. Als Ersatz- oder Zubeh\u00f6rteil passt sie in das Premier Multirest System von Golden Key.<\/p>\n<ul>\n<li>Overdraw-Variante f\u00fcr k\u00fcrzere Pfeill\u00e4ngen<\/li>\n<li>Ausf\u00fchrung f\u00fcr Linkshand-Sch\u00fctzen (LH)<\/li>\n<li>Passend f\u00fcr Compound-B\u00f6gen<\/li>\n<li>Golden Key Premier Multirest System<\/li>\n<\/ul>","protected":false},"excerpt":{"rendered":"<p><strong>Marchio:<\/strong> Golden Key<br \/><strong>LH\/RH:<\/strong> LH<\/p>","protected":false},"featured_media":442077,"comment_status":"open","ping_status":"closed","template":"","meta":[],"product_brand":[842],"product_cat":[4130],"product_tag":[3546],"class_list":{"0":"post-392959","1":"product","2":"type-product","3":"status-publish","4":"has-post-thumbnail","6":"product_brand-goldenkey","7":"product_cat-einzelteile-fuer-compound-pfeilauflage","8":"product_tag-neuheit","10":"first","11":"instock","12":"shipping-taxable","13":"purchasable","14":"product-type-simple"},"_links":{"self":[{"href":"https:\/\/bogensportdiscount.ch\/it\/wp-json\/wp\/v2\/product\/392959","targetHints":{"allow":["GET"]}}],"collection":[{"href":"https:\/\/bogensportdiscount.ch\/it\/wp-json\/wp\/v2\/product"}],"about":[{"href":"https:\/\/bogensportdiscount.ch\/it\/wp-json\/wp\/v2\/types\/product"}],"replies":[{"embeddable":true,"href":"https:\/\/bogensportdiscount.ch\/it\/wp-json\/wp\/v2\/comments?post=392959"}],"wp:featuredmedia":[{"embeddable":true,"href":"https:\/\/bogensportdiscount.ch\/it\/wp-json\/wp\/v2\/media\/442077"}],"wp:attachment":[{"href":"https:\/\/bogensportdiscount.ch\/it\/wp-json\/wp\/v2\/media?parent=392959"}],"wp:term":[{"taxonomy":"product_brand","embeddable":true,"href":"https:\/\/bogensportdiscount.ch\/it\/wp-json\/wp\/v2\/product_brand?post=392959"},{"taxonomy":"product_cat","embeddable":true,"href":"https:\/\/bogensportdiscount.ch\/it\/wp-json\/wp\/v2\/product_cat?post=392959"},{"taxonomy":"product_tag","embeddable":true,"href":"https:\/\/bogensportdiscount.ch\/it\/wp-json\/wp\/v2\/product_tag?post=392959"}],"curies":[{"name":"wp","href":"https:\/\/api.w.org\/{rel}","templated":true}]}}