{"id":392941,"date":"2026-04-05T14:27:49","date_gmt":"2026-04-05T12:27:49","guid":{"rendered":"https:\/\/bogensportdiscount.ch\/produkt\/mathews-engage-compound-bowstands-slim-limb-leg-black-mathews-bows-only\/"},"modified":"2026-05-14T07:13:46","modified_gmt":"2026-05-14T05:13:46","slug":"mathews-compound-bogenstand-engage-slim-limb-leg-schwarz","status":"publish","type":"product","link":"https:\/\/bogensportdiscount.ch\/it\/prodotto\/mathews-compound-bogenstand-engage-slim-limb-leg-schwarz\/","title":{"rendered":"MATHEWS ENGAGE SUPPORTO PER ARCO COMPOUND SLIM FLETTENTI LEG NERO &#8211; SOLO PER ARCHI MATHEWS"},"content":{"rendered":"<p>Il supporto per arco compound MATHEWS ENGAGE con Slim Limb Leg \u00e8 un supporto fisso sviluppato appositamente per gli archi compound MATHEWS. La forma snella del piedino (Slim Limb Leg) \u00e8 adattata alla geometria dei flettenti degli archi MATHEWS e garantisce una posizione sicura e stabile.<\/p>\n<p>Il supporto mantiene l'arco in posizione verticale e lo protegge dal contatto con il suolo \u2013 pratico durante l'allenamento o sul campo di tiro quando \u00e8 necessario posare brevemente l'arco. Il design fisso (Fixed) offre una gestione affidabile e semplice senza parti mobili.<\/p>\n<ul>\n<li>Progettato appositamente per gli archi compound MATHEWS<\/li>\n<li>Slim Limb Leg per un adattamento preciso ai profili dei flettenti MATHEWS<\/li>\n<li>Tipo fisso \u2013 stabile e con manutenzione ridotta<\/li>\n<li>Colore: Nero<\/li>\n<\/ul>","protected":false},"excerpt":{"rendered":"<table>\n<tr>\n<th>Propriet\u00e0<\/th>\n<th>Valore<\/th>\n<\/tr>\n<tr>\n<td>Marca<\/td>\n<td>Kit compatto per l'uso immediato<\/td>\n<\/tr>\n<tr>\n<td>Colore<\/td>\n<td>Nero<\/td>\n<\/tr>\n<tr>\n<td>Tipo<\/td>\n<td>Fixed<\/td>\n<\/tr>\n<tr>\n<td>Compatibilit\u00e0<\/td>\n<td>Solo per archi MATHEWS<\/td>\n<\/tr>\n<tr>\n<td>Origine<\/td>\n<td>USA<\/td>\n<\/tr>\n<\/table>","protected":false},"featured_media":446792,"comment_status":"open","ping_status":"closed","template":"","meta":[],"product_brand":[427],"product_cat":[4124,4183,4187],"product_tag":[3546],"class_list":{"0":"post-392941","1":"product","2":"type-product","3":"status-publish","4":"has-post-thumbnail","6":"product_brand-mathews","7":"product_cat-bogenschuetzer-ausruestung","8":"product_cat-bogenstand","9":"product_cat-compound-bogenstand","10":"product_tag-neuheit","11":"product_shipping_class-bsd-standard","13":"first","14":"instock","15":"shipping-taxable","16":"purchasable","17":"product-type-simple"},"yoast_head":"<!-- This site is optimized with the Yoast SEO plugin v27.6 - https:\/\/yoast.com\/product\/yoast-seo-wordpress\/ -->\n<title>MATHEWS ENGAGE SUPPORTO PER ARCO COMPOUND SLIM FLETTENTI LEG NERO - SOLO PER ARCHI MATHEWS - Bogensportdiscount \u2013 Archi, Frecce, Targets &amp; Accessori<\/title>\n<meta name=\"description\" content=\"Acquisti MATHEWS ENGAGE SUPPORTO PER ARCO COMPOUND SLIM FLETTENTI LEG NERO - SOLO PER ARCHI MATHEWS a un prezzo vantaggioso su Bogensportdiscount \u2013 Le migliori marche, spedizione veloce dalla Svizzera.\" \/>\n<meta name=\"robots\" content=\"index, follow, max-snippet:-1, max-image-preview:large, max-video-preview:-1\" \/>\n<link rel=\"canonical\" href=\"https:\/\/bogensportdiscount.ch\/it\/prodotto\/mathews-compound-bogenstand-engage-slim-limb-leg-schwarz\/\" \/>\n<meta property=\"og:locale\" content=\"it_IT\" \/>\n<meta property=\"og:type\" content=\"article\" \/>\n<meta property=\"og:title\" content=\"MATHEWS ENGAGE SUPPORTO PER ARCO COMPOUND SLIM FLETTENTI LEG NERO - SOLO PER ARCHI MATHEWS - Bogensportdiscount \u2013 Archi, Frecce, Targets &amp; Accessori\" \/>\n<meta property=\"og:description\" content=\"Acquisti MATHEWS ENGAGE SUPPORTO PER ARCO COMPOUND SLIM FLETTENTI LEG NERO - SOLO PER ARCHI MATHEWS a un prezzo vantaggioso su Bogensportdiscount \u2013 Le migliori marche, spedizione veloce dalla Svizzera.\" \/>\n<meta property=\"og:url\" content=\"https:\/\/bogensportdiscount.ch\/it\/prodotto\/mathews-compound-bogenstand-engage-slim-limb-leg-schwarz\/\" \/>\n<meta property=\"og:site_name\" content=\"Bogensportdiscount \u2013 B\u00f6gen, Pfeile, Targets &amp; Zubeh\u00f6r\" \/>\n<meta property=\"article:modified_time\" content=\"2026-05-14T05:13:46+00:00\" \/>\n<meta property=\"og:image\" content=\"https:\/\/bogensportdiscount.ch\/wp-content\/uploads\/bsm-images\/A057334.png\" \/>\n\t<meta property=\"og:image:width\" content=\"2560\" \/>\n\t<meta property=\"og:image:height\" content=\"2302\" \/>\n\t<meta property=\"og:image:type\" content=\"image\/png\" \/>\n<meta name=\"twitter:card\" content=\"summary_large_image\" \/>\n<meta name=\"twitter:label1\" content=\"Tempo di lettura stimato\" \/>\n\t<meta name=\"twitter:data1\" content=\"1 minuto\" \/>\n<script type=\"application\/ld+json\" class=\"yoast-schema-graph\">{\"@context\":\"https:\\\/\\\/schema.org\",\"@graph\":[{\"@type\":\"WebPage\",\"@id\":\"https:\\\/\\\/bogensportdiscount.ch\\\/produkt\\\/mathews-compound-bogenstand-engage-slim-limb-leg-schwarz\\\/\",\"url\":\"https:\\\/\\\/bogensportdiscount.ch\\\/produkt\\\/mathews-compound-bogenstand-engage-slim-limb-leg-schwarz\\\/\",\"name\":\"MATHEWS ENGAGE COMPOUNDBOGEN BOGENST\u00c4NDER SLIM WURFARME LEG SCHWARZ - NUR MATHEWS B\u00d6GEN - Bogensportdiscount \u2013 B\u00f6gen, Pfeile, Targets &amp; Zubeh\u00f6r\",\"isPartOf\":{\"@id\":\"https:\\\/\\\/bogensportdiscount.ch\\\/#website\"},\"primaryImageOfPage\":{\"@id\":\"https:\\\/\\\/bogensportdiscount.ch\\\/produkt\\\/mathews-compound-bogenstand-engage-slim-limb-leg-schwarz\\\/#primaryimage\"},\"image\":{\"@id\":\"https:\\\/\\\/bogensportdiscount.ch\\\/produkt\\\/mathews-compound-bogenstand-engage-slim-limb-leg-schwarz\\\/#primaryimage\"},\"thumbnailUrl\":\"https:\\\/\\\/bogensportdiscount.ch\\\/wp-content\\\/uploads\\\/bsm-images\\\/A057334.png\",\"datePublished\":\"2026-04-05T12:27:49+00:00\",\"dateModified\":\"2026-05-14T05:13:46+00:00\",\"description\":\"MATHEWS ENGAGE COMPOUNDBOGEN BOGENST\u00c4NDER SLIM WURFARME LEG SCHWARZ - NUR MATHEWS B\u00d6GEN g\u00fcnstig kaufen bei Bogensportdiscount \u2013 Top-Marken, schneller Versand aus der Schweiz.\",\"breadcrumb\":{\"@id\":\"https:\\\/\\\/bogensportdiscount.ch\\\/produkt\\\/mathews-compound-bogenstand-engage-slim-limb-leg-schwarz\\\/#breadcrumb\"},\"inLanguage\":\"it-IT\",\"potentialAction\":[{\"@type\":\"ReadAction\",\"target\":[\"https:\\\/\\\/bogensportdiscount.ch\\\/produkt\\\/mathews-compound-bogenstand-engage-slim-limb-leg-schwarz\\\/\"]}]},{\"@type\":\"ImageObject\",\"inLanguage\":\"it-IT\",\"@id\":\"https:\\\/\\\/bogensportdiscount.ch\\\/produkt\\\/mathews-compound-bogenstand-engage-slim-limb-leg-schwarz\\\/#primaryimage\",\"url\":\"https:\\\/\\\/bogensportdiscount.ch\\\/wp-content\\\/uploads\\\/bsm-images\\\/A057334.png\",\"contentUrl\":\"https:\\\/\\\/bogensportdiscount.ch\\\/wp-content\\\/uploads\\\/bsm-images\\\/A057334.png\",\"width\":2560,\"height\":2302},{\"@type\":\"BreadcrumbList\",\"@id\":\"https:\\\/\\\/bogensportdiscount.ch\\\/produkt\\\/mathews-compound-bogenstand-engage-slim-limb-leg-schwarz\\\/#breadcrumb\",\"itemListElement\":[{\"@type\":\"ListItem\",\"position\":1,\"name\":\"Home\",\"item\":\"https:\\\/\\\/bogensportdiscount.ch\\\/\"},{\"@type\":\"ListItem\",\"position\":2,\"name\":\"Shop\",\"item\":\"https:\\\/\\\/bogensportdiscount.ch\\\/shop\\\/\"},{\"@type\":\"ListItem\",\"position\":3,\"name\":\"MATHEWS ENGAGE COMPOUND BOWSTANDS SLIM LIMB LEG BLACK &#8211; MATHEWS BOWS ONLY\"}]},{\"@type\":\"WebSite\",\"@id\":\"https:\\\/\\\/bogensportdiscount.ch\\\/#website\",\"url\":\"https:\\\/\\\/bogensportdiscount.ch\\\/\",\"name\":\"Bogensportdiscount\",\"description\":\"\",\"potentialAction\":[{\"@type\":\"SearchAction\",\"target\":{\"@type\":\"EntryPoint\",\"urlTemplate\":\"https:\\\/\\\/bogensportdiscount.ch\\\/?s={search_term_string}\"},\"query-input\":{\"@type\":\"PropertyValueSpecification\",\"valueRequired\":true,\"valueName\":\"search_term_string\"}}],\"inLanguage\":\"it-IT\"}]}<\/script>\n<!-- \/ Yoast SEO plugin. -->","yoast_head_json":{"title":"MATHEWS ENGAGE SUPPORTO PER ARCO COMPOUND SLIM FLETTENTI LEG NERO - SOLO PER ARCHI MATHEWS - Bogensportdiscount \u2013 Archi, Frecce, Targets & Accessori","description":"Acquisti MATHEWS ENGAGE SUPPORTO PER ARCO COMPOUND SLIM FLETTENTI LEG NERO - SOLO PER ARCHI MATHEWS a un prezzo vantaggioso su Bogensportdiscount \u2013 Le migliori marche, spedizione veloce dalla Svizzera.","robots":{"index":"index","follow":"follow","max-snippet":"max-snippet:-1","max-image-preview":"max-image-preview:large","max-video-preview":"max-video-preview:-1"},"canonical":"https:\/\/bogensportdiscount.ch\/it\/prodotto\/mathews-compound-bogenstand-engage-slim-limb-leg-schwarz\/","og_locale":"it_IT","og_type":"article","og_title":"MATHEWS ENGAGE SUPPORTO PER ARCO COMPOUND SLIM FLETTENTI LEG NERO - SOLO PER ARCHI MATHEWS - Bogensportdiscount \u2013 Archi, Frecce, Targets & Accessori","og_description":"Acquisti MATHEWS ENGAGE SUPPORTO PER ARCO COMPOUND SLIM FLETTENTI LEG NERO - SOLO PER ARCHI MATHEWS a un prezzo vantaggioso su Bogensportdiscount \u2013 Le migliori marche, spedizione veloce dalla Svizzera.","og_url":"https:\/\/bogensportdiscount.ch\/it\/prodotto\/mathews-compound-bogenstand-engage-slim-limb-leg-schwarz\/","og_site_name":"Bogensportdiscount \u2013 B\u00f6gen, Pfeile, Targets &amp; Zubeh\u00f6r","article_modified_time":"2026-05-14T05:13:46+00:00","og_image":[{"width":2560,"height":2302,"url":"https:\/\/bogensportdiscount.ch\/wp-content\/uploads\/bsm-images\/A057334.png","type":"image\/png"}],"twitter_card":"summary_large_image","twitter_misc":{"Tempo di lettura stimato":"1 minuto"},"schema":{"@context":"https:\/\/schema.org","@graph":[{"@type":"WebPage","@id":"https:\/\/bogensportdiscount.ch\/produkt\/mathews-compound-bogenstand-engage-slim-limb-leg-schwarz\/","url":"https:\/\/bogensportdiscount.ch\/produkt\/mathews-compound-bogenstand-engage-slim-limb-leg-schwarz\/","name":"MATHEWS ENGAGE SUPPORTO PER ARCO COMPOUND SLIM FLETTENTI LEG NERO - SOLO PER ARCHI MATHEWS - Bogensportdiscount \u2013 Archi, Frecce, Targets &amp; Accessori","isPartOf":{"@id":"https:\/\/bogensportdiscount.ch\/#website"},"primaryImageOfPage":{"@id":"https:\/\/bogensportdiscount.ch\/produkt\/mathews-compound-bogenstand-engage-slim-limb-leg-schwarz\/#primaryimage"},"image":{"@id":"https:\/\/bogensportdiscount.ch\/produkt\/mathews-compound-bogenstand-engage-slim-limb-leg-schwarz\/#primaryimage"},"thumbnailUrl":"https:\/\/bogensportdiscount.ch\/wp-content\/uploads\/bsm-images\/A057334.png","datePublished":"2026-04-05T12:27:49+00:00","dateModified":"2026-05-14T05:13:46+00:00","description":"Acquisti MATHEWS ENGAGE SUPPORTO PER ARCO COMPOUND SLIM FLETTENTI LEG NERO - SOLO PER ARCHI MATHEWS a un prezzo vantaggioso su Bogensportdiscount \u2013 Le migliori marche, spedizione veloce dalla Svizzera.","breadcrumb":{"@id":"https:\/\/bogensportdiscount.ch\/produkt\/mathews-compound-bogenstand-engage-slim-limb-leg-schwarz\/#breadcrumb"},"inLanguage":"it-IT","potentialAction":[{"@type":"ReadAction","target":["https:\/\/bogensportdiscount.ch\/produkt\/mathews-compound-bogenstand-engage-slim-limb-leg-schwarz\/"]}]},{"@type":"ImageObject","inLanguage":"it-IT","@id":"https:\/\/bogensportdiscount.ch\/produkt\/mathews-compound-bogenstand-engage-slim-limb-leg-schwarz\/#primaryimage","url":"https:\/\/bogensportdiscount.ch\/wp-content\/uploads\/bsm-images\/A057334.png","contentUrl":"https:\/\/bogensportdiscount.ch\/wp-content\/uploads\/bsm-images\/A057334.png","width":2560,"height":2302},{"@type":"BreadcrumbList","@id":"https:\/\/bogensportdiscount.ch\/produkt\/mathews-compound-bogenstand-engage-slim-limb-leg-schwarz\/#breadcrumb","itemListElement":[{"@type":"ListItem","position":1,"name":"Home","item":"https:\/\/bogensportdiscount.ch\/"},{"@type":"ListItem","position":2,"name":"Shop","item":"https:\/\/bogensportdiscount.ch\/shop\/"},{"@type":"ListItem","position":3,"name":"MATHEWS ENGAGE COMPOUND BOWSTANDS SLIM LIMB LEG BLACK &#8211; MATHEWS BOWS ONLY"}]},{"@type":"WebSite","@id":"https:\/\/bogensportdiscount.ch\/#website","url":"https:\/\/bogensportdiscount.ch\/","name":"Bogensportdiscount","description":"","potentialAction":[{"@type":"SearchAction","target":{"@type":"EntryPoint","urlTemplate":"https:\/\/bogensportdiscount.ch\/?s={search_term_string}"},"query-input":{"@type":"PropertyValueSpecification","valueRequired":true,"valueName":"search_term_string"}}],"inLanguage":"it-IT"}]}},"_links":{"self":[{"href":"https:\/\/bogensportdiscount.ch\/it\/wp-json\/wp\/v2\/product\/392941","targetHints":{"allow":["GET"]}}],"collection":[{"href":"https:\/\/bogensportdiscount.ch\/it\/wp-json\/wp\/v2\/product"}],"about":[{"href":"https:\/\/bogensportdiscount.ch\/it\/wp-json\/wp\/v2\/types\/product"}],"replies":[{"embeddable":true,"href":"https:\/\/bogensportdiscount.ch\/it\/wp-json\/wp\/v2\/comments?post=392941"}],"wp:featuredmedia":[{"embeddable":true,"href":"https:\/\/bogensportdiscount.ch\/it\/wp-json\/wp\/v2\/media\/446792"}],"wp:attachment":[{"href":"https:\/\/bogensportdiscount.ch\/it\/wp-json\/wp\/v2\/media?parent=392941"}],"wp:term":[{"taxonomy":"product_brand","embeddable":true,"href":"https:\/\/bogensportdiscount.ch\/it\/wp-json\/wp\/v2\/product_brand?post=392941"},{"taxonomy":"product_cat","embeddable":true,"href":"https:\/\/bogensportdiscount.ch\/it\/wp-json\/wp\/v2\/product_cat?post=392941"},{"taxonomy":"product_tag","embeddable":true,"href":"https:\/\/bogensportdiscount.ch\/it\/wp-json\/wp\/v2\/product_tag?post=392941"}],"curies":[{"name":"wp","href":"https:\/\/api.w.org\/{rel}","templated":true}]}}