{"id":392926,"date":"2026-04-05T14:27:46","date_gmt":"2026-04-05T12:27:46","guid":{"rendered":"https:\/\/bogensportdiscount.ch\/produkt\/avalon-recurve-strings-carrera-99r-72-16-strands-black\/"},"modified":"2026-04-16T12:19:06","modified_gmt":"2026-04-16T10:19:06","slug":"avalon-recurve-bogensehne-carrera-99r-72-16-strands-schwarz","status":"publish","type":"product","link":"https:\/\/bogensportdiscount.ch\/it\/prodotto\/avalon-recurve-bogensehne-carrera-99r-72-16-strands-schwarz\/","title":{"rendered":"CORDE AVALON RECURVE CARRERA 99R 72\u2033 16 FILI NERO"},"content":{"rendered":"<p>Die Avalon Carrera 99R Recurve-Bogensehne ist in der L\u00e4nge 72 Zoll erh\u00e4ltlich und mit 16 Str\u00e4ngen gefertigt. Die schwarze Ausf\u00fchrung passt zu einer Vielzahl von Recurve-B\u00f6gen und bietet eine zuverl\u00e4ssige Grundlage f\u00fcr ein stabiles Schussbild.<\/p>\n<p>Die Sehne ist als direkter Ersatz oder als Ersatzsehne f\u00fcr den Wettkampf- und Trainingseinsatz geeignet. Mit 16 Str\u00e4ngen bietet sie eine gute Balance zwischen Gewicht und Langlebigkeit.<\/p>\n<ul>\n<li>L\u00e4nge: 72 Zoll<\/li>\n<li>Str\u00e4nge: 16<\/li>\n<li>Farbe: Schwarz<\/li>\n<li>Geeignet f\u00fcr Recurve-B\u00f6gen<\/li>\n<\/ul>","protected":false},"excerpt":{"rendered":"<p><strong>Materiale:<\/strong> Carrera 99R<br \/><strong>Strands:<\/strong> 14 or 16<br \/><strong>Lengths:<\/strong> 64&quot;, 66&quot;, 68&quot;, 70&quot;, 72&quot;<br \/><strong>Color Options:<\/strong> Single Color: Black, WhiteTwo-Tone: Black\/Blue, Black\/Red, Black\/Grey, Black\/Orange, White\/Grey<\/p>","protected":false},"featured_media":452859,"comment_status":"open","ping_status":"closed","template":"","meta":[],"product_brand":[449],"product_cat":[4638],"product_tag":[3546],"class_list":{"0":"post-392926","1":"product","2":"type-product","3":"status-publish","4":"has-post-thumbnail","6":"product_brand-avalon","7":"product_cat-recurve-strings-sehnen-kabel-bogen-zubehoer","8":"product_tag-neuheit","10":"first","11":"instock","12":"shipping-taxable","13":"purchasable","14":"product-type-simple"},"_links":{"self":[{"href":"https:\/\/bogensportdiscount.ch\/it\/wp-json\/wp\/v2\/product\/392926","targetHints":{"allow":["GET"]}}],"collection":[{"href":"https:\/\/bogensportdiscount.ch\/it\/wp-json\/wp\/v2\/product"}],"about":[{"href":"https:\/\/bogensportdiscount.ch\/it\/wp-json\/wp\/v2\/types\/product"}],"replies":[{"embeddable":true,"href":"https:\/\/bogensportdiscount.ch\/it\/wp-json\/wp\/v2\/comments?post=392926"}],"wp:featuredmedia":[{"embeddable":true,"href":"https:\/\/bogensportdiscount.ch\/it\/wp-json\/wp\/v2\/media\/452859"}],"wp:attachment":[{"href":"https:\/\/bogensportdiscount.ch\/it\/wp-json\/wp\/v2\/media?parent=392926"}],"wp:term":[{"taxonomy":"product_brand","embeddable":true,"href":"https:\/\/bogensportdiscount.ch\/it\/wp-json\/wp\/v2\/product_brand?post=392926"},{"taxonomy":"product_cat","embeddable":true,"href":"https:\/\/bogensportdiscount.ch\/it\/wp-json\/wp\/v2\/product_cat?post=392926"},{"taxonomy":"product_tag","embeddable":true,"href":"https:\/\/bogensportdiscount.ch\/it\/wp-json\/wp\/v2\/product_tag?post=392926"}],"curies":[{"name":"wp","href":"https:\/\/api.w.org\/{rel}","templated":true}]}}