{"id":392840,"date":"2026-04-05T14:27:27","date_gmt":"2026-04-05T12:27:27","guid":{"rendered":"https:\/\/bogensportdiscount.ch\/produkt\/coldsteel-mini-tuff-lite-plain-edge-black-overall-12-70cm\/"},"modified":"2026-04-17T13:05:03","modified_gmt":"2026-04-17T11:05:03","slug":"coldsteel-mini-tuff-lite-messer-plain-edge-schwarz","status":"publish","type":"product","link":"https:\/\/bogensportdiscount.ch\/it\/prodotto\/coldsteel-mini-tuff-lite-messer-plain-edge-schwarz\/","title":{"rendered":"COLDSTEEL MINI TUFF LITE PLAIN EDGE BLACK - totale 12,70cm"},"content":{"rendered":"<p>Das COLDSTEEL Mini Tuff Lite ist ein kleines, leichtes Klappmesser aus dem bew\u00e4hrten Tuff Lite-Sortiment von Cold Steel. Die Version in Schwarz mit Plain Edge \u2013 also einer glatten, nicht ges\u00e4gten Klinge \u2013 bietet saubere Schnitte und ist einfach nachzusch\u00e4rfen.<\/p>\n<p>Mit einer Gesamtl\u00e4nge von 12.70 cm ist das Messer kompakt genug f\u00fcr den t\u00e4glichen Einsatz in der Jacken- oder Hosentasche. Es richtet sich an Outdoor-Enthusiasten, J\u00e4ger und alle, die ein zuverl\u00e4ssiges Alltagsmesser in handlicher Gr\u00f6sse suchen.<\/p>\n<ul>\n<li>Kompakte Gesamtl\u00e4nge: 12.70 cm<\/li>\n<li>Glatte Klinge (Plain Edge) f\u00fcr saubere Schnitte<\/li>\n<li>Farbgebung: Schwarz<\/li>\n<li>Geeignet f\u00fcr Outdoor und Jagd<\/li>\n<\/ul>","protected":false},"excerpt":{"rendered":"<p><strong>Marchio:<\/strong> Cold Steel<br \/><strong>Blade shape:<\/strong> Sheepsfoot<br \/><strong>GTIN:<\/strong> 705442009191<\/p>","protected":false},"featured_media":446823,"comment_status":"open","ping_status":"closed","template":"","meta":[],"product_brand":[491],"product_cat":[4352],"product_tag":[3546],"class_list":{"0":"post-392840","1":"product","2":"type-product","3":"status-publish","4":"has-post-thumbnail","6":"product_brand-coldsteel","7":"product_cat-klappbare-klinge","8":"product_tag-neuheit","10":"first","11":"instock","12":"shipping-taxable","13":"purchasable","14":"product-type-simple"},"_links":{"self":[{"href":"https:\/\/bogensportdiscount.ch\/it\/wp-json\/wp\/v2\/product\/392840","targetHints":{"allow":["GET"]}}],"collection":[{"href":"https:\/\/bogensportdiscount.ch\/it\/wp-json\/wp\/v2\/product"}],"about":[{"href":"https:\/\/bogensportdiscount.ch\/it\/wp-json\/wp\/v2\/types\/product"}],"replies":[{"embeddable":true,"href":"https:\/\/bogensportdiscount.ch\/it\/wp-json\/wp\/v2\/comments?post=392840"}],"wp:featuredmedia":[{"embeddable":true,"href":"https:\/\/bogensportdiscount.ch\/it\/wp-json\/wp\/v2\/media\/446823"}],"wp:attachment":[{"href":"https:\/\/bogensportdiscount.ch\/it\/wp-json\/wp\/v2\/media?parent=392840"}],"wp:term":[{"taxonomy":"product_brand","embeddable":true,"href":"https:\/\/bogensportdiscount.ch\/it\/wp-json\/wp\/v2\/product_brand?post=392840"},{"taxonomy":"product_cat","embeddable":true,"href":"https:\/\/bogensportdiscount.ch\/it\/wp-json\/wp\/v2\/product_cat?post=392840"},{"taxonomy":"product_tag","embeddable":true,"href":"https:\/\/bogensportdiscount.ch\/it\/wp-json\/wp\/v2\/product_tag?post=392840"}],"curies":[{"name":"wp","href":"https:\/\/api.w.org\/{rel}","templated":true}]}}