{"id":392817,"date":"2026-04-05T14:27:23","date_gmt":"2026-04-05T12:27:23","guid":{"rendered":"https:\/\/bogensportdiscount.ch\/produkt\/coldsteel-grik-overall-17-46cm\/"},"modified":"2026-04-17T13:05:00","modified_gmt":"2026-04-17T11:05:00","slug":"cold-steel-messer-grik","status":"publish","type":"product","link":"https:\/\/bogensportdiscount.ch\/it\/prodotto\/cold-steel-messer-grik\/","title":{"rendered":"GRIGLIA IN ACCIAIO FREDDO - totale 17,46 cm"},"content":{"rendered":"<p>Das Cold Steel Grik ist ein handliches Messer mit einer Gesamtl\u00e4nge von 17.46 cm. Dank seiner kompakten Bauweise l\u00e4sst es sich bequem tragen und ist schnell zur Hand, wenn es ben\u00f6tigt wird.<\/p>\n<p>Als Produkt der Marke Cold Steel richtet sich das Grik an Anwender, die ein zuverl\u00e4ssiges Messer f\u00fcr den Outdoor-Einsatz oder die Jagd suchen. Die \u00fcberschaubare Gesamtl\u00e4nge macht es zu einem praktischen Begleiter f\u00fcr vielf\u00e4ltige Aufgaben im Freien.<\/p>","protected":false},"excerpt":{"rendered":"<p><strong>Marchio:<\/strong> Cold Steel<br \/><strong>L\u00e4nge (cm):<\/strong> 15,01-20<br \/><strong>Blade shape:<\/strong> Drop Point<br \/><strong>GTIN:<\/strong> 705442017028<\/p>","protected":false},"featured_media":442167,"comment_status":"open","ping_status":"closed","template":"","meta":[],"product_brand":[491],"product_cat":[4352],"product_tag":[3546],"class_list":{"0":"post-392817","1":"product","2":"type-product","3":"status-publish","4":"has-post-thumbnail","6":"product_brand-coldsteel","7":"product_cat-klappbare-klinge","8":"product_tag-neuheit","10":"first","11":"instock","12":"shipping-taxable","13":"purchasable","14":"product-type-simple"},"_links":{"self":[{"href":"https:\/\/bogensportdiscount.ch\/it\/wp-json\/wp\/v2\/product\/392817","targetHints":{"allow":["GET"]}}],"collection":[{"href":"https:\/\/bogensportdiscount.ch\/it\/wp-json\/wp\/v2\/product"}],"about":[{"href":"https:\/\/bogensportdiscount.ch\/it\/wp-json\/wp\/v2\/types\/product"}],"replies":[{"embeddable":true,"href":"https:\/\/bogensportdiscount.ch\/it\/wp-json\/wp\/v2\/comments?post=392817"}],"wp:featuredmedia":[{"embeddable":true,"href":"https:\/\/bogensportdiscount.ch\/it\/wp-json\/wp\/v2\/media\/442167"}],"wp:attachment":[{"href":"https:\/\/bogensportdiscount.ch\/it\/wp-json\/wp\/v2\/media?parent=392817"}],"wp:term":[{"taxonomy":"product_brand","embeddable":true,"href":"https:\/\/bogensportdiscount.ch\/it\/wp-json\/wp\/v2\/product_brand?post=392817"},{"taxonomy":"product_cat","embeddable":true,"href":"https:\/\/bogensportdiscount.ch\/it\/wp-json\/wp\/v2\/product_cat?post=392817"},{"taxonomy":"product_tag","embeddable":true,"href":"https:\/\/bogensportdiscount.ch\/it\/wp-json\/wp\/v2\/product_tag?post=392817"}],"curies":[{"name":"wp","href":"https:\/\/api.w.org\/{rel}","templated":true}]}}