{"id":392808,"date":"2026-04-05T14:27:21","date_gmt":"2026-04-05T12:27:21","guid":{"rendered":"https:\/\/bogensportdiscount.ch\/produkt\/coldsteel-tuff-lite-plain-edge-blue-overall-15-24cm\/"},"modified":"2026-04-17T13:05:07","modified_gmt":"2026-04-17T11:05:07","slug":"coldsteel-taschenmesser-tuff-lite-plain-edge-blau","status":"publish","type":"product","link":"https:\/\/bogensportdiscount.ch\/it\/prodotto\/coldsteel-taschenmesser-tuff-lite-plain-edge-blau\/","title":{"rendered":"COLDSTEEL TUFF LITE PLAIN EDGE BLUE - totale 15,24cm"},"content":{"rendered":"<p>Das COLDSTEEL Tuff Lite Plain Edge ist ein handliches Klappmesser aus dem Bereich Jagd und Outdoor. Die glatte, ungezahnte Klinge (Plain Edge) erm\u00f6glicht saubere Schnitte und l\u00e4sst sich einfach nachsch\u00e4rfen. Das Modell ist in Blau erh\u00e4ltlich und bietet eine kompakte Gesamtl\u00e4nge von 15.24 cm.<\/p>\n<p>Klappmesser dieser Bauart sind f\u00fcr den t\u00e4glichen Einsatz im Freien konzipiert \u2013 ob beim Camping, auf der Jagd oder f\u00fcr allgemeine Outdoor-Aufgaben. Die Tuff-Lite-Serie von COLDSTEEL steht f\u00fcr ein robustes, leichtgewichtiges Design mit zuverl\u00e4ssigem Verschlussmechanismus.<\/p>\n<ul>\n<li>Klappmesser mit glatter Klinge (Plain Edge)<\/li>\n<li>Gesamtl\u00e4nge: 15.24 cm<\/li>\n<li>Farbe: Blau<\/li>\n<li>Geeignet f\u00fcr Jagd und Outdoor-Einsatz<\/li>\n<\/ul>","protected":false},"excerpt":{"rendered":"<p><strong>Marchio:<\/strong> Cold Steel<br \/><strong>L\u00e4nge (cm):<\/strong> 15,01-20<br \/><strong>Blade shape:<\/strong> Sheepsfoot<br \/><strong>GTIN:<\/strong> 705442016366<\/p>","protected":false},"featured_media":442176,"comment_status":"open","ping_status":"closed","template":"","meta":[],"product_brand":[491],"product_cat":[4352],"product_tag":[3546],"class_list":{"0":"post-392808","1":"product","2":"type-product","3":"status-publish","4":"has-post-thumbnail","6":"product_brand-coldsteel","7":"product_cat-klappbare-klinge","8":"product_tag-neuheit","10":"first","11":"onbackorder","12":"shipping-taxable","13":"purchasable","14":"product-type-simple"},"_links":{"self":[{"href":"https:\/\/bogensportdiscount.ch\/it\/wp-json\/wp\/v2\/product\/392808","targetHints":{"allow":["GET"]}}],"collection":[{"href":"https:\/\/bogensportdiscount.ch\/it\/wp-json\/wp\/v2\/product"}],"about":[{"href":"https:\/\/bogensportdiscount.ch\/it\/wp-json\/wp\/v2\/types\/product"}],"replies":[{"embeddable":true,"href":"https:\/\/bogensportdiscount.ch\/it\/wp-json\/wp\/v2\/comments?post=392808"}],"wp:featuredmedia":[{"embeddable":true,"href":"https:\/\/bogensportdiscount.ch\/it\/wp-json\/wp\/v2\/media\/442176"}],"wp:attachment":[{"href":"https:\/\/bogensportdiscount.ch\/it\/wp-json\/wp\/v2\/media?parent=392808"}],"wp:term":[{"taxonomy":"product_brand","embeddable":true,"href":"https:\/\/bogensportdiscount.ch\/it\/wp-json\/wp\/v2\/product_brand?post=392808"},{"taxonomy":"product_cat","embeddable":true,"href":"https:\/\/bogensportdiscount.ch\/it\/wp-json\/wp\/v2\/product_cat?post=392808"},{"taxonomy":"product_tag","embeddable":true,"href":"https:\/\/bogensportdiscount.ch\/it\/wp-json\/wp\/v2\/product_tag?post=392808"}],"curies":[{"name":"wp","href":"https:\/\/api.w.org\/{rel}","templated":true}]}}