{"id":392807,"date":"2026-04-05T14:27:20","date_gmt":"2026-04-05T12:27:20","guid":{"rendered":"https:\/\/bogensportdiscount.ch\/produkt\/coldsteel-counter-point-1-overall-22-86cm\/"},"modified":"2026-04-17T13:05:07","modified_gmt":"2026-04-17T11:05:07","slug":"cold-steel-klappmesser-counter-point-1-gesamtlaenge-22-86cm","status":"publish","type":"product","link":"https:\/\/bogensportdiscount.ch\/it\/prodotto\/cold-steel-klappmesser-counter-point-1-gesamtlaenge-22-86cm\/","title":{"rendered":"PUNTO DI RACCOLTA 1 - totale 22,86 cm"},"content":{"rendered":"<p>Das Cold Steel Counter Point 1 ist ein Klappmesser aus der Counter-Point-Serie des amerikanischen Herstellers Cold Steel. Mit einer Gesamtl\u00e4nge von 22.86 cm bietet es eine solide Gr\u00f6sse f\u00fcr vielseitige Einsatzbereiche im Outdoor- und Jagdbereich.<\/p>\n<p>Als Klappmesser l\u00e4sst es sich sicher und kompakt verstauen und ist damit ein praktischer Begleiter f\u00fcr Jagd, Camping und andere Aktivit\u00e4ten im Freien. Cold Steel ist bekannt f\u00fcr robuste Verarbeitung und zuverl\u00e4ssige Klingenqualit\u00e4t.<\/p>\n<ul>\n<li>Gesamtl\u00e4nge: 22.86 cm<\/li>\n<li>Klappbare Klinge f\u00fcr sicheren Transport<\/li>\n<li>Geeignet f\u00fcr Jagd und Outdoor-Aktivit\u00e4ten<\/li>\n<li>Von Cold Steel, einem etablierten Messerhersteller<\/li>\n<\/ul>","protected":false},"excerpt":{"rendered":"<p><strong>Marchio:<\/strong> Cold Steel<br \/><strong>L\u00e4nge (cm):<\/strong> 20,01-25<br \/><strong>Blade shape:<\/strong> Spear Point<br \/><strong>GTIN:<\/strong> 705442017691<\/p>","protected":false},"featured_media":452840,"comment_status":"open","ping_status":"closed","template":"","meta":[],"product_brand":[491],"product_cat":[4352],"product_tag":[3546],"class_list":{"0":"post-392807","1":"product","2":"type-product","3":"status-publish","4":"has-post-thumbnail","6":"product_brand-coldsteel","7":"product_cat-klappbare-klinge","8":"product_tag-neuheit","10":"first","11":"instock","12":"shipping-taxable","13":"purchasable","14":"product-type-simple"},"_links":{"self":[{"href":"https:\/\/bogensportdiscount.ch\/it\/wp-json\/wp\/v2\/product\/392807","targetHints":{"allow":["GET"]}}],"collection":[{"href":"https:\/\/bogensportdiscount.ch\/it\/wp-json\/wp\/v2\/product"}],"about":[{"href":"https:\/\/bogensportdiscount.ch\/it\/wp-json\/wp\/v2\/types\/product"}],"replies":[{"embeddable":true,"href":"https:\/\/bogensportdiscount.ch\/it\/wp-json\/wp\/v2\/comments?post=392807"}],"wp:featuredmedia":[{"embeddable":true,"href":"https:\/\/bogensportdiscount.ch\/it\/wp-json\/wp\/v2\/media\/452840"}],"wp:attachment":[{"href":"https:\/\/bogensportdiscount.ch\/it\/wp-json\/wp\/v2\/media?parent=392807"}],"wp:term":[{"taxonomy":"product_brand","embeddable":true,"href":"https:\/\/bogensportdiscount.ch\/it\/wp-json\/wp\/v2\/product_brand?post=392807"},{"taxonomy":"product_cat","embeddable":true,"href":"https:\/\/bogensportdiscount.ch\/it\/wp-json\/wp\/v2\/product_cat?post=392807"},{"taxonomy":"product_tag","embeddable":true,"href":"https:\/\/bogensportdiscount.ch\/it\/wp-json\/wp\/v2\/product_tag?post=392807"}],"curies":[{"name":"wp","href":"https:\/\/api.w.org\/{rel}","templated":true}]}}