{"id":392799,"date":"2026-04-05T14:27:18","date_gmt":"2026-04-05T12:27:18","guid":{"rendered":"https:\/\/bogensportdiscount.ch\/produkt\/coldsteel-kudu-lite-overall-25-40cm\/"},"modified":"2026-04-17T13:05:04","modified_gmt":"2026-04-17T11:05:04","slug":"coldsteel-messer-kudu-lite-2540cm","status":"publish","type":"product","link":"https:\/\/bogensportdiscount.ch\/it\/prodotto\/coldsteel-messer-kudu-lite-2540cm\/","title":{"rendered":"COLDSTEEL KUDU LITE - totale 25,40 cm"},"content":{"rendered":"<p>Das Kudu Lite von COLDSTEEL ist ein handliches Messer mit einer Gesamtl\u00e4nge von 25.40 cm. Dank seiner kompakten Abmessungen l\u00e4sst es sich einfach transportieren und ist ein zuverl\u00e4ssiger Begleiter im Outdooreinsatz.<\/p>\n<p>Das Modell richtet sich an J\u00e4ger, Wanderer und alle, die ein einsatzbereites Messer im Gep\u00e4ck sch\u00e4tzen. COLDSTEEL steht f\u00fcr robuste Messer mit durchdachtem Design, das auf praktischen Einsatz ausgelegt ist.<\/p>\n<ul>\n<li>Gesamtl\u00e4nge: 25.40 cm<\/li>\n<li>Kompaktes, leichtes Design<\/li>\n<li>Geeignet f\u00fcr Outdoor und Jagd<\/li>\n<\/ul>","protected":false},"excerpt":{"rendered":"<p><strong>Marchio:<\/strong> Cold Steel<br \/><strong>L\u00e4nge (cm):<\/strong> 25,01-30<br \/><strong>Blade shape:<\/strong> Clip Point<br \/><strong>GTIN:<\/strong> 705442019398<\/p>","protected":false},"featured_media":442187,"comment_status":"open","ping_status":"closed","template":"","meta":[],"product_brand":[491],"product_cat":[4352],"product_tag":[3546],"class_list":{"0":"post-392799","1":"product","2":"type-product","3":"status-publish","4":"has-post-thumbnail","6":"product_brand-coldsteel","7":"product_cat-klappbare-klinge","8":"product_tag-neuheit","10":"first","11":"instock","12":"shipping-taxable","13":"purchasable","14":"product-type-simple"},"_links":{"self":[{"href":"https:\/\/bogensportdiscount.ch\/it\/wp-json\/wp\/v2\/product\/392799","targetHints":{"allow":["GET"]}}],"collection":[{"href":"https:\/\/bogensportdiscount.ch\/it\/wp-json\/wp\/v2\/product"}],"about":[{"href":"https:\/\/bogensportdiscount.ch\/it\/wp-json\/wp\/v2\/types\/product"}],"replies":[{"embeddable":true,"href":"https:\/\/bogensportdiscount.ch\/it\/wp-json\/wp\/v2\/comments?post=392799"}],"wp:featuredmedia":[{"embeddable":true,"href":"https:\/\/bogensportdiscount.ch\/it\/wp-json\/wp\/v2\/media\/442187"}],"wp:attachment":[{"href":"https:\/\/bogensportdiscount.ch\/it\/wp-json\/wp\/v2\/media?parent=392799"}],"wp:term":[{"taxonomy":"product_brand","embeddable":true,"href":"https:\/\/bogensportdiscount.ch\/it\/wp-json\/wp\/v2\/product_brand?post=392799"},{"taxonomy":"product_cat","embeddable":true,"href":"https:\/\/bogensportdiscount.ch\/it\/wp-json\/wp\/v2\/product_cat?post=392799"},{"taxonomy":"product_tag","embeddable":true,"href":"https:\/\/bogensportdiscount.ch\/it\/wp-json\/wp\/v2\/product_tag?post=392799"}],"curies":[{"name":"wp","href":"https:\/\/api.w.org\/{rel}","templated":true}]}}