{"id":392754,"date":"2026-04-05T14:27:08","date_gmt":"2026-04-05T12:27:08","guid":{"rendered":"https:\/\/bogensportdiscount.ch\/produkt\/nap-bow-sling-apache-camo\/"},"modified":"2026-04-15T12:15:00","modified_gmt":"2026-04-15T10:15:00","slug":"nap-bogenschlinge-apache-camo","status":"publish","type":"product","link":"https:\/\/bogensportdiscount.ch\/it\/prodotto\/nap-bogenschlinge-apache-camo\/","title":{"rendered":"NAP BOW SLING APACHE CAMO"},"content":{"rendered":"<p>Die NAP Apache Bow Sling ist eine Bogenschlinge im Camouflage-Design, die verhindert, dass der Bogen nach dem Abschuss aus der Hand f\u00e4llt. Sie wird am Bogen befestigt und erm\u00f6glicht ein entspanntes Halten der Bogenhand ohne verkrampften Griff.<\/p>\n<p>Die Schlinge eignet sich f\u00fcr den Einsatz beim Jagdbogenschiessen sowie beim sportlichen Bogenschiessen und ist durch das Camo-Muster besonders f\u00fcr Jagdb\u00f6gen und taktische Setups geeignet.<\/p>\n<ul>\n<li>Camouflage-Design<\/li>\n<li>Verhindert das Herunterfallen des Bogens nach dem Schuss<\/li>\n<li>Einfache Befestigung am Bogen<\/li>\n<li>Geeignet f\u00fcr Recurve- und Compoundb\u00f6gen<\/li>\n<\/ul>","protected":false},"excerpt":{"rendered":"<p><strong>Marchio:<\/strong> PAN<br \/><strong>Farbe:<\/strong> Camo<\/p>","protected":false},"featured_media":446441,"comment_status":"open","ping_status":"closed","template":"","meta":[],"product_brand":[557],"product_cat":[4332],"product_tag":[3546],"class_list":{"0":"post-392754","1":"product","2":"type-product","3":"status-publish","4":"has-post-thumbnail","6":"product_brand-nap","7":"product_cat-bogen-handgelenkschlinge","8":"product_tag-neuheit","10":"first","11":"instock","12":"shipping-taxable","13":"purchasable","14":"product-type-simple"},"_links":{"self":[{"href":"https:\/\/bogensportdiscount.ch\/it\/wp-json\/wp\/v2\/product\/392754","targetHints":{"allow":["GET"]}}],"collection":[{"href":"https:\/\/bogensportdiscount.ch\/it\/wp-json\/wp\/v2\/product"}],"about":[{"href":"https:\/\/bogensportdiscount.ch\/it\/wp-json\/wp\/v2\/types\/product"}],"replies":[{"embeddable":true,"href":"https:\/\/bogensportdiscount.ch\/it\/wp-json\/wp\/v2\/comments?post=392754"}],"wp:featuredmedia":[{"embeddable":true,"href":"https:\/\/bogensportdiscount.ch\/it\/wp-json\/wp\/v2\/media\/446441"}],"wp:attachment":[{"href":"https:\/\/bogensportdiscount.ch\/it\/wp-json\/wp\/v2\/media?parent=392754"}],"wp:term":[{"taxonomy":"product_brand","embeddable":true,"href":"https:\/\/bogensportdiscount.ch\/it\/wp-json\/wp\/v2\/product_brand?post=392754"},{"taxonomy":"product_cat","embeddable":true,"href":"https:\/\/bogensportdiscount.ch\/it\/wp-json\/wp\/v2\/product_cat?post=392754"},{"taxonomy":"product_tag","embeddable":true,"href":"https:\/\/bogensportdiscount.ch\/it\/wp-json\/wp\/v2\/product_tag?post=392754"}],"curies":[{"name":"wp","href":"https:\/\/api.w.org\/{rel}","templated":true}]}}