{"id":392730,"date":"2026-04-05T14:27:02","date_gmt":"2026-04-05T12:27:02","guid":{"rendered":"https:\/\/bogensportdiscount.ch\/produkt\/buck-trail-bowstringer-traditional-longbow-cup-and-cup-leather-brown\/"},"modified":"2026-04-20T12:48:07","modified_gmt":"2026-04-20T10:48:07","slug":"bucktrail-sehnenspanner-traditional-longbow-cup-and-cup-leder-braun","status":"publish","type":"product","link":"https:\/\/bogensportdiscount.ch\/it\/prodotto\/bucktrail-sehnenspanner-traditional-longbow-cup-and-cup-leder-braun\/","title":{"rendered":"BUCK TRAIL BOGENSPANNER TRADITIONAL LONGBOW CUP UND CUP LEDER BRAUN"},"content":{"rendered":"<p>Der Bucktrail Sehnenspanner im Cup-and-Cup-System ist speziell f\u00fcr traditionelle Langb\u00f6gen konzipiert. Zwei Ledertassen halten den Bogen an beiden Enden sicher, w\u00e4hrend die Sehne mit gleichm\u00e4ssigem Zug aufgespannt wird. Dies sch\u00fctzt die Sehne und den Bogen vor Verwindung und vorzeitigem Verschleiss.<\/p>\n<p>Die Ausf\u00fchrung in braunem Leder f\u00fcgt sich optisch gut in eine traditionelle Ausr\u00fcstung ein und bietet gleichzeitig eine angemessene Robustheit f\u00fcr den regelm\u00e4ssigen Gebrauch. Das Produkt richtet sich an Bogensch\u00fctzen, die mit Langb\u00f6gen schiessen und beim Aufspannen auf eine schonende Methode setzen.<\/p>\n<ul>\n<li>Cup-and-Cup-System f\u00fcr Langb\u00f6gen<\/li>\n<li>Material: Leder in Braun<\/li>\n<li>Sch\u00fctzt Sehne und Bogen vor Verwindung<\/li>\n<li>Einfache Handhabung beim Aufspannen<\/li>\n<\/ul>","protected":false},"excerpt":{"rendered":"<p><strong>Marchio:<\/strong> Buck Trail<br \/><strong>Colore:<\/strong> Marrone<br \/><strong>GTIN:<\/strong> 6017400330365<\/p>","protected":false},"featured_media":442211,"comment_status":"open","ping_status":"closed","template":"","meta":[],"product_brand":[432],"product_cat":[4241],"product_tag":[3546],"class_list":{"0":"post-392730","1":"product","2":"type-product","3":"status-publish","4":"has-post-thumbnail","6":"product_brand-bucktrail","7":"product_cat-spannschnuere","8":"product_tag-neuheit","10":"first","11":"instock","12":"shipping-taxable","13":"purchasable","14":"product-type-simple"},"yoast_head":"<!-- This site is optimized with the Yoast SEO plugin v27.4 - https:\/\/yoast.com\/product\/yoast-seo-wordpress\/ -->\n<title>BUCK TRAIL BOGENSPANNER TRADITIONAL LONGBOW CUP UND CUP LEDER BRAUN - Bogensportdiscount \u2013 B\u00f6gen, Pfeile, Targets &amp; Zubeh\u00f6r<\/title>\n<meta name=\"robots\" content=\"noindex, follow, max-snippet:-1, max-image-preview:large, max-video-preview:-1\" \/>\n<meta property=\"og:locale\" content=\"it_IT\" \/>\n<meta property=\"og:type\" content=\"article\" \/>\n<meta property=\"og:title\" content=\"BUCK TRAIL BOGENSPANNER TRADITIONAL LONGBOW CUP UND CUP LEDER BRAUN - Bogensportdiscount \u2013 B\u00f6gen, Pfeile, Targets &amp; Zubeh\u00f6r\" \/>\n<meta property=\"og:description\" content=\"Marke: Buck TrailFarbe: BraunGTIN: 6017400330365\" \/>\n<meta property=\"og:url\" content=\"https:\/\/bogensportdiscount.ch\/it\/produit\/bucktrail-sehnenspanner-traditional-longbow-cup-and-cup-leder-braun\/\" \/>\n<meta property=\"og:site_name\" content=\"Bogensportdiscount \u2013 B\u00f6gen, Pfeile, Targets &amp; Zubeh\u00f6r\" \/>\n<meta property=\"article:modified_time\" content=\"2026-04-20T10:48:07+00:00\" \/>\n<meta property=\"og:image\" content=\"https:\/\/bogensportdiscount.ch\/wp-content\/uploads\/bsm-images\/A056605_1.png\" \/>\n\t<meta property=\"og:image:width\" content=\"2646\" \/>\n\t<meta property=\"og:image:height\" content=\"2446\" \/>\n\t<meta property=\"og:image:type\" content=\"image\/png\" \/>\n<meta name=\"twitter:card\" content=\"summary_large_image\" \/>\n<meta name=\"twitter:label1\" content=\"Tempo di lettura stimato\" \/>\n\t<meta name=\"twitter:data1\" content=\"1 minuto\" \/>\n<script type=\"application\/ld+json\" class=\"yoast-schema-graph\">{\"@context\":\"https:\\\/\\\/schema.org\",\"@graph\":[{\"@type\":\"WebPage\",\"@id\":\"https:\\\/\\\/bogensportdiscount.ch\\\/fr\\\/produit\\\/bucktrail-sehnenspanner-traditional-longbow-cup-and-cup-leder-braun\\\/\",\"url\":\"https:\\\/\\\/bogensportdiscount.ch\\\/fr\\\/produit\\\/bucktrail-sehnenspanner-traditional-longbow-cup-and-cup-leder-braun\\\/\",\"name\":\"BUCK TRAIL BOGENSPANNER TRADITIONAL LONGBOW CUP UND CUP LEDER BRAUN - Bogensportdiscount \u2013 B\u00f6gen, Pfeile, Targets &amp; Zubeh\u00f6r\",\"isPartOf\":{\"@id\":\"https:\\\/\\\/bogensportdiscount.ch\\\/#website\"},\"primaryImageOfPage\":{\"@id\":\"https:\\\/\\\/bogensportdiscount.ch\\\/fr\\\/produit\\\/bucktrail-sehnenspanner-traditional-longbow-cup-and-cup-leder-braun\\\/#primaryimage\"},\"image\":{\"@id\":\"https:\\\/\\\/bogensportdiscount.ch\\\/fr\\\/produit\\\/bucktrail-sehnenspanner-traditional-longbow-cup-and-cup-leder-braun\\\/#primaryimage\"},\"thumbnailUrl\":\"https:\\\/\\\/bogensportdiscount.ch\\\/wp-content\\\/uploads\\\/bsm-images\\\/A056605_1.png\",\"datePublished\":\"2026-04-05T12:27:02+00:00\",\"dateModified\":\"2026-04-20T10:48:07+00:00\",\"breadcrumb\":{\"@id\":\"https:\\\/\\\/bogensportdiscount.ch\\\/fr\\\/produit\\\/bucktrail-sehnenspanner-traditional-longbow-cup-and-cup-leder-braun\\\/#breadcrumb\"},\"inLanguage\":\"it-IT\",\"potentialAction\":[{\"@type\":\"ReadAction\",\"target\":[\"https:\\\/\\\/bogensportdiscount.ch\\\/fr\\\/produit\\\/bucktrail-sehnenspanner-traditional-longbow-cup-and-cup-leder-braun\\\/\"]}]},{\"@type\":\"ImageObject\",\"inLanguage\":\"it-IT\",\"@id\":\"https:\\\/\\\/bogensportdiscount.ch\\\/fr\\\/produit\\\/bucktrail-sehnenspanner-traditional-longbow-cup-and-cup-leder-braun\\\/#primaryimage\",\"url\":\"https:\\\/\\\/bogensportdiscount.ch\\\/wp-content\\\/uploads\\\/bsm-images\\\/A056605_1.png\",\"contentUrl\":\"https:\\\/\\\/bogensportdiscount.ch\\\/wp-content\\\/uploads\\\/bsm-images\\\/A056605_1.png\",\"width\":2646,\"height\":2446},{\"@type\":\"BreadcrumbList\",\"@id\":\"https:\\\/\\\/bogensportdiscount.ch\\\/fr\\\/produit\\\/bucktrail-sehnenspanner-traditional-longbow-cup-and-cup-leder-braun\\\/#breadcrumb\",\"itemListElement\":[{\"@type\":\"ListItem\",\"position\":1,\"name\":\"Home\",\"item\":\"https:\\\/\\\/bogensportdiscount.ch\\\/\"},{\"@type\":\"ListItem\",\"position\":2,\"name\":\"Shop\",\"item\":\"https:\\\/\\\/bogensportdiscount.ch\\\/shop\\\/\"},{\"@type\":\"ListItem\",\"position\":3,\"name\":\"BUCK TRAIL BOGENSPANNER TRADITIONAL LONGBOW CUP UND CUP LEDER BRAUN\"}]},{\"@type\":\"WebSite\",\"@id\":\"https:\\\/\\\/bogensportdiscount.ch\\\/#website\",\"url\":\"https:\\\/\\\/bogensportdiscount.ch\\\/\",\"name\":\"Bogensportdiscount\",\"description\":\"\",\"potentialAction\":[{\"@type\":\"SearchAction\",\"target\":{\"@type\":\"EntryPoint\",\"urlTemplate\":\"https:\\\/\\\/bogensportdiscount.ch\\\/?s={search_term_string}\"},\"query-input\":{\"@type\":\"PropertyValueSpecification\",\"valueRequired\":true,\"valueName\":\"search_term_string\"}}],\"inLanguage\":\"it-IT\"}]}<\/script>\n<!-- \/ Yoast SEO plugin. -->","yoast_head_json":{"title":"BUCK TRAIL BOGENSPANNER TRADITIONAL LONGBOW CUP UND CUP LEDER BRAUN - Bogensportdiscount \u2013 B\u00f6gen, Pfeile, Targets &amp; Zubeh\u00f6r","robots":{"index":"noindex","follow":"follow","max-snippet":"max-snippet:-1","max-image-preview":"max-image-preview:large","max-video-preview":"max-video-preview:-1"},"og_locale":"it_IT","og_type":"article","og_title":"BUCK TRAIL BOGENSPANNER TRADITIONAL LONGBOW CUP UND CUP LEDER BRAUN - Bogensportdiscount \u2013 B\u00f6gen, Pfeile, Targets &amp; Zubeh\u00f6r","og_description":"Marke: Buck TrailFarbe: BraunGTIN: 6017400330365","og_url":"https:\/\/bogensportdiscount.ch\/it\/produit\/bucktrail-sehnenspanner-traditional-longbow-cup-and-cup-leder-braun\/","og_site_name":"Bogensportdiscount \u2013 B\u00f6gen, Pfeile, Targets &amp; Zubeh\u00f6r","article_modified_time":"2026-04-20T10:48:07+00:00","og_image":[{"url":"https:\/\/bogensportdiscount.ch\/wp-content\/uploads\/bsm-images\/A056605_1.png","width":2646,"height":2446,"type":"image\/png"}],"twitter_card":"summary_large_image","twitter_misc":{"Tempo di lettura stimato":"1 minuto"},"schema":{"@context":"https:\/\/schema.org","@graph":[{"@type":"WebPage","@id":"https:\/\/bogensportdiscount.ch\/fr\/produit\/bucktrail-sehnenspanner-traditional-longbow-cup-and-cup-leder-braun\/","url":"https:\/\/bogensportdiscount.ch\/fr\/produit\/bucktrail-sehnenspanner-traditional-longbow-cup-and-cup-leder-braun\/","name":"BUCK TRAIL BOGENSPANNER TRADITIONAL LONGBOW CUP UND CUP LEDER BRAUN - Bogensportdiscount \u2013 B\u00f6gen, Pfeile, Targets &amp; Zubeh\u00f6r","isPartOf":{"@id":"https:\/\/bogensportdiscount.ch\/#website"},"primaryImageOfPage":{"@id":"https:\/\/bogensportdiscount.ch\/fr\/produit\/bucktrail-sehnenspanner-traditional-longbow-cup-and-cup-leder-braun\/#primaryimage"},"image":{"@id":"https:\/\/bogensportdiscount.ch\/fr\/produit\/bucktrail-sehnenspanner-traditional-longbow-cup-and-cup-leder-braun\/#primaryimage"},"thumbnailUrl":"https:\/\/bogensportdiscount.ch\/wp-content\/uploads\/bsm-images\/A056605_1.png","datePublished":"2026-04-05T12:27:02+00:00","dateModified":"2026-04-20T10:48:07+00:00","breadcrumb":{"@id":"https:\/\/bogensportdiscount.ch\/fr\/produit\/bucktrail-sehnenspanner-traditional-longbow-cup-and-cup-leder-braun\/#breadcrumb"},"inLanguage":"it-IT","potentialAction":[{"@type":"ReadAction","target":["https:\/\/bogensportdiscount.ch\/fr\/produit\/bucktrail-sehnenspanner-traditional-longbow-cup-and-cup-leder-braun\/"]}]},{"@type":"ImageObject","inLanguage":"it-IT","@id":"https:\/\/bogensportdiscount.ch\/fr\/produit\/bucktrail-sehnenspanner-traditional-longbow-cup-and-cup-leder-braun\/#primaryimage","url":"https:\/\/bogensportdiscount.ch\/wp-content\/uploads\/bsm-images\/A056605_1.png","contentUrl":"https:\/\/bogensportdiscount.ch\/wp-content\/uploads\/bsm-images\/A056605_1.png","width":2646,"height":2446},{"@type":"BreadcrumbList","@id":"https:\/\/bogensportdiscount.ch\/fr\/produit\/bucktrail-sehnenspanner-traditional-longbow-cup-and-cup-leder-braun\/#breadcrumb","itemListElement":[{"@type":"ListItem","position":1,"name":"Home","item":"https:\/\/bogensportdiscount.ch\/"},{"@type":"ListItem","position":2,"name":"Shop","item":"https:\/\/bogensportdiscount.ch\/shop\/"},{"@type":"ListItem","position":3,"name":"BUCK TRAIL BOGENSPANNER TRADITIONAL LONGBOW CUP UND CUP LEDER BRAUN"}]},{"@type":"WebSite","@id":"https:\/\/bogensportdiscount.ch\/#website","url":"https:\/\/bogensportdiscount.ch\/","name":"Bogensportdiscount","description":"","potentialAction":[{"@type":"SearchAction","target":{"@type":"EntryPoint","urlTemplate":"https:\/\/bogensportdiscount.ch\/?s={search_term_string}"},"query-input":{"@type":"PropertyValueSpecification","valueRequired":true,"valueName":"search_term_string"}}],"inLanguage":"it-IT"}]}},"_links":{"self":[{"href":"https:\/\/bogensportdiscount.ch\/it\/wp-json\/wp\/v2\/product\/392730","targetHints":{"allow":["GET"]}}],"collection":[{"href":"https:\/\/bogensportdiscount.ch\/it\/wp-json\/wp\/v2\/product"}],"about":[{"href":"https:\/\/bogensportdiscount.ch\/it\/wp-json\/wp\/v2\/types\/product"}],"replies":[{"embeddable":true,"href":"https:\/\/bogensportdiscount.ch\/it\/wp-json\/wp\/v2\/comments?post=392730"}],"wp:featuredmedia":[{"embeddable":true,"href":"https:\/\/bogensportdiscount.ch\/it\/wp-json\/wp\/v2\/media\/442211"}],"wp:attachment":[{"href":"https:\/\/bogensportdiscount.ch\/it\/wp-json\/wp\/v2\/media?parent=392730"}],"wp:term":[{"taxonomy":"product_brand","embeddable":true,"href":"https:\/\/bogensportdiscount.ch\/it\/wp-json\/wp\/v2\/product_brand?post=392730"},{"taxonomy":"product_cat","embeddable":true,"href":"https:\/\/bogensportdiscount.ch\/it\/wp-json\/wp\/v2\/product_cat?post=392730"},{"taxonomy":"product_tag","embeddable":true,"href":"https:\/\/bogensportdiscount.ch\/it\/wp-json\/wp\/v2\/product_tag?post=392730"}],"curies":[{"name":"wp","href":"https:\/\/api.w.org\/{rel}","templated":true}]}}