{"id":392727,"date":"2026-04-05T14:27:01","date_gmt":"2026-04-05T12:27:01","guid":{"rendered":"https:\/\/bogensportdiscount.ch\/produkt\/covert-scouting-cameras-mp9\/"},"modified":"2026-04-15T12:14:58","modified_gmt":"2026-04-15T10:14:58","slug":"covert-wildkamera-mp9","status":"publish","type":"product","link":"https:\/\/bogensportdiscount.ch\/it\/prodotto\/covert-wildkamera-mp9\/","title":{"rendered":"TELECAMERE DA RICOGNIZIONE MP9"},"content":{"rendered":"<p>Die Covert MP9 geh\u00f6rt zur Scouting-Kamera-Linie von Covert und ist auf den Einsatz im Outdoorbereich sowie f\u00fcr die Jagd ausgelegt. Als Wildkamera erm\u00f6glicht sie die selbstst\u00e4ndige Aufzeichnung von Tieraktivit\u00e4ten an Wildwechseln, Futterstellen oder Revierzug\u00e4ngen.<\/p>\n<p>Die Kamera ist f\u00fcr den wetterfesten Dauereinsatz im Gel\u00e4nde konzipiert und l\u00e4sst sich unauff\u00e4llig an B\u00e4umen oder Pf\u00e4hlen befestigen. Mit der MP9 lassen sich R\u00fcckschl\u00fcsse auf Wildbestand und Aktivit\u00e4tsmuster im Revier ziehen.<\/p>\n<ul>\n<li>Wildkamera der Marke Covert<\/li>\n<li>Geeignet f\u00fcr Outdoor- und Jagdeinsatz<\/li>\n<li>Diskrete Platzierung im Gel\u00e4nde<\/li>\n<li>Zur Beobachtung von Wildwechseln und Revieren<\/li>\n<\/ul>","protected":false},"excerpt":{"rendered":"<p><strong>Marchio:<\/strong> Covert<br \/><strong>GTIN:<\/strong> 850022648038<\/p>","protected":false},"featured_media":442218,"comment_status":"open","ping_status":"closed","template":"","meta":[],"product_brand":[840],"product_cat":[4416],"product_tag":[3546],"class_list":{"0":"post-392727","1":"product","2":"type-product","3":"status-publish","4":"has-post-thumbnail","6":"product_brand-covert","7":"product_cat-wildkameras","8":"product_tag-neuheit","10":"first","11":"instock","12":"shipping-taxable","13":"purchasable","14":"product-type-simple"},"_links":{"self":[{"href":"https:\/\/bogensportdiscount.ch\/it\/wp-json\/wp\/v2\/product\/392727","targetHints":{"allow":["GET"]}}],"collection":[{"href":"https:\/\/bogensportdiscount.ch\/it\/wp-json\/wp\/v2\/product"}],"about":[{"href":"https:\/\/bogensportdiscount.ch\/it\/wp-json\/wp\/v2\/types\/product"}],"replies":[{"embeddable":true,"href":"https:\/\/bogensportdiscount.ch\/it\/wp-json\/wp\/v2\/comments?post=392727"}],"wp:featuredmedia":[{"embeddable":true,"href":"https:\/\/bogensportdiscount.ch\/it\/wp-json\/wp\/v2\/media\/442218"}],"wp:attachment":[{"href":"https:\/\/bogensportdiscount.ch\/it\/wp-json\/wp\/v2\/media?parent=392727"}],"wp:term":[{"taxonomy":"product_brand","embeddable":true,"href":"https:\/\/bogensportdiscount.ch\/it\/wp-json\/wp\/v2\/product_brand?post=392727"},{"taxonomy":"product_cat","embeddable":true,"href":"https:\/\/bogensportdiscount.ch\/it\/wp-json\/wp\/v2\/product_cat?post=392727"},{"taxonomy":"product_tag","embeddable":true,"href":"https:\/\/bogensportdiscount.ch\/it\/wp-json\/wp\/v2\/product_tag?post=392727"}],"curies":[{"name":"wp","href":"https:\/\/api.w.org\/{rel}","templated":true}]}}