{"id":392697,"date":"2026-04-05T14:26:54","date_gmt":"2026-04-05T12:26:54","guid":{"rendered":"https:\/\/bogensportdiscount.ch\/produkt\/hha-hunting-3d-adjustable-stabilizer-bar-tetra-lrz-6-10\/"},"modified":"2026-04-15T12:14:57","modified_gmt":"2026-04-15T10:14:57","slug":"hha-jagd-3d-stabilisator-tetra-lrz-verstellbar-6-10-zoll","status":"publish","type":"product","link":"https:\/\/bogensportdiscount.ch\/it\/prodotto\/hha-jagd-3d-stabilisator-tetra-lrz-verstellbar-6-10-zoll\/","title":{"rendered":"BARRA STABILIZZATRICE REGOLABILE HHA HUNTING &amp; 3D TETRA LRZ 6\u2033-10\u2033"},"content":{"rendered":"<p>Der HHA Tetra LRZ ist ein verstellbarer Stabilisatorstab, der speziell f\u00fcr den Einsatz beim Jagd- und 3D-Bogenschiessen konzipiert wurde. Durch den einstellbaren L\u00e4ngenbereich von 6&#8243; bis 10&#8243; l\u00e4sst sich der Stab individuell an die jeweilige Situation und den pers\u00f6nlichen Schiessstil anpassen.<\/p>\n<p>Stabilisatoren reduzieren Bogenbewegungen beim Schuss und tragen dazu bei, das Zittern der Hand abzud\u00e4mpfen. Der verstellbare Tetra LRZ ist dabei besonders praktisch, wenn unterschiedliche Einsatzbedingungen \u2014 etwa im Gel\u00e4nde beim 3D-Schiessen oder auf der Jagd \u2014 eine flexible Ausr\u00fcstung erfordern.<\/p>\n<ul>\n<li>Verstellbare L\u00e4nge: 6&#8243; bis 10&#8243;<\/li>\n<li>Geeignet f\u00fcr Jagd- und 3D-Bogenschiessen<\/li>\n<li>Kompaktes und anpassungsf\u00e4higes Design<\/li>\n<li>Von HHA Sports, einem etablierten Hersteller im Bogensport<\/li>\n<\/ul>","protected":false},"excerpt":{"rendered":"<p><strong>Marchio:<\/strong> HHA<br \/><strong>Farbe:<\/strong> Schwarz<br \/><strong>GTIN:<\/strong> 716415210001<\/p>","protected":false},"featured_media":442264,"comment_status":"open","ping_status":"closed","template":"","meta":[],"product_brand":[528],"product_cat":[4629],"product_tag":[3546],"class_list":{"0":"post-392697","1":"product","2":"type-product","3":"status-publish","4":"has-post-thumbnail","6":"product_brand-hha","7":"product_cat-jagd-stabilizer","8":"product_tag-neuheit","10":"first","11":"instock","12":"shipping-taxable","13":"purchasable","14":"product-type-simple"},"_links":{"self":[{"href":"https:\/\/bogensportdiscount.ch\/it\/wp-json\/wp\/v2\/product\/392697","targetHints":{"allow":["GET"]}}],"collection":[{"href":"https:\/\/bogensportdiscount.ch\/it\/wp-json\/wp\/v2\/product"}],"about":[{"href":"https:\/\/bogensportdiscount.ch\/it\/wp-json\/wp\/v2\/types\/product"}],"replies":[{"embeddable":true,"href":"https:\/\/bogensportdiscount.ch\/it\/wp-json\/wp\/v2\/comments?post=392697"}],"wp:featuredmedia":[{"embeddable":true,"href":"https:\/\/bogensportdiscount.ch\/it\/wp-json\/wp\/v2\/media\/442264"}],"wp:attachment":[{"href":"https:\/\/bogensportdiscount.ch\/it\/wp-json\/wp\/v2\/media?parent=392697"}],"wp:term":[{"taxonomy":"product_brand","embeddable":true,"href":"https:\/\/bogensportdiscount.ch\/it\/wp-json\/wp\/v2\/product_brand?post=392697"},{"taxonomy":"product_cat","embeddable":true,"href":"https:\/\/bogensportdiscount.ch\/it\/wp-json\/wp\/v2\/product_cat?post=392697"},{"taxonomy":"product_tag","embeddable":true,"href":"https:\/\/bogensportdiscount.ch\/it\/wp-json\/wp\/v2\/product_tag?post=392697"}],"curies":[{"name":"wp","href":"https:\/\/api.w.org\/{rel}","templated":true}]}}