{"id":392691,"date":"2026-04-05T14:26:53","date_gmt":"2026-04-05T12:26:53","guid":{"rendered":"https:\/\/bogensportdiscount.ch\/produkt\/kaminskiarchery-kaminsky-archery-books-tuning-for-performance-by-jake-kaminski-english\/"},"modified":"2026-04-15T12:14:57","modified_gmt":"2026-04-15T10:14:57","slug":"kaminski-archery-buch-tuning-for-performance-jake-kaminski-englisch","status":"publish","type":"product","link":"https:\/\/bogensportdiscount.ch\/it\/prodotto\/kaminski-archery-buch-tuning-for-performance-jake-kaminski-englisch\/","title":{"rendered":"KAMINSKIARCHERY KAMINSKY ARCHERY BOOKS \u201aTUNING FOR PERFORMANCE\u2018 di JAKE KAMINSKI (Inglese)"},"content":{"rendered":"<p>\u00abTuning for Performance\u00bb von Jake Kaminski ist ein praxisorientiertes Handbuch rund um das Tuning von Recurve-Bogen-Equipment. Jake Kaminski geh\u00f6rt zu den bekanntesten amerikanischen Recurve-Sch\u00fctzen und gibt in diesem Buch sein Wissen aus dem Spitzensport weiter.<\/p>\n<p>Das Buch behandelt systematisch die Abstimmung von Bogen, Pfeilen und Zubeh\u00f6r mit dem Ziel, eine konstante und pr\u00e4zise Schussabgabe zu erreichen. Es richtet sich sowohl an fortgeschrittene Hobbysch\u00fctzen als auch an ambitionierte Wettkampfsch\u00fctzen.<\/p>\n<ul>\n<li>Verfasst von Jake Kaminski, mehrfachem US-Champion und Olympia-Silbermedaillengewinner<\/li>\n<li>Praxisnahe Anleitungen zum Equipment-Tuning<\/li>\n<li>Auf Englisch verfasst<\/li>\n<li>Geeignet f\u00fcr fortgeschrittene Recurve-Sch\u00fctzen<\/li>\n<\/ul>","protected":false},"excerpt":{"rendered":"<p><strong>Marchio:<\/strong> Kaminski Archery<br \/><strong>Sprache:<\/strong> English<\/p>","protected":false},"featured_media":442289,"comment_status":"open","ping_status":"closed","template":"","meta":[],"product_brand":[789],"product_cat":[4568],"product_tag":[3546],"class_list":{"0":"post-392691","1":"product","2":"type-product","3":"status-publish","4":"has-post-thumbnail","6":"product_brand-kaminskiarchery","7":"product_cat-buecher-buecher-dvds-werkzeuge-training","8":"product_tag-neuheit","10":"first","11":"instock","12":"shipping-taxable","13":"purchasable","14":"product-type-simple"},"_links":{"self":[{"href":"https:\/\/bogensportdiscount.ch\/it\/wp-json\/wp\/v2\/product\/392691","targetHints":{"allow":["GET"]}}],"collection":[{"href":"https:\/\/bogensportdiscount.ch\/it\/wp-json\/wp\/v2\/product"}],"about":[{"href":"https:\/\/bogensportdiscount.ch\/it\/wp-json\/wp\/v2\/types\/product"}],"replies":[{"embeddable":true,"href":"https:\/\/bogensportdiscount.ch\/it\/wp-json\/wp\/v2\/comments?post=392691"}],"wp:featuredmedia":[{"embeddable":true,"href":"https:\/\/bogensportdiscount.ch\/it\/wp-json\/wp\/v2\/media\/442289"}],"wp:attachment":[{"href":"https:\/\/bogensportdiscount.ch\/it\/wp-json\/wp\/v2\/media?parent=392691"}],"wp:term":[{"taxonomy":"product_brand","embeddable":true,"href":"https:\/\/bogensportdiscount.ch\/it\/wp-json\/wp\/v2\/product_brand?post=392691"},{"taxonomy":"product_cat","embeddable":true,"href":"https:\/\/bogensportdiscount.ch\/it\/wp-json\/wp\/v2\/product_cat?post=392691"},{"taxonomy":"product_tag","embeddable":true,"href":"https:\/\/bogensportdiscount.ch\/it\/wp-json\/wp\/v2\/product_tag?post=392691"}],"curies":[{"name":"wp","href":"https:\/\/api.w.org\/{rel}","templated":true}]}}