{"id":392686,"date":"2026-04-05T14:26:52","date_gmt":"2026-04-05T12:26:52","guid":{"rendered":"https:\/\/bogensportdiscount.ch\/produkt\/slick-trick-ss3-1-1-8-1-gr-3-blade-3-pk-fixed-blade-broadheads-ss3-1-1-8-1-gr-3-blade-3-pk\/"},"modified":"2026-04-15T12:14:56","modified_gmt":"2026-04-15T10:14:56","slug":"slicktrick-broadhead-feststehender-klinge-ss3-1-1-8-100-grain-3-klinge-3er-pack","status":"publish","type":"product","link":"https:\/\/bogensportdiscount.ch\/it\/prodotto\/slicktrick-broadhead-feststehender-klinge-ss3-1-1-8-100-grain-3-klinge-3er-pack\/","title":{"rendered":"SLICK TRICK SS3 1 1\/8\u2033 1 GR 3 LAMA 3\/PK PUNTE FISSE SS3 1 1\/8\u2033 1 GR 3 LAMA 3\/PK"},"content":{"rendered":"<p>Der Slicktrick SS3 ist ein Broadhead mit feststehender Klinge, der in einem 3er-Pack geliefert wird. Mit einem Schnittdurchmesser von 1 1\/8 Zoll und einem Gewicht von 100 Grain eignet er sich f\u00fcr den Einsatz mit herk\u00f6mmlichen Jagdpfeilen.<\/p>\n<p>Die drei feststehenden Klingen sorgen f\u00fcr eine zuverl\u00e4ssige und konsistente Flugbahn sowie eine hohe Eindringtiefe beim Aufprall. Feststehende Klingen sind bekannt f\u00fcr ihre Robustheit und Wartungsfreundlichkeit gegen\u00fcber mechanischen Alternativen.<\/p>\n<ul>\n<li>Schnittdurchmesser: 1 1\/8 Zoll<\/li>\n<li>Gewicht: 100 Grain<\/li>\n<li>3 feststehende Klingen<\/li>\n<li>Lieferumfang: 3 St\u00fcck pro Pack<\/li>\n<\/ul>","protected":false},"excerpt":{"rendered":"<p><strong>Marchio:<\/strong> Slick Trick<br \/><strong>Farbe:<\/strong> Schwarz<br \/><strong>Klingen:<\/strong> 3<br \/><strong>Gewicht:<\/strong> 100<br \/><strong>GTIN:<\/strong> 745167076016<\/p>","protected":false},"featured_media":452803,"comment_status":"open","ping_status":"closed","template":"","meta":[],"product_brand":[487],"product_cat":[4213],"product_tag":[3546],"class_list":{"0":"post-392686","1":"product","2":"type-product","3":"status-publish","4":"has-post-thumbnail","6":"product_brand-slicktrick","7":"product_cat-feste-klinge-jagdspitzen","8":"product_tag-neuheit","10":"first","11":"instock","12":"shipping-taxable","13":"purchasable","14":"product-type-simple"},"_links":{"self":[{"href":"https:\/\/bogensportdiscount.ch\/it\/wp-json\/wp\/v2\/product\/392686","targetHints":{"allow":["GET"]}}],"collection":[{"href":"https:\/\/bogensportdiscount.ch\/it\/wp-json\/wp\/v2\/product"}],"about":[{"href":"https:\/\/bogensportdiscount.ch\/it\/wp-json\/wp\/v2\/types\/product"}],"replies":[{"embeddable":true,"href":"https:\/\/bogensportdiscount.ch\/it\/wp-json\/wp\/v2\/comments?post=392686"}],"wp:featuredmedia":[{"embeddable":true,"href":"https:\/\/bogensportdiscount.ch\/it\/wp-json\/wp\/v2\/media\/452803"}],"wp:attachment":[{"href":"https:\/\/bogensportdiscount.ch\/it\/wp-json\/wp\/v2\/media?parent=392686"}],"wp:term":[{"taxonomy":"product_brand","embeddable":true,"href":"https:\/\/bogensportdiscount.ch\/it\/wp-json\/wp\/v2\/product_brand?post=392686"},{"taxonomy":"product_cat","embeddable":true,"href":"https:\/\/bogensportdiscount.ch\/it\/wp-json\/wp\/v2\/product_cat?post=392686"},{"taxonomy":"product_tag","embeddable":true,"href":"https:\/\/bogensportdiscount.ch\/it\/wp-json\/wp\/v2\/product_tag?post=392686"}],"curies":[{"name":"wp","href":"https:\/\/api.w.org\/{rel}","templated":true}]}}