{"id":392603,"date":"2026-04-05T14:26:35","date_gmt":"2026-04-05T12:26:35","guid":{"rendered":"https:\/\/bogensportdiscount.ch\/produkt\/elevation-dual-bino-range-finder-harness\/"},"modified":"2026-04-15T12:14:51","modified_gmt":"2026-04-15T10:14:51","slug":"elevation-dual-fernglas-entfernungsmesser-tragegeschirr","status":"publish","type":"product","link":"https:\/\/bogensportdiscount.ch\/it\/prodotto\/elevation-dual-fernglas-entfernungsmesser-tragegeschirr\/","title":{"rendered":"CABLAGGIO DOPPIO BINO\/TELEMETRO DI ELEVAZIONE"},"content":{"rendered":"<p>Das Elevation Dual Bino\/Range Finder Harness wurde f\u00fcr J\u00e4ger und Outdoor-Enthusiasten entwickelt, die gleichzeitig ein Fernglas und einen Entfernungsmesser griffbereit haben m\u00f6chten. Das Tragegeschirr wird am K\u00f6rper getragen und h\u00e4lt beide Ger\u00e4te sicher und zug\u00e4nglich, ohne den Bewegungsablauf einzuschr\u00e4nken.<\/p>\n<p>Dank der Dual-Aufnahme entf\u00e4llt das umst\u00e4ndliche Verstauen und Heraussuchen einzelner Ger\u00e4te \u2013 beide Optiken sind jederzeit schnell einsatzbereit. Das Harness eignet sich f\u00fcr den Einsatz bei der Jagd, beim Bogensport oder auf Beobachtungstouren.<\/p>\n<ul>\n<li>Gleichzeitige Aufnahme von Fernglas und Entfernungsmesser<\/li>\n<li>Schneller Zugriff auf beide Ger\u00e4te<\/li>\n<li>Geeignet f\u00fcr Jagd- und Outdoor-Aktivit\u00e4ten<\/li>\n<li>Marke: Elevation<\/li>\n<\/ul>","protected":false},"excerpt":{"rendered":"<p>Das Elevation Dual Bino\/Range Finder Harness ist ein Tragegeschirr f\u00fcr die gleichzeitige Aufnahme von Fernglas und Entfernungsmesser. Ideal f\u00fcr Jagd und Outdoor-Eins\u00e4tze, erm\u00f6glicht es schnellen Zugriff auf beide Optiken. Hergestellt in den USA.<\/p>","protected":false},"featured_media":442353,"comment_status":"open","ping_status":"closed","template":"","meta":[],"product_brand":[837],"product_cat":[4374],"product_tag":[3546],"class_list":{"0":"post-392603","1":"product","2":"type-product","3":"status-publish","4":"has-post-thumbnail","6":"product_brand-elevation","7":"product_cat-sd-cart-leser-batterien","8":"product_tag-neuheit","10":"first","11":"instock","12":"shipping-taxable","13":"purchasable","14":"product-type-simple"},"_links":{"self":[{"href":"https:\/\/bogensportdiscount.ch\/it\/wp-json\/wp\/v2\/product\/392603","targetHints":{"allow":["GET"]}}],"collection":[{"href":"https:\/\/bogensportdiscount.ch\/it\/wp-json\/wp\/v2\/product"}],"about":[{"href":"https:\/\/bogensportdiscount.ch\/it\/wp-json\/wp\/v2\/types\/product"}],"replies":[{"embeddable":true,"href":"https:\/\/bogensportdiscount.ch\/it\/wp-json\/wp\/v2\/comments?post=392603"}],"wp:featuredmedia":[{"embeddable":true,"href":"https:\/\/bogensportdiscount.ch\/it\/wp-json\/wp\/v2\/media\/442353"}],"wp:attachment":[{"href":"https:\/\/bogensportdiscount.ch\/it\/wp-json\/wp\/v2\/media?parent=392603"}],"wp:term":[{"taxonomy":"product_brand","embeddable":true,"href":"https:\/\/bogensportdiscount.ch\/it\/wp-json\/wp\/v2\/product_brand?post=392603"},{"taxonomy":"product_cat","embeddable":true,"href":"https:\/\/bogensportdiscount.ch\/it\/wp-json\/wp\/v2\/product_cat?post=392603"},{"taxonomy":"product_tag","embeddable":true,"href":"https:\/\/bogensportdiscount.ch\/it\/wp-json\/wp\/v2\/product_tag?post=392603"}],"curies":[{"name":"wp","href":"https:\/\/api.w.org\/{rel}","templated":true}]}}