{"id":392601,"date":"2026-04-05T14:26:35","date_gmt":"2026-04-05T12:26:35","guid":{"rendered":"https:\/\/bogensportdiscount.ch\/produkt\/omp-bow-accessory-tree-hooks-3-pack\/"},"modified":"2026-04-15T12:14:51","modified_gmt":"2026-04-15T10:14:51","slug":"omp-bogen-zubehoer-baumhaken-3er-pack","status":"publish","type":"product","link":"https:\/\/bogensportdiscount.ch\/it\/prodotto\/omp-bogen-zubehoer-baumhaken-3er-pack\/","title":{"rendered":"GANCI PER ALBERI DI ARCHI\/ACCESSORI OMP 3\/CONFEZIONE"},"content":{"rendered":"<p>Die OMP Bogen\/Zubeh\u00f6r Baumhaken sind speziell f\u00fcr den Einsatz am Baumstand konzipiert. Sie erm\u00f6glichen eine sichere und platzsparende Aufh\u00e4ngung von Bogen, K\u00f6cher oder weiterem Jagdzubeh\u00f6r, sodass die Ausr\u00fcstung stets griffbereit bleibt.<\/p>\n<p>Das Set enth\u00e4lt 3 Haken, was eine flexible Anbringung an verschiedenen Stellen des Baumstandes erlaubt. Die Haken eignen sich f\u00fcr alle g\u00e4ngigen Baumst\u00e4nder und lassen sich einfach montieren.<\/p>\n<ul>\n<li>3 Haken im Lieferumfang<\/li>\n<li>Geeignet f\u00fcr Bogen und diverses Jagdzubeh\u00f6r<\/li>\n<li>Einfache Montage am Baumstand<\/li>\n<li>Kompaktes Zubeh\u00f6r f\u00fcr die Jagd vom Hochsitz<\/li>\n<\/ul>","protected":false},"excerpt":{"rendered":"<p><strong>Marchio:<\/strong> OMP<br \/><strong>GTIN:<\/strong> 811314028563<\/p>","protected":false},"featured_media":442350,"comment_status":"open","ping_status":"closed","template":"","meta":[],"product_brand":[795],"product_cat":[4577],"product_tag":[3546],"class_list":{"0":"post-392601","1":"product","2":"type-product","3":"status-publish","4":"has-post-thumbnail","6":"product_brand-omp","7":"product_cat-zubehoer-einzelteile-blinds-baumsitz-leiter","8":"product_tag-neuheit","10":"first","11":"instock","12":"shipping-taxable","13":"purchasable","14":"product-type-simple"},"_links":{"self":[{"href":"https:\/\/bogensportdiscount.ch\/it\/wp-json\/wp\/v2\/product\/392601","targetHints":{"allow":["GET"]}}],"collection":[{"href":"https:\/\/bogensportdiscount.ch\/it\/wp-json\/wp\/v2\/product"}],"about":[{"href":"https:\/\/bogensportdiscount.ch\/it\/wp-json\/wp\/v2\/types\/product"}],"replies":[{"embeddable":true,"href":"https:\/\/bogensportdiscount.ch\/it\/wp-json\/wp\/v2\/comments?post=392601"}],"wp:featuredmedia":[{"embeddable":true,"href":"https:\/\/bogensportdiscount.ch\/it\/wp-json\/wp\/v2\/media\/442350"}],"wp:attachment":[{"href":"https:\/\/bogensportdiscount.ch\/it\/wp-json\/wp\/v2\/media?parent=392601"}],"wp:term":[{"taxonomy":"product_brand","embeddable":true,"href":"https:\/\/bogensportdiscount.ch\/it\/wp-json\/wp\/v2\/product_brand?post=392601"},{"taxonomy":"product_cat","embeddable":true,"href":"https:\/\/bogensportdiscount.ch\/it\/wp-json\/wp\/v2\/product_cat?post=392601"},{"taxonomy":"product_tag","embeddable":true,"href":"https:\/\/bogensportdiscount.ch\/it\/wp-json\/wp\/v2\/product_tag?post=392601"}],"curies":[{"name":"wp","href":"https:\/\/api.w.org\/{rel}","templated":true}]}}