{"id":392593,"date":"2026-04-05T14:26:33","date_gmt":"2026-04-05T12:26:33","guid":{"rendered":"https:\/\/bogensportdiscount.ch\/produkt\/axe-crossbow-bolts-6-pk-19\/"},"modified":"2026-04-15T12:14:50","modified_gmt":"2026-04-15T10:14:50","slug":"axe-carbon-armbrust-bolzen-19-6er-pack","status":"publish","type":"product","link":"https:\/\/bogensportdiscount.ch\/it\/prodotto\/axe-carbon-armbrust-bolzen-19-6er-pack\/","title":{"rendered":"ASCIA BALESTRA BULLONI 6\/PZ 19\u2033"},"content":{"rendered":"<p>Die AXE Armbrust-Bolzen aus Carbon sind in einer L\u00e4nge von 19 Zoll erh\u00e4ltlich und werden als 6er-Pack geliefert. Carbon als Material bietet eine gute Balance zwischen Gewicht und Steifigkeit, was zu einem gleichm\u00e4ssigen Flugverhalten beitr\u00e4gt.<\/p>\n<p>Diese Bolzen eignen sich f\u00fcr Sch\u00fctzen, die nach zuverl\u00e4ssiger Munition f\u00fcr ihre Armbrust suchen. Die Ausf\u00fchrung als Carbon-Bolzen macht sie zu einer g\u00e4ngigen Wahl f\u00fcr Training und Jagd.<\/p>\n<ul>\n<li>L\u00e4nge: 19 Zoll<\/li>\n<li>Materiale: carbonio<\/li>\n<li>Lieferumfang: 6 Bolzen pro Pack<\/li>\n<li>Marke: AXE<\/li>\n<\/ul>","protected":false},"excerpt":{"rendered":"<p><strong>Marchio:<\/strong> ASSE<br \/><strong>Tipo:<\/strong> Axe nock<br \/><strong>L\u00e4nge (Zoll):<\/strong> 19<br \/><strong>Packaging:<\/strong> 6\/Pk<br \/><strong>GTIN:<\/strong> 818322014717<\/p>","protected":false},"featured_media":447537,"comment_status":"open","ping_status":"closed","template":"","meta":[],"product_brand":[836],"product_cat":[4359],"product_tag":[3546],"class_list":{"0":"post-392593","1":"product","2":"type-product","3":"status-publish","4":"has-post-thumbnail","6":"product_brand-axe","7":"product_cat-carbon-bolzen","8":"product_tag-neuheit","10":"first","11":"instock","12":"shipping-taxable","13":"purchasable","14":"product-type-simple"},"_links":{"self":[{"href":"https:\/\/bogensportdiscount.ch\/it\/wp-json\/wp\/v2\/product\/392593","targetHints":{"allow":["GET"]}}],"collection":[{"href":"https:\/\/bogensportdiscount.ch\/it\/wp-json\/wp\/v2\/product"}],"about":[{"href":"https:\/\/bogensportdiscount.ch\/it\/wp-json\/wp\/v2\/types\/product"}],"replies":[{"embeddable":true,"href":"https:\/\/bogensportdiscount.ch\/it\/wp-json\/wp\/v2\/comments?post=392593"}],"wp:featuredmedia":[{"embeddable":true,"href":"https:\/\/bogensportdiscount.ch\/it\/wp-json\/wp\/v2\/media\/447537"}],"wp:attachment":[{"href":"https:\/\/bogensportdiscount.ch\/it\/wp-json\/wp\/v2\/media?parent=392593"}],"wp:term":[{"taxonomy":"product_brand","embeddable":true,"href":"https:\/\/bogensportdiscount.ch\/it\/wp-json\/wp\/v2\/product_brand?post=392593"},{"taxonomy":"product_cat","embeddable":true,"href":"https:\/\/bogensportdiscount.ch\/it\/wp-json\/wp\/v2\/product_cat?post=392593"},{"taxonomy":"product_tag","embeddable":true,"href":"https:\/\/bogensportdiscount.ch\/it\/wp-json\/wp\/v2\/product_tag?post=392593"}],"curies":[{"name":"wp","href":"https:\/\/api.w.org\/{rel}","templated":true}]}}