{"id":392590,"date":"2026-04-05T14:26:32","date_gmt":"2026-04-05T12:26:32","guid":{"rendered":"https:\/\/bogensportdiscount.ch\/produkt\/avalon-foam-target-centres-sand-black-round-center-dia-19x21cm\/"},"modified":"2026-04-19T11:42:22","modified_gmt":"2026-04-19T09:42:22","slug":"avalon-schaumstoff-zielscheibenzentrum-sand-schwarz-rund-19x21cm","status":"publish","type":"product","link":"https:\/\/bogensportdiscount.ch\/it\/prodotto\/avalon-schaumstoff-zielscheibenzentrum-sand-schwarz-rund-19x21cm\/","title":{"rendered":"AVALON FOAM BERSAGLI CENTRALI SABBIA NERO ROTONDI dia. 19x21 cm"},"content":{"rendered":"<p>Das AVALON Schaumstoff-Zielscheibenzentrum ist ein rundes Einschubelement aus Schaumstoff mit den Abmessungen 19x21cm (Durchmesser). Die Farbgebung in Sand und Schwarz erm\u00f6glicht eine gute Sichtbarkeit der Einsch\u00fcsse beim Training.<\/p>\n<p>Als austauschbares Zentrum f\u00fcr Sackziele konzipiert, l\u00e4sst es sich bei Verschleiss einfach ersetzen, ohne das gesamte Ziel erneuern zu m\u00fcssen. Dies macht es zu einer praktischen und kosteng\u00fcnstigen L\u00f6sung f\u00fcr den regelm\u00e4ssigen Bogensportbetrieb.<\/p>\n<ul>\n<li>Rundes Schaumstoff-Zielscheibenzentrum<\/li>\n<li>Durchmesser 19x21cm<\/li>\n<li>Farbgebung Sand\/Schwarz f\u00fcr gute Einschusssichtbarkeit<\/li>\n<li>Geeignet als Ersatzzentrum f\u00fcr Sackziele<\/li>\n<\/ul>","protected":false},"excerpt":{"rendered":"<p><strong>Marchio:<\/strong> Avalon<br \/><strong>Tipo:<\/strong> Center<br \/><strong>Foam type:<\/strong> Polyfoam sandwich<br \/><strong>GTIN:<\/strong> 8595053915910<\/p>","protected":false},"featured_media":447543,"comment_status":"open","ping_status":"closed","template":"","meta":[],"product_brand":[449],"product_cat":[4338],"product_tag":[3546],"class_list":{"0":"post-392590","1":"product","2":"type-product","3":"status-publish","4":"has-post-thumbnail","6":"product_brand-avalon","7":"product_cat-center-teilen-fuer-ziele","8":"product_tag-neuheit","10":"first","11":"instock","12":"shipping-taxable","13":"purchasable","14":"product-type-simple"},"_links":{"self":[{"href":"https:\/\/bogensportdiscount.ch\/it\/wp-json\/wp\/v2\/product\/392590","targetHints":{"allow":["GET"]}}],"collection":[{"href":"https:\/\/bogensportdiscount.ch\/it\/wp-json\/wp\/v2\/product"}],"about":[{"href":"https:\/\/bogensportdiscount.ch\/it\/wp-json\/wp\/v2\/types\/product"}],"replies":[{"embeddable":true,"href":"https:\/\/bogensportdiscount.ch\/it\/wp-json\/wp\/v2\/comments?post=392590"}],"wp:featuredmedia":[{"embeddable":true,"href":"https:\/\/bogensportdiscount.ch\/it\/wp-json\/wp\/v2\/media\/447543"}],"wp:attachment":[{"href":"https:\/\/bogensportdiscount.ch\/it\/wp-json\/wp\/v2\/media?parent=392590"}],"wp:term":[{"taxonomy":"product_brand","embeddable":true,"href":"https:\/\/bogensportdiscount.ch\/it\/wp-json\/wp\/v2\/product_brand?post=392590"},{"taxonomy":"product_cat","embeddable":true,"href":"https:\/\/bogensportdiscount.ch\/it\/wp-json\/wp\/v2\/product_cat?post=392590"},{"taxonomy":"product_tag","embeddable":true,"href":"https:\/\/bogensportdiscount.ch\/it\/wp-json\/wp\/v2\/product_tag?post=392590"}],"curies":[{"name":"wp","href":"https:\/\/api.w.org\/{rel}","templated":true}]}}