{"id":392582,"date":"2026-04-05T14:26:31","date_gmt":"2026-04-05T12:26:31","guid":{"rendered":"https:\/\/bogensportdiscount.ch\/produkt\/pine-ridge-arrow-inspector\/"},"modified":"2026-04-15T12:14:50","modified_gmt":"2026-04-15T10:14:50","slug":"pine-ridge-pfeil-inspektor-arrow-inspector","status":"publish","type":"product","link":"https:\/\/bogensportdiscount.ch\/it\/prodotto\/pine-ridge-pfeil-inspektor-arrow-inspector\/","title":{"rendered":"ISPETTORE DELLE FRECCE DI PINE RIDGE"},"content":{"rendered":"<p>Der Pine Ridge Arrow Inspector ist ein Kontrollwerkzeug aus dem Bereich Pfeilwartung. Mit ihm lassen sich Pfeile auf Verbiegungen, Risse oder andere Besch\u00e4digungen pr\u00fcfen, bevor sie im Training oder Wettkampf eingesetzt werden.<\/p>\n<p>Regelm\u00e4ssige Pfeiltests mit einem Inspektionswerkzeug helfen, besch\u00e4digte Pfeile fr\u00fchzeitig auszusortieren und so Verletzungen sowie Leistungseinbussen zu vermeiden. Der Arrow Inspector von Pine Ridge ist ein praxisnahes Hilfsmittel f\u00fcr Bogensch\u00fctzen, die auf Pfeilqualit\u00e4t und Sicherheit Wert legen.<\/p>\n<ul>\n<li>Werkzeug zur Pfeilkontrolle<\/li>\n<li>Erkennt Verbiegungen und Besch\u00e4digungen<\/li>\n<li>Geeignet f\u00fcr Training und Wettkampf<\/li>\n<li>Von Pine Ridge \u2014 etablierter Hersteller von Bogensport-Zubeh\u00f6r<\/li>\n<\/ul>","protected":false},"excerpt":{"rendered":"<p><strong>Marchio:<\/strong> Pine Ridge<br \/><strong>GTIN:<\/strong> 011859025007<\/p>","protected":false},"featured_media":452786,"comment_status":"open","ping_status":"closed","template":"","meta":[],"product_brand":[551],"product_cat":[4357],"product_tag":[3546],"class_list":{"0":"post-392582","1":"product","2":"type-product","3":"status-publish","4":"has-post-thumbnail","6":"product_brand-pine-ridge","7":"product_cat-spine-testers-straighteners","8":"product_tag-neuheit","10":"first","11":"instock","12":"shipping-taxable","13":"purchasable","14":"product-type-simple"},"_links":{"self":[{"href":"https:\/\/bogensportdiscount.ch\/it\/wp-json\/wp\/v2\/product\/392582","targetHints":{"allow":["GET"]}}],"collection":[{"href":"https:\/\/bogensportdiscount.ch\/it\/wp-json\/wp\/v2\/product"}],"about":[{"href":"https:\/\/bogensportdiscount.ch\/it\/wp-json\/wp\/v2\/types\/product"}],"replies":[{"embeddable":true,"href":"https:\/\/bogensportdiscount.ch\/it\/wp-json\/wp\/v2\/comments?post=392582"}],"wp:featuredmedia":[{"embeddable":true,"href":"https:\/\/bogensportdiscount.ch\/it\/wp-json\/wp\/v2\/media\/452786"}],"wp:attachment":[{"href":"https:\/\/bogensportdiscount.ch\/it\/wp-json\/wp\/v2\/media?parent=392582"}],"wp:term":[{"taxonomy":"product_brand","embeddable":true,"href":"https:\/\/bogensportdiscount.ch\/it\/wp-json\/wp\/v2\/product_brand?post=392582"},{"taxonomy":"product_cat","embeddable":true,"href":"https:\/\/bogensportdiscount.ch\/it\/wp-json\/wp\/v2\/product_cat?post=392582"},{"taxonomy":"product_tag","embeddable":true,"href":"https:\/\/bogensportdiscount.ch\/it\/wp-json\/wp\/v2\/product_tag?post=392582"}],"curies":[{"name":"wp","href":"https:\/\/api.w.org\/{rel}","templated":true}]}}