{"id":392551,"date":"2026-04-05T14:26:23","date_gmt":"2026-04-05T12:26:23","guid":{"rendered":"https:\/\/bogensportdiscount.ch\/produkt\/buck-trail-black-traditional-soft-case-t-d-bows-70cm-x-30cm-with-arrow-cannister\/"},"modified":"2026-05-14T07:13:41","modified_gmt":"2026-05-14T05:13:41","slug":"bucktrail-traditionelle-softcase-tasche-td-boegen-70cm-30cm-mit-pfeilkoecker","status":"publish","type":"product","link":"https:\/\/bogensportdiscount.ch\/it\/prodotto\/bucktrail-traditionelle-softcase-tasche-td-boegen-70cm-30cm-mit-pfeilkoecker\/","title":{"rendered":"BUCK TRAIL NERO TRADIZIONALE BORSA MORBIDA T\/D ARCHI 70cm x 30cm CON CONTENITORE FRECCE"},"content":{"rendered":"<p>Questa borsa soft case nera di BUCKTRAIL \u00e8 progettata per le esigenze degli arcieri con archi ricurvi tradizionali take-down. La misura interna di 70 cm x 30 cm consente il trasporto sicuro di un arco ricurvo smontato con gli accessori.<\/p>\n<p>Il contenitore per frecce integrato (Arrow Cannister) garantisce che le frecce possano essere conservate separatamente e protette, senza la necessit\u00e0 di una borsa aggiuntiva. Il guscio esterno morbido protegge il materiale da graffi e lievi urti durante l'uso quotidiano.<\/p>\n<ul>\n<li>Misure: 70 cm x 30 cm<\/li>\n<li>Adatto per archi take-down (T\/D)<\/li>\n<li>Contenitore per frecce integrato<\/li>\n<li>Colore: Nero<\/li>\n<\/ul>","protected":false},"excerpt":{"rendered":"<table>\n<tr>\n<th>Propriet\u00e0<\/th>\n<th>Valore<\/th>\n<\/tr>\n<tr>\n<td>Marca<\/td>\n<td>Buck Trail<\/td>\n<\/tr>\n<tr>\n<td>Colore<\/td>\n<td>Nero<\/td>\n<\/tr>\n<tr>\n<td>Paese di origine<\/td>\n<td>Cina<\/td>\n<\/tr>\n<tr>\n<td>GTIN<\/td>\n<td>6017431211244<\/td>\n<\/tr>\n<\/table>","protected":false},"featured_media":442383,"comment_status":"open","ping_status":"closed","template":"","meta":[],"product_brand":[432],"product_cat":[4124,4125,4127],"product_tag":[3546],"class_list":{"0":"post-392551","1":"product","2":"type-product","3":"status-publish","4":"has-post-thumbnail","6":"product_brand-bucktrail","7":"product_cat-bogenschuetzer-ausruestung","8":"product_cat-taschen-koffer","9":"product_cat-traditioneller-bogentaschen","10":"product_tag-neuheit","11":"product_shipping_class-bsd-standard","13":"first","14":"instock","15":"shipping-taxable","16":"purchasable","17":"product-type-simple"},"yoast_head":"<!-- This site is optimized with the Yoast SEO plugin v27.6 - https:\/\/yoast.com\/product\/yoast-seo-wordpress\/ -->\n<title>BUCK TRAIL SCHWARZ TRADITIONAL WEICHE TASCHE T\/D B\u00d6GEN 70cm x 30cm MIT PFEILBEH\u00c4LTER - Bogensportdiscount \u2013 B\u00f6gen, Pfeile, Targets &amp; Zubeh\u00f6r<\/title>\n<meta name=\"description\" content=\"BUCK TRAIL SCHWARZ TRADITIONAL WEICHE TASCHE T\/D B\u00d6GEN 70cm x 30cm MIT PFEILBEH\u00c4LTER g\u00fcnstig kaufen bei Bogensportdiscount \u2013 Top-Marken, schneller Versand aus der Schweiz.\" \/>\n<meta name=\"robots\" content=\"index, follow, max-snippet:-1, max-image-preview:large, max-video-preview:-1\" \/>\n<link rel=\"canonical\" href=\"https:\/\/bogensportdiscount.ch\/it\/prodotto\/bucktrail-traditionelle-softcase-tasche-td-boegen-70cm-30cm-mit-pfeilkoecker\/\" \/>\n<meta property=\"og:locale\" content=\"it_IT\" \/>\n<meta property=\"og:type\" content=\"article\" \/>\n<meta property=\"og:title\" content=\"BUCK TRAIL SCHWARZ TRADITIONAL WEICHE TASCHE T\/D B\u00d6GEN 70cm x 30cm MIT PFEILBEH\u00c4LTER - Bogensportdiscount \u2013 B\u00f6gen, Pfeile, Targets &amp; Zubeh\u00f6r\" \/>\n<meta property=\"og:description\" content=\"BUCK TRAIL SCHWARZ TRADITIONAL WEICHE TASCHE T\/D B\u00d6GEN 70cm x 30cm MIT PFEILBEH\u00c4LTER g\u00fcnstig kaufen bei Bogensportdiscount \u2013 Top-Marken, schneller Versand aus der Schweiz.\" \/>\n<meta property=\"og:url\" content=\"https:\/\/bogensportdiscount.ch\/it\/prodotto\/bucktrail-traditionelle-softcase-tasche-td-boegen-70cm-30cm-mit-pfeilkoecker\/\" \/>\n<meta property=\"og:site_name\" content=\"Bogensportdiscount \u2013 B\u00f6gen, Pfeile, Targets &amp; Zubeh\u00f6r\" \/>\n<meta property=\"article:modified_time\" content=\"2026-05-14T05:13:41+00:00\" \/>\n<meta property=\"og:image\" content=\"https:\/\/bogensportdiscount.ch\/wp-content\/uploads\/bsm-images\/A052788_1.png\" \/>\n\t<meta property=\"og:image:width\" content=\"5351\" \/>\n\t<meta property=\"og:image:height\" content=\"3148\" \/>\n\t<meta property=\"og:image:type\" content=\"image\/png\" \/>\n<meta name=\"twitter:card\" content=\"summary_large_image\" \/>\n<script type=\"application\/ld+json\" class=\"yoast-schema-graph\">{\"@context\":\"https:\\\/\\\/schema.org\",\"@graph\":[{\"@type\":\"WebPage\",\"@id\":\"https:\\\/\\\/bogensportdiscount.ch\\\/produkt\\\/bucktrail-traditionelle-softcase-tasche-td-boegen-70cm-30cm-mit-pfeilkoecker\\\/\",\"url\":\"https:\\\/\\\/bogensportdiscount.ch\\\/produkt\\\/bucktrail-traditionelle-softcase-tasche-td-boegen-70cm-30cm-mit-pfeilkoecker\\\/\",\"name\":\"BUCK TRAIL SCHWARZ TRADITIONAL WEICHE TASCHE T\\\/D B\u00d6GEN 70cm x 30cm MIT PFEILBEH\u00c4LTER - Bogensportdiscount \u2013 B\u00f6gen, Pfeile, Targets &amp; Zubeh\u00f6r\",\"isPartOf\":{\"@id\":\"https:\\\/\\\/bogensportdiscount.ch\\\/#website\"},\"primaryImageOfPage\":{\"@id\":\"https:\\\/\\\/bogensportdiscount.ch\\\/produkt\\\/bucktrail-traditionelle-softcase-tasche-td-boegen-70cm-30cm-mit-pfeilkoecker\\\/#primaryimage\"},\"image\":{\"@id\":\"https:\\\/\\\/bogensportdiscount.ch\\\/produkt\\\/bucktrail-traditionelle-softcase-tasche-td-boegen-70cm-30cm-mit-pfeilkoecker\\\/#primaryimage\"},\"thumbnailUrl\":\"https:\\\/\\\/bogensportdiscount.ch\\\/wp-content\\\/uploads\\\/bsm-images\\\/A052788_1.png\",\"datePublished\":\"2026-04-05T12:26:23+00:00\",\"dateModified\":\"2026-05-14T05:13:41+00:00\",\"description\":\"BUCK TRAIL SCHWARZ TRADITIONAL WEICHE TASCHE T\\\/D B\u00d6GEN 70cm x 30cm MIT PFEILBEH\u00c4LTER g\u00fcnstig kaufen bei Bogensportdiscount \u2013 Top-Marken, schneller Versand aus der Schweiz.\",\"breadcrumb\":{\"@id\":\"https:\\\/\\\/bogensportdiscount.ch\\\/produkt\\\/bucktrail-traditionelle-softcase-tasche-td-boegen-70cm-30cm-mit-pfeilkoecker\\\/#breadcrumb\"},\"inLanguage\":\"it-IT\",\"potentialAction\":[{\"@type\":\"ReadAction\",\"target\":[\"https:\\\/\\\/bogensportdiscount.ch\\\/produkt\\\/bucktrail-traditionelle-softcase-tasche-td-boegen-70cm-30cm-mit-pfeilkoecker\\\/\"]}]},{\"@type\":\"ImageObject\",\"inLanguage\":\"it-IT\",\"@id\":\"https:\\\/\\\/bogensportdiscount.ch\\\/produkt\\\/bucktrail-traditionelle-softcase-tasche-td-boegen-70cm-30cm-mit-pfeilkoecker\\\/#primaryimage\",\"url\":\"https:\\\/\\\/bogensportdiscount.ch\\\/wp-content\\\/uploads\\\/bsm-images\\\/A052788_1.png\",\"contentUrl\":\"https:\\\/\\\/bogensportdiscount.ch\\\/wp-content\\\/uploads\\\/bsm-images\\\/A052788_1.png\",\"width\":2500,\"height\":1471},{\"@type\":\"BreadcrumbList\",\"@id\":\"https:\\\/\\\/bogensportdiscount.ch\\\/produkt\\\/bucktrail-traditionelle-softcase-tasche-td-boegen-70cm-30cm-mit-pfeilkoecker\\\/#breadcrumb\",\"itemListElement\":[{\"@type\":\"ListItem\",\"position\":1,\"name\":\"Home\",\"item\":\"https:\\\/\\\/bogensportdiscount.ch\\\/\"},{\"@type\":\"ListItem\",\"position\":2,\"name\":\"Shop\",\"item\":\"https:\\\/\\\/bogensportdiscount.ch\\\/shop\\\/\"},{\"@type\":\"ListItem\",\"position\":3,\"name\":\"BUCK TRAIL BLACK TRADITIONAL SOFT CASE T\\\/D BOWS 70CM x 30CM WITH ARROW CANNISTER\"}]},{\"@type\":\"WebSite\",\"@id\":\"https:\\\/\\\/bogensportdiscount.ch\\\/#website\",\"url\":\"https:\\\/\\\/bogensportdiscount.ch\\\/\",\"name\":\"Bogensportdiscount\",\"description\":\"\",\"potentialAction\":[{\"@type\":\"SearchAction\",\"target\":{\"@type\":\"EntryPoint\",\"urlTemplate\":\"https:\\\/\\\/bogensportdiscount.ch\\\/?s={search_term_string}\"},\"query-input\":{\"@type\":\"PropertyValueSpecification\",\"valueRequired\":true,\"valueName\":\"search_term_string\"}}],\"inLanguage\":\"it-IT\"}]}<\/script>\n<!-- \/ Yoast SEO plugin. -->","yoast_head_json":{"title":"BUCK TRAIL SCHWARZ TRADITIONAL WEICHE TASCHE T\/D B\u00d6GEN 70cm x 30cm MIT PFEILBEH\u00c4LTER - Bogensportdiscount \u2013 B\u00f6gen, Pfeile, Targets &amp; Zubeh\u00f6r","description":"BUCK TRAIL SCHWARZ TRADITIONAL WEICHE TASCHE T\/D B\u00d6GEN 70cm x 30cm MIT PFEILBEH\u00c4LTER g\u00fcnstig kaufen bei Bogensportdiscount \u2013 Top-Marken, schneller Versand aus der Schweiz.","robots":{"index":"index","follow":"follow","max-snippet":"max-snippet:-1","max-image-preview":"max-image-preview:large","max-video-preview":"max-video-preview:-1"},"canonical":"https:\/\/bogensportdiscount.ch\/it\/prodotto\/bucktrail-traditionelle-softcase-tasche-td-boegen-70cm-30cm-mit-pfeilkoecker\/","og_locale":"it_IT","og_type":"article","og_title":"BUCK TRAIL SCHWARZ TRADITIONAL WEICHE TASCHE T\/D B\u00d6GEN 70cm x 30cm MIT PFEILBEH\u00c4LTER - Bogensportdiscount \u2013 B\u00f6gen, Pfeile, Targets &amp; Zubeh\u00f6r","og_description":"BUCK TRAIL SCHWARZ TRADITIONAL WEICHE TASCHE T\/D B\u00d6GEN 70cm x 30cm MIT PFEILBEH\u00c4LTER g\u00fcnstig kaufen bei Bogensportdiscount \u2013 Top-Marken, schneller Versand aus der Schweiz.","og_url":"https:\/\/bogensportdiscount.ch\/it\/prodotto\/bucktrail-traditionelle-softcase-tasche-td-boegen-70cm-30cm-mit-pfeilkoecker\/","og_site_name":"Bogensportdiscount \u2013 B\u00f6gen, Pfeile, Targets &amp; Zubeh\u00f6r","article_modified_time":"2026-05-14T05:13:41+00:00","og_image":[{"url":"https:\/\/bogensportdiscount.ch\/wp-content\/uploads\/bsm-images\/A052788_1.png","width":5351,"height":3148,"type":"image\/png"}],"twitter_card":"summary_large_image","schema":{"@context":"https:\/\/schema.org","@graph":[{"@type":"WebPage","@id":"https:\/\/bogensportdiscount.ch\/produkt\/bucktrail-traditionelle-softcase-tasche-td-boegen-70cm-30cm-mit-pfeilkoecker\/","url":"https:\/\/bogensportdiscount.ch\/produkt\/bucktrail-traditionelle-softcase-tasche-td-boegen-70cm-30cm-mit-pfeilkoecker\/","name":"BUCK TRAIL SCHWARZ TRADITIONAL WEICHE TASCHE T\/D B\u00d6GEN 70cm x 30cm MIT PFEILBEH\u00c4LTER - Bogensportdiscount \u2013 B\u00f6gen, Pfeile, Targets &amp; Zubeh\u00f6r","isPartOf":{"@id":"https:\/\/bogensportdiscount.ch\/#website"},"primaryImageOfPage":{"@id":"https:\/\/bogensportdiscount.ch\/produkt\/bucktrail-traditionelle-softcase-tasche-td-boegen-70cm-30cm-mit-pfeilkoecker\/#primaryimage"},"image":{"@id":"https:\/\/bogensportdiscount.ch\/produkt\/bucktrail-traditionelle-softcase-tasche-td-boegen-70cm-30cm-mit-pfeilkoecker\/#primaryimage"},"thumbnailUrl":"https:\/\/bogensportdiscount.ch\/wp-content\/uploads\/bsm-images\/A052788_1.png","datePublished":"2026-04-05T12:26:23+00:00","dateModified":"2026-05-14T05:13:41+00:00","description":"BUCK TRAIL SCHWARZ TRADITIONAL WEICHE TASCHE T\/D B\u00d6GEN 70cm x 30cm MIT PFEILBEH\u00c4LTER g\u00fcnstig kaufen bei Bogensportdiscount \u2013 Top-Marken, schneller Versand aus der Schweiz.","breadcrumb":{"@id":"https:\/\/bogensportdiscount.ch\/produkt\/bucktrail-traditionelle-softcase-tasche-td-boegen-70cm-30cm-mit-pfeilkoecker\/#breadcrumb"},"inLanguage":"it-IT","potentialAction":[{"@type":"ReadAction","target":["https:\/\/bogensportdiscount.ch\/produkt\/bucktrail-traditionelle-softcase-tasche-td-boegen-70cm-30cm-mit-pfeilkoecker\/"]}]},{"@type":"ImageObject","inLanguage":"it-IT","@id":"https:\/\/bogensportdiscount.ch\/produkt\/bucktrail-traditionelle-softcase-tasche-td-boegen-70cm-30cm-mit-pfeilkoecker\/#primaryimage","url":"https:\/\/bogensportdiscount.ch\/wp-content\/uploads\/bsm-images\/A052788_1.png","contentUrl":"https:\/\/bogensportdiscount.ch\/wp-content\/uploads\/bsm-images\/A052788_1.png","width":2500,"height":1471},{"@type":"BreadcrumbList","@id":"https:\/\/bogensportdiscount.ch\/produkt\/bucktrail-traditionelle-softcase-tasche-td-boegen-70cm-30cm-mit-pfeilkoecker\/#breadcrumb","itemListElement":[{"@type":"ListItem","position":1,"name":"Home","item":"https:\/\/bogensportdiscount.ch\/"},{"@type":"ListItem","position":2,"name":"Shop","item":"https:\/\/bogensportdiscount.ch\/shop\/"},{"@type":"ListItem","position":3,"name":"BUCK TRAIL BLACK TRADITIONAL SOFT CASE T\/D BOWS 70CM x 30CM WITH ARROW CANNISTER"}]},{"@type":"WebSite","@id":"https:\/\/bogensportdiscount.ch\/#website","url":"https:\/\/bogensportdiscount.ch\/","name":"Bogensportdiscount","description":"","potentialAction":[{"@type":"SearchAction","target":{"@type":"EntryPoint","urlTemplate":"https:\/\/bogensportdiscount.ch\/?s={search_term_string}"},"query-input":{"@type":"PropertyValueSpecification","valueRequired":true,"valueName":"search_term_string"}}],"inLanguage":"it-IT"}]}},"_links":{"self":[{"href":"https:\/\/bogensportdiscount.ch\/it\/wp-json\/wp\/v2\/product\/392551","targetHints":{"allow":["GET"]}}],"collection":[{"href":"https:\/\/bogensportdiscount.ch\/it\/wp-json\/wp\/v2\/product"}],"about":[{"href":"https:\/\/bogensportdiscount.ch\/it\/wp-json\/wp\/v2\/types\/product"}],"replies":[{"embeddable":true,"href":"https:\/\/bogensportdiscount.ch\/it\/wp-json\/wp\/v2\/comments?post=392551"}],"wp:featuredmedia":[{"embeddable":true,"href":"https:\/\/bogensportdiscount.ch\/it\/wp-json\/wp\/v2\/media\/442383"}],"wp:attachment":[{"href":"https:\/\/bogensportdiscount.ch\/it\/wp-json\/wp\/v2\/media?parent=392551"}],"wp:term":[{"taxonomy":"product_brand","embeddable":true,"href":"https:\/\/bogensportdiscount.ch\/it\/wp-json\/wp\/v2\/product_brand?post=392551"},{"taxonomy":"product_cat","embeddable":true,"href":"https:\/\/bogensportdiscount.ch\/it\/wp-json\/wp\/v2\/product_cat?post=392551"},{"taxonomy":"product_tag","embeddable":true,"href":"https:\/\/bogensportdiscount.ch\/it\/wp-json\/wp\/v2\/product_tag?post=392551"}],"curies":[{"name":"wp","href":"https:\/\/api.w.org\/{rel}","templated":true}]}}