{"id":392522,"date":"2026-04-05T14:26:17","date_gmt":"2026-04-05T12:26:17","guid":{"rendered":"https:\/\/bogensportdiscount.ch\/produkt\/bohning-tower-arms-left-offset-orange\/"},"modified":"2026-04-16T13:33:58","modified_gmt":"2026-04-16T11:33:58","slug":"bohning-tower-arms-links-versetzt-orange","status":"publish","type":"product","link":"https:\/\/bogensportdiscount.ch\/it\/prodotto\/bohning-tower-arms-links-versetzt-orange\/","title":{"rendered":"BRACCI DELLA TORRE BOHNING SINISTRA OFFSET ARANCIONE"},"content":{"rendered":"<p>Die BOHNING Tower Arms Left Offset in Orange sind Zubeh\u00f6rteile f\u00fcr BOHNING Befiederungst\u00fcrme (Tower Jigs). Sie werden verwendet, um Federn versetzt \u2013 also in einem Winkel zur Pfeilachse \u2013 anzubringen, was f\u00fcr viele Bogensportarten und Pfeilkonfigurationen standard ist.<\/p>\n<p>Die linke Versatz-Ausf\u00fchrung (Left Offset) erm\u00f6glicht eine gleichm\u00e4ssige und reproduzierbare Befiederung. Die orangefarbene Kennzeichnung erleichtert die Unterscheidung von anderen Arm-Varianten im Einsatz. Diese Arme sind als Ersatz- oder Zusatzteile f\u00fcr bestehende BOHNING Tower Befiederungssysteme geeignet.<\/p>\n<ul>\n<li>Passend f\u00fcr BOHNING Tower Befiederungsger\u00e4te<\/li>\n<li>Links versetzt (Left Offset) f\u00fcr seitlich angewinkelte Befiederung<\/li>\n<li>Farbkodierung in Orange zur einfachen Unterscheidung<\/li>\n<li>Pr\u00e4zise und reproduzierbare Pfeilbefiederung<\/li>\n<\/ul>","protected":false},"excerpt":{"rendered":"<p><strong>Marchio:<\/strong> Bohning<br \/><strong>Tipo:<\/strong> Clamp<\/p>","protected":false},"featured_media":442436,"comment_status":"open","ping_status":"closed","template":"","meta":[],"product_brand":[444],"product_cat":[4141],"product_tag":[3546],"class_list":{"0":"post-392522","1":"product","2":"type-product","3":"status-publish","4":"has-post-thumbnail","6":"product_brand-bohning","7":"product_cat-fletching-jigs-parts","8":"product_tag-neuheit","10":"first","11":"instock","12":"shipping-taxable","13":"purchasable","14":"product-type-simple"},"_links":{"self":[{"href":"https:\/\/bogensportdiscount.ch\/it\/wp-json\/wp\/v2\/product\/392522","targetHints":{"allow":["GET"]}}],"collection":[{"href":"https:\/\/bogensportdiscount.ch\/it\/wp-json\/wp\/v2\/product"}],"about":[{"href":"https:\/\/bogensportdiscount.ch\/it\/wp-json\/wp\/v2\/types\/product"}],"replies":[{"embeddable":true,"href":"https:\/\/bogensportdiscount.ch\/it\/wp-json\/wp\/v2\/comments?post=392522"}],"wp:featuredmedia":[{"embeddable":true,"href":"https:\/\/bogensportdiscount.ch\/it\/wp-json\/wp\/v2\/media\/442436"}],"wp:attachment":[{"href":"https:\/\/bogensportdiscount.ch\/it\/wp-json\/wp\/v2\/media?parent=392522"}],"wp:term":[{"taxonomy":"product_brand","embeddable":true,"href":"https:\/\/bogensportdiscount.ch\/it\/wp-json\/wp\/v2\/product_brand?post=392522"},{"taxonomy":"product_cat","embeddable":true,"href":"https:\/\/bogensportdiscount.ch\/it\/wp-json\/wp\/v2\/product_cat?post=392522"},{"taxonomy":"product_tag","embeddable":true,"href":"https:\/\/bogensportdiscount.ch\/it\/wp-json\/wp\/v2\/product_tag?post=392522"}],"curies":[{"name":"wp","href":"https:\/\/api.w.org\/{rel}","templated":true}]}}