{"id":392477,"date":"2026-04-05T14:26:07","date_gmt":"2026-04-05T12:26:07","guid":{"rendered":"https:\/\/bogensportdiscount.ch\/produkt\/junxing-recreational-bow-packages-shadow-52-25lbs-black\/"},"modified":"2026-04-19T11:42:20","modified_gmt":"2026-04-19T09:42:20","slug":"junxing-freizeit-recurvebogen-set-shadow-52-25lbs-schwarz","status":"publish","type":"product","link":"https:\/\/bogensportdiscount.ch\/it\/prodotto\/junxing-freizeit-recurvebogen-set-shadow-52-25lbs-schwarz\/","title":{"rendered":"JUNXING FREIZEIT-BOGEN PAKETE SHADOW 52&#8243; 25LBS SCHWARZ"},"content":{"rendered":"<p>Das JUNXING Shadow Set ist ein Freizeit-Recurvebogen mit einer L\u00e4nge von 52 Zoll und einem Zuggewicht von 25 lbs. Die beidh\u00e4ndige Auslegung macht ihn f\u00fcr Rechts- und Linkssch\u00fctzen gleichermassen geeignet.<\/p>\n<p>Dank des moderaten Zuggewichts eignet sich der Shadow besonders f\u00fcr Einsteiger und Freizeitsch\u00fctzen, die erste Erfahrungen im Bogensport sammeln m\u00f6chten. Das Set bietet alles Notwendige f\u00fcr den direkten Einstieg.<\/p>\n<ul>\n<li>Beidh\u00e4ndig verwendbar \u2013 geeignet f\u00fcr Links- und Rechtssch\u00fctzen<\/li>\n<li>52 Zoll Bogenl\u00e4nge f\u00fcr komfortables Schiessen<\/li>\n<li>25 lbs Zuggewicht \u2013 ideal f\u00fcr Einsteiger<\/li>\n<li>Schlichte Ausf\u00fchrung in Schwarz<\/li>\n<\/ul>","protected":false},"excerpt":{"rendered":"<table>\n<tr>\n<th>Propriet\u00e0<\/th>\n<th>Valore<\/th>\n<\/tr>\n<tr>\n<td>Mano dominante<\/td>\n<td>Ambidestro<\/td>\n<\/tr>\n<tr>\n<td>Peso del treno<\/td>\n<td>25 lbs<\/td>\n<\/tr>\n<tr>\n<td>Colore<\/td>\n<td>Nero<\/td>\n<\/tr>\n<tr>\n<td>Tipo<\/td>\n<td>Arco ricurvo<\/td>\n<\/tr>\n<tr>\n<td>Lunghezza<\/td>\n<td>52 Zoll<\/td>\n<\/tr>\n<\/table>","protected":false},"featured_media":447570,"comment_status":"open","ping_status":"closed","template":"","meta":[],"product_brand":[834],"product_cat":[4350],"product_tag":[3546],"class_list":{"0":"post-392477","1":"product","2":"type-product","3":"status-publish","4":"has-post-thumbnail","6":"product_brand-junxing","7":"product_cat-freizeit-boegen-sets","8":"product_tag-neuheit","10":"first","11":"instock","12":"shipping-taxable","13":"purchasable","14":"product-type-simple"},"_links":{"self":[{"href":"https:\/\/bogensportdiscount.ch\/it\/wp-json\/wp\/v2\/product\/392477","targetHints":{"allow":["GET"]}}],"collection":[{"href":"https:\/\/bogensportdiscount.ch\/it\/wp-json\/wp\/v2\/product"}],"about":[{"href":"https:\/\/bogensportdiscount.ch\/it\/wp-json\/wp\/v2\/types\/product"}],"replies":[{"embeddable":true,"href":"https:\/\/bogensportdiscount.ch\/it\/wp-json\/wp\/v2\/comments?post=392477"}],"wp:featuredmedia":[{"embeddable":true,"href":"https:\/\/bogensportdiscount.ch\/it\/wp-json\/wp\/v2\/media\/447570"}],"wp:attachment":[{"href":"https:\/\/bogensportdiscount.ch\/it\/wp-json\/wp\/v2\/media?parent=392477"}],"wp:term":[{"taxonomy":"product_brand","embeddable":true,"href":"https:\/\/bogensportdiscount.ch\/it\/wp-json\/wp\/v2\/product_brand?post=392477"},{"taxonomy":"product_cat","embeddable":true,"href":"https:\/\/bogensportdiscount.ch\/it\/wp-json\/wp\/v2\/product_cat?post=392477"},{"taxonomy":"product_tag","embeddable":true,"href":"https:\/\/bogensportdiscount.ch\/it\/wp-json\/wp\/v2\/product_tag?post=392477"}],"curies":[{"name":"wp","href":"https:\/\/api.w.org\/{rel}","templated":true}]}}