{"id":392473,"date":"2026-04-05T14:26:06","date_gmt":"2026-04-05T12:26:06","guid":{"rendered":"https:\/\/bogensportdiscount.ch\/produkt\/avalon-66cm-x-36cm-x-21cm-foam-target\/"},"modified":"2026-04-16T12:19:05","modified_gmt":"2026-04-16T10:19:05","slug":"avalon-schaumstoff-sackziel-66cm-36cm-21cm","status":"publish","type":"product","link":"https:\/\/bogensportdiscount.ch\/it\/prodotto\/avalon-schaumstoff-sackziel-66cm-36cm-21cm\/","title":{"rendered":"AVALON 66 cm x 36 cm x 21 cm TARGET IN SCHIUMA"},"content":{"rendered":"<p>Das Avalon Schaumstoff-Sackziel bietet eine solide Trefferfl\u00e4che f\u00fcr das t\u00e4gliche Training. Mit seinen Abmessungen von 66 cm x 36 cm x 21 cm eignet es sich f\u00fcr verschiedene Distanzen und Pfeilst\u00e4rken im Bogensport.<\/p>\n<p>Der Schaumstoffkern nimmt Pfeile zuverl\u00e4ssig auf und erm\u00f6glicht eine einfache Entnahme ohne \u00fcberm\u00e4ssige Kraftaufwendung. Das Ziel ist f\u00fcr den Einsatz im Freien sowie in der Halle geeignet.<\/p>\n<ul>\n<li>Abmessungen: 66 cm x 36 cm x 21 cm<\/li>\n<li>Material: Schaumstoff<\/li>\n<li>Einfache Pfeilentnahme<\/li>\n<li>Geeignet f\u00fcr Training und \u00dcbungsbetrieb<\/li>\n<\/ul>","protected":false},"excerpt":{"rendered":"<p><strong>Marchio:<\/strong> Avalon<br \/><strong>Tipo:<\/strong> Target<br \/><strong>Weight (grams):<\/strong> 3300<br \/><strong>Foam type:<\/strong> Polyfoam sandwich<br \/><strong>GTIN:<\/strong> 8595053905362<\/p>","protected":false},"featured_media":447950,"comment_status":"open","ping_status":"closed","template":"","meta":[],"product_brand":[449],"product_cat":[4339],"product_tag":[3546],"class_list":{"0":"post-392473","1":"product","2":"type-product","3":"status-publish","4":"has-post-thumbnail","6":"product_brand-avalon","7":"product_cat-ziele-im-schaum","8":"product_tag-neuheit","10":"first","11":"instock","12":"shipping-taxable","13":"purchasable","14":"product-type-simple"},"_links":{"self":[{"href":"https:\/\/bogensportdiscount.ch\/it\/wp-json\/wp\/v2\/product\/392473","targetHints":{"allow":["GET"]}}],"collection":[{"href":"https:\/\/bogensportdiscount.ch\/it\/wp-json\/wp\/v2\/product"}],"about":[{"href":"https:\/\/bogensportdiscount.ch\/it\/wp-json\/wp\/v2\/types\/product"}],"replies":[{"embeddable":true,"href":"https:\/\/bogensportdiscount.ch\/it\/wp-json\/wp\/v2\/comments?post=392473"}],"wp:featuredmedia":[{"embeddable":true,"href":"https:\/\/bogensportdiscount.ch\/it\/wp-json\/wp\/v2\/media\/447950"}],"wp:attachment":[{"href":"https:\/\/bogensportdiscount.ch\/it\/wp-json\/wp\/v2\/media?parent=392473"}],"wp:term":[{"taxonomy":"product_brand","embeddable":true,"href":"https:\/\/bogensportdiscount.ch\/it\/wp-json\/wp\/v2\/product_brand?post=392473"},{"taxonomy":"product_cat","embeddable":true,"href":"https:\/\/bogensportdiscount.ch\/it\/wp-json\/wp\/v2\/product_cat?post=392473"},{"taxonomy":"product_tag","embeddable":true,"href":"https:\/\/bogensportdiscount.ch\/it\/wp-json\/wp\/v2\/product_tag?post=392473"}],"curies":[{"name":"wp","href":"https:\/\/api.w.org\/{rel}","templated":true}]}}