{"id":392422,"date":"2026-04-05T14:25:55","date_gmt":"2026-04-05T12:25:55","guid":{"rendered":"https:\/\/bogensportdiscount.ch\/produkt\/danage-foam-target-centres-domino-66x44x24-5cm-xhd\/"},"modified":"2026-04-19T11:42:19","modified_gmt":"2026-04-19T09:42:19","slug":"danage-schaumstoff-zielscheibe-domino-66x44x245cm-xhd","status":"publish","type":"product","link":"https:\/\/bogensportdiscount.ch\/it\/prodotto\/danage-schaumstoff-zielscheibe-domino-66x44x245cm-xhd\/","title":{"rendered":"DANAGE FOAM ZIEL CENTRES DOMINO 66x44x24,5 cm XHD"},"content":{"rendered":"<p>Das DANAGE Domino Schaumstoff-Sackziel ist in den Abmessungen 66x44x24.5cm erh\u00e4ltlich und verf\u00fcgt \u00fcber einen XHD-Schaumstoffkern (Extra High Density). Dieser dichte Schaumstoff sorgt f\u00fcr eine hohe Pfeilstoppwirkung und verl\u00e4ngert die Lebensdauer des Ziels auch bei intensivem Training.<\/p>\n<p>Das Ziel eignet sich f\u00fcr den Einsatz mit Recurve- und Compoundbogen im Training sowie im Freizeitbereich. Dank des robusten Materials lassen sich Pfeile nach dem Schuss einfach entnehmen, ohne den Schaumstoffkern zu besch\u00e4digen.<\/p>\n<ul>\n<li>Abmessungen: 66x44x24.5cm<\/li>\n<li>XHD-Schaumstoff (Extra High Density) f\u00fcr hohe Pfeilstoppwirkung<\/li>\n<li>Langlebiges Material f\u00fcr intensiven Trainingseinsatz<\/li>\n<li>Estrazione semplice delle frecce<\/li>\n<\/ul>","protected":false},"excerpt":{"rendered":"<p><strong>Marchio:<\/strong> Danage<br \/><strong>Tipo:<\/strong> Center<br \/><strong>Foam type:<\/strong> Polyfoam sandwich<\/p>","protected":false},"featured_media":453631,"comment_status":"open","ping_status":"closed","template":"","meta":[],"product_brand":[792],"product_cat":[4338],"product_tag":[3546],"class_list":{"0":"post-392422","1":"product","2":"type-product","3":"status-publish","4":"has-post-thumbnail","6":"product_brand-danage","7":"product_cat-center-teilen-fuer-ziele","8":"product_tag-neuheit","10":"first","11":"instock","12":"shipping-taxable","13":"purchasable","14":"product-type-simple"},"_links":{"self":[{"href":"https:\/\/bogensportdiscount.ch\/it\/wp-json\/wp\/v2\/product\/392422","targetHints":{"allow":["GET"]}}],"collection":[{"href":"https:\/\/bogensportdiscount.ch\/it\/wp-json\/wp\/v2\/product"}],"about":[{"href":"https:\/\/bogensportdiscount.ch\/it\/wp-json\/wp\/v2\/types\/product"}],"replies":[{"embeddable":true,"href":"https:\/\/bogensportdiscount.ch\/it\/wp-json\/wp\/v2\/comments?post=392422"}],"wp:featuredmedia":[{"embeddable":true,"href":"https:\/\/bogensportdiscount.ch\/it\/wp-json\/wp\/v2\/media\/453631"}],"wp:attachment":[{"href":"https:\/\/bogensportdiscount.ch\/it\/wp-json\/wp\/v2\/media?parent=392422"}],"wp:term":[{"taxonomy":"product_brand","embeddable":true,"href":"https:\/\/bogensportdiscount.ch\/it\/wp-json\/wp\/v2\/product_brand?post=392422"},{"taxonomy":"product_cat","embeddable":true,"href":"https:\/\/bogensportdiscount.ch\/it\/wp-json\/wp\/v2\/product_cat?post=392422"},{"taxonomy":"product_tag","embeddable":true,"href":"https:\/\/bogensportdiscount.ch\/it\/wp-json\/wp\/v2\/product_tag?post=392422"}],"curies":[{"name":"wp","href":"https:\/\/api.w.org\/{rel}","templated":true}]}}