{"id":392406,"date":"2026-04-05T14:25:52","date_gmt":"2026-04-05T12:25:52","guid":{"rendered":"https:\/\/bogensportdiscount.ch\/produkt\/mantis-universal-adapter-for-shooting-analysis-system\/"},"modified":"2026-04-15T12:14:01","modified_gmt":"2026-04-15T10:14:01","slug":"mantis-universal-adapter-schiessanalyse-system","status":"publish","type":"product","link":"https:\/\/bogensportdiscount.ch\/it\/produkt\/mantis-universal-adapter-schiessanalyse-system\/","title":{"rendered":"MANTIS UNIVERSAL ADAPTER FOR SHOOTING ANALYSIS SYSTEM"},"content":{"rendered":"<p>Der MANTIS Universal-Adapter ist ein Zubeh\u00f6rteil f\u00fcr das MANTIS Schiessanalyse-System. Er dient dazu, den Sensor des MANTIS-Systems sicher und stabil an unterschiedlichen B\u00f6gen oder Armbr\u00fcsten zu befestigen, f\u00fcr die kein spezifischer Adapter vorhanden ist.<\/p>\n<p>Dank der universellen Auslegung erweitert dieser Adapter die Einsatzm\u00f6glichkeiten des MANTIS-Systems erheblich und macht es f\u00fcr eine breitere Auswahl an Ausr\u00fcstung kompatibel.<\/p>\n<ul>\n<li>Universelle Befestigung f\u00fcr das MANTIS Schiessanalyse-System<\/li>\n<li>Geeignet f\u00fcr verschiedene Bogen- und Armbrusttypen<\/li>\n<li>Einfache Montage<\/li>\n<li>Kompakte Bauweise<\/li>\n<\/ul>","protected":false},"excerpt":{"rendered":"<p><strong>Marchio:<\/strong> Mantis<\/p>","protected":false},"featured_media":446644,"comment_status":"open","ping_status":"closed","template":"","meta":[],"product_brand":[832],"product_cat":[4380],"product_tag":[3546],"class_list":{"0":"post-392406","1":"product","2":"type-product","3":"status-publish","4":"has-post-thumbnail","6":"product_brand-mantis","7":"product_cat-other","8":"product_tag-neuheit","10":"first","11":"instock","12":"shipping-taxable","13":"purchasable","14":"product-type-simple"},"_links":{"self":[{"href":"https:\/\/bogensportdiscount.ch\/it\/wp-json\/wp\/v2\/product\/392406","targetHints":{"allow":["GET"]}}],"collection":[{"href":"https:\/\/bogensportdiscount.ch\/it\/wp-json\/wp\/v2\/product"}],"about":[{"href":"https:\/\/bogensportdiscount.ch\/it\/wp-json\/wp\/v2\/types\/product"}],"replies":[{"embeddable":true,"href":"https:\/\/bogensportdiscount.ch\/it\/wp-json\/wp\/v2\/comments?post=392406"}],"wp:featuredmedia":[{"embeddable":true,"href":"https:\/\/bogensportdiscount.ch\/it\/wp-json\/wp\/v2\/media\/446644"}],"wp:attachment":[{"href":"https:\/\/bogensportdiscount.ch\/it\/wp-json\/wp\/v2\/media?parent=392406"}],"wp:term":[{"taxonomy":"product_brand","embeddable":true,"href":"https:\/\/bogensportdiscount.ch\/it\/wp-json\/wp\/v2\/product_brand?post=392406"},{"taxonomy":"product_cat","embeddable":true,"href":"https:\/\/bogensportdiscount.ch\/it\/wp-json\/wp\/v2\/product_cat?post=392406"},{"taxonomy":"product_tag","embeddable":true,"href":"https:\/\/bogensportdiscount.ch\/it\/wp-json\/wp\/v2\/product_tag?post=392406"}],"curies":[{"name":"wp","href":"https:\/\/api.w.org\/{rel}","templated":true}]}}