{"id":392397,"date":"2026-04-05T14:25:50","date_gmt":"2026-04-05T12:25:50","guid":{"rendered":"https:\/\/bogensportdiscount.ch\/produkt\/mathews-engage-compound-bowstands-limb-leg-black-mathews-bows-only\/"},"modified":"2026-05-14T07:13:39","modified_gmt":"2026-05-14T05:13:39","slug":"mathews-engage-compound-bogenstaender-limb-leg-schwarz","status":"publish","type":"product","link":"https:\/\/bogensportdiscount.ch\/it\/prodotto\/mathews-engage-compound-bogenstaender-limb-leg-schwarz\/","title":{"rendered":"MATHEWS ENGAGE COMPOUNDBOGEN SUPPORTO PER ARCO FLETTENTI NERO \u2013 SOLO PER ARCHI MATHEWS"},"content":{"rendered":"<p>Il supporto per arco MATHEWS Engage \u00e8 stato sviluppato appositamente per gli archi compound del marchio MATHEWS. Grazie alla costruzione Limb Leg, il supporto si appoggia sul flettente inferiore dell'arco, offrendo una tenuta sicura e stabile.<\/p>\n<p>Il supporto \u00e8 compatibile esclusivamente con gli archi MATHEWS e non dovrebbe essere utilizzato con altri marchi. La versione nera si integra visivamente in modo impeccabile nel design tipico degli archi compound MATHEWS.<\/p>\n<ul>\n<li>Sviluppato specificamente per gli archi compound MATHEWS<\/li>\n<li>Principio di fissaggio Limb Leg per una tenuta stabile<\/li>\n<li>Colore: Nero<\/li>\n<li>Mantiene l'arco in posizione verticale in modo sicuro<\/li>\n<\/ul>","protected":false},"excerpt":{"rendered":"<table>\n<tr>\n<th>Propriet\u00e0<\/th>\n<th>Valore<\/th>\n<\/tr>\n<tr>\n<td>Marca<\/td>\n<td>Kit compatto per l'uso immediato<\/td>\n<\/tr>\n<tr>\n<td>Tipo<\/td>\n<td>Fixed<\/td>\n<\/tr>\n<tr>\n<td>Colore<\/td>\n<td>Nero<\/td>\n<\/tr>\n<tr>\n<td>Paese di origine<\/td>\n<td>USA<\/td>\n<\/tr>\n<\/table>","protected":false},"featured_media":446664,"comment_status":"open","ping_status":"closed","template":"","meta":[],"product_brand":[427],"product_cat":[4124,4183,4187],"product_tag":[3546],"class_list":{"0":"post-392397","1":"product","2":"type-product","3":"status-publish","4":"has-post-thumbnail","6":"product_brand-mathews","7":"product_cat-bogenschuetzer-ausruestung","8":"product_cat-bogenstand","9":"product_cat-compound-bogenstand","10":"product_tag-neuheit","11":"product_shipping_class-bsd-standard","13":"first","14":"instock","15":"shipping-taxable","16":"purchasable","17":"product-type-simple"},"yoast_head":"<!-- This site is optimized with the Yoast SEO plugin v27.6 - https:\/\/yoast.com\/product\/yoast-seo-wordpress\/ -->\n<title>MATHEWS ENGAGE COMPOUND ARCO SUPPORTO PER ARCO BRACCIA DI TIRO NERO - SOLO PER ARCHI MATHEWS - Bogensportdiscount \u2013 Archi, frecce, bersagli e accessori<\/title>\n<meta name=\"description\" content=\"MATHEWS ENGAGE COMPOUND ARCO SUPPORTO PER ARCO BRACCIA DI TIRO NERO - SOLO PER ARCHI MATHEWS: acquista a un prezzo vantaggioso su Bogensportdiscount \u2013 Le migliori marche, spedizione veloce dalla Svizzera.\" \/>\n<meta name=\"robots\" content=\"index, follow, max-snippet:-1, max-image-preview:large, max-video-preview:-1\" \/>\n<link rel=\"canonical\" href=\"https:\/\/bogensportdiscount.ch\/it\/prodotto\/mathews-engage-compound-bogenstaender-limb-leg-schwarz\/\" \/>\n<meta property=\"og:locale\" content=\"it_IT\" \/>\n<meta property=\"og:type\" content=\"article\" \/>\n<meta property=\"og:title\" content=\"MATHEWS ENGAGE COMPOUND ARCO SUPPORTO PER ARCO BRACCIA DI TIRO NERO - SOLO PER ARCHI MATHEWS - Bogensportdiscount \u2013 Archi, frecce, bersagli e accessori\" \/>\n<meta property=\"og:description\" content=\"MATHEWS ENGAGE COMPOUND ARCO SUPPORTO PER ARCO BRACCIA DI TIRO NERO - SOLO PER ARCHI MATHEWS: acquista a un prezzo vantaggioso su Bogensportdiscount \u2013 Le migliori marche, spedizione veloce dalla Svizzera.\" \/>\n<meta property=\"og:url\" content=\"https:\/\/bogensportdiscount.ch\/it\/prodotto\/mathews-engage-compound-bogenstaender-limb-leg-schwarz\/\" \/>\n<meta property=\"og:site_name\" content=\"Bogensportdiscount \u2013 B\u00f6gen, Pfeile, Targets &amp; Zubeh\u00f6r\" \/>\n<meta property=\"article:modified_time\" content=\"2026-05-14T05:13:39+00:00\" \/>\n<meta property=\"og:image\" content=\"https:\/\/bogensportdiscount.ch\/wp-content\/uploads\/bsm-images\/A046342_1.png\" \/>\n\t<meta property=\"og:image:width\" content=\"2560\" \/>\n\t<meta property=\"og:image:height\" content=\"2336\" \/>\n\t<meta property=\"og:image:type\" content=\"image\/png\" \/>\n<meta name=\"twitter:card\" content=\"summary_large_image\" \/>\n<script type=\"application\/ld+json\" class=\"yoast-schema-graph\">{\"@context\":\"https:\\\/\\\/schema.org\",\"@graph\":[{\"@type\":\"WebPage\",\"@id\":\"https:\\\/\\\/bogensportdiscount.ch\\\/produkt\\\/mathews-engage-compound-bogenstaender-limb-leg-schwarz\\\/\",\"url\":\"https:\\\/\\\/bogensportdiscount.ch\\\/produkt\\\/mathews-engage-compound-bogenstaender-limb-leg-schwarz\\\/\",\"name\":\"MATHEWS ENGAGE COMPOUNDBOGEN BOGENST\u00c4NDER WURFARME SCHWARZ - NUR F\u00dcR MATHEWS B\u00d6GEN - Bogensportdiscount \u2013 B\u00f6gen, Pfeile, Targets &amp; Zubeh\u00f6r\",\"isPartOf\":{\"@id\":\"https:\\\/\\\/bogensportdiscount.ch\\\/#website\"},\"primaryImageOfPage\":{\"@id\":\"https:\\\/\\\/bogensportdiscount.ch\\\/produkt\\\/mathews-engage-compound-bogenstaender-limb-leg-schwarz\\\/#primaryimage\"},\"image\":{\"@id\":\"https:\\\/\\\/bogensportdiscount.ch\\\/produkt\\\/mathews-engage-compound-bogenstaender-limb-leg-schwarz\\\/#primaryimage\"},\"thumbnailUrl\":\"https:\\\/\\\/bogensportdiscount.ch\\\/wp-content\\\/uploads\\\/bsm-images\\\/A046342_1.png\",\"datePublished\":\"2026-04-05T12:25:50+00:00\",\"dateModified\":\"2026-05-14T05:13:39+00:00\",\"description\":\"MATHEWS ENGAGE COMPOUNDBOGEN BOGENST\u00c4NDER WURFARME SCHWARZ - NUR F\u00dcR MATHEWS B\u00d6GEN g\u00fcnstig kaufen bei Bogensportdiscount \u2013 Top-Marken, schneller Versand aus der Schweiz.\",\"breadcrumb\":{\"@id\":\"https:\\\/\\\/bogensportdiscount.ch\\\/produkt\\\/mathews-engage-compound-bogenstaender-limb-leg-schwarz\\\/#breadcrumb\"},\"inLanguage\":\"it-IT\",\"potentialAction\":[{\"@type\":\"ReadAction\",\"target\":[\"https:\\\/\\\/bogensportdiscount.ch\\\/produkt\\\/mathews-engage-compound-bogenstaender-limb-leg-schwarz\\\/\"]}]},{\"@type\":\"ImageObject\",\"inLanguage\":\"it-IT\",\"@id\":\"https:\\\/\\\/bogensportdiscount.ch\\\/produkt\\\/mathews-engage-compound-bogenstaender-limb-leg-schwarz\\\/#primaryimage\",\"url\":\"https:\\\/\\\/bogensportdiscount.ch\\\/wp-content\\\/uploads\\\/bsm-images\\\/A046342_1.png\",\"contentUrl\":\"https:\\\/\\\/bogensportdiscount.ch\\\/wp-content\\\/uploads\\\/bsm-images\\\/A046342_1.png\",\"width\":2560,\"height\":2336},{\"@type\":\"BreadcrumbList\",\"@id\":\"https:\\\/\\\/bogensportdiscount.ch\\\/produkt\\\/mathews-engage-compound-bogenstaender-limb-leg-schwarz\\\/#breadcrumb\",\"itemListElement\":[{\"@type\":\"ListItem\",\"position\":1,\"name\":\"Home\",\"item\":\"https:\\\/\\\/bogensportdiscount.ch\\\/\"},{\"@type\":\"ListItem\",\"position\":2,\"name\":\"Shop\",\"item\":\"https:\\\/\\\/bogensportdiscount.ch\\\/shop\\\/\"},{\"@type\":\"ListItem\",\"position\":3,\"name\":\"MATHEWS ENGAGE COMPOUND BOWSTANDS LIMB LEG BLACK &#8211; MATHEWS BOWS ONLY\"}]},{\"@type\":\"WebSite\",\"@id\":\"https:\\\/\\\/bogensportdiscount.ch\\\/#website\",\"url\":\"https:\\\/\\\/bogensportdiscount.ch\\\/\",\"name\":\"Bogensportdiscount\",\"description\":\"\",\"potentialAction\":[{\"@type\":\"SearchAction\",\"target\":{\"@type\":\"EntryPoint\",\"urlTemplate\":\"https:\\\/\\\/bogensportdiscount.ch\\\/?s={search_term_string}\"},\"query-input\":{\"@type\":\"PropertyValueSpecification\",\"valueRequired\":true,\"valueName\":\"search_term_string\"}}],\"inLanguage\":\"it-IT\"}]}<\/script>\n<!-- \/ Yoast SEO plugin. -->","yoast_head_json":{"title":"MATHEWS ENGAGE COMPOUND ARCO SUPPORTO PER ARCO BRACCIA DI TIRO NERO - SOLO PER ARCHI MATHEWS - Bogensportdiscount \u2013 Archi, frecce, bersagli e accessori","description":"MATHEWS ENGAGE COMPOUND ARCO SUPPORTO PER ARCO BRACCIA DI TIRO NERO - SOLO PER ARCHI MATHEWS: acquista a un prezzo vantaggioso su Bogensportdiscount \u2013 Le migliori marche, spedizione veloce dalla Svizzera.","robots":{"index":"index","follow":"follow","max-snippet":"max-snippet:-1","max-image-preview":"max-image-preview:large","max-video-preview":"max-video-preview:-1"},"canonical":"https:\/\/bogensportdiscount.ch\/it\/prodotto\/mathews-engage-compound-bogenstaender-limb-leg-schwarz\/","og_locale":"it_IT","og_type":"article","og_title":"MATHEWS ENGAGE COMPOUND ARCO SUPPORTO PER ARCO BRACCIA DI TIRO NERO - SOLO PER ARCHI MATHEWS - Bogensportdiscount \u2013 Archi, frecce, bersagli e accessori","og_description":"MATHEWS ENGAGE COMPOUND ARCO SUPPORTO PER ARCO BRACCIA DI TIRO NERO - SOLO PER ARCHI MATHEWS: acquista a un prezzo vantaggioso su Bogensportdiscount \u2013 Le migliori marche, spedizione veloce dalla Svizzera.","og_url":"https:\/\/bogensportdiscount.ch\/it\/prodotto\/mathews-engage-compound-bogenstaender-limb-leg-schwarz\/","og_site_name":"Bogensportdiscount \u2013 B\u00f6gen, Pfeile, Targets &amp; Zubeh\u00f6r","article_modified_time":"2026-05-14T05:13:39+00:00","og_image":[{"width":2560,"height":2336,"url":"https:\/\/bogensportdiscount.ch\/wp-content\/uploads\/bsm-images\/A046342_1.png","type":"image\/png"}],"twitter_card":"summary_large_image","schema":{"@context":"https:\/\/schema.org","@graph":[{"@type":"WebPage","@id":"https:\/\/bogensportdiscount.ch\/produkt\/mathews-engage-compound-bogenstaender-limb-leg-schwarz\/","url":"https:\/\/bogensportdiscount.ch\/produkt\/mathews-engage-compound-bogenstaender-limb-leg-schwarz\/","name":"MATHEWS ENGAGE COMPOUND ARCO SUPPORTO PER ARCO BRACCIA DI TIRO NERO - SOLO PER ARCHI MATHEWS - Bogensportdiscount \u2013 Archi, frecce, bersagli e accessori","isPartOf":{"@id":"https:\/\/bogensportdiscount.ch\/#website"},"primaryImageOfPage":{"@id":"https:\/\/bogensportdiscount.ch\/produkt\/mathews-engage-compound-bogenstaender-limb-leg-schwarz\/#primaryimage"},"image":{"@id":"https:\/\/bogensportdiscount.ch\/produkt\/mathews-engage-compound-bogenstaender-limb-leg-schwarz\/#primaryimage"},"thumbnailUrl":"https:\/\/bogensportdiscount.ch\/wp-content\/uploads\/bsm-images\/A046342_1.png","datePublished":"2026-04-05T12:25:50+00:00","dateModified":"2026-05-14T05:13:39+00:00","description":"MATHEWS ENGAGE COMPOUND ARCO SUPPORTO PER ARCO BRACCIA DI TIRO NERO - SOLO PER ARCHI MATHEWS: acquista a un prezzo vantaggioso su Bogensportdiscount \u2013 Le migliori marche, spedizione veloce dalla Svizzera.","breadcrumb":{"@id":"https:\/\/bogensportdiscount.ch\/produkt\/mathews-engage-compound-bogenstaender-limb-leg-schwarz\/#breadcrumb"},"inLanguage":"it-IT","potentialAction":[{"@type":"ReadAction","target":["https:\/\/bogensportdiscount.ch\/produkt\/mathews-engage-compound-bogenstaender-limb-leg-schwarz\/"]}]},{"@type":"ImageObject","inLanguage":"it-IT","@id":"https:\/\/bogensportdiscount.ch\/produkt\/mathews-engage-compound-bogenstaender-limb-leg-schwarz\/#primaryimage","url":"https:\/\/bogensportdiscount.ch\/wp-content\/uploads\/bsm-images\/A046342_1.png","contentUrl":"https:\/\/bogensportdiscount.ch\/wp-content\/uploads\/bsm-images\/A046342_1.png","width":2560,"height":2336},{"@type":"BreadcrumbList","@id":"https:\/\/bogensportdiscount.ch\/produkt\/mathews-engage-compound-bogenstaender-limb-leg-schwarz\/#breadcrumb","itemListElement":[{"@type":"ListItem","position":1,"name":"Home","item":"https:\/\/bogensportdiscount.ch\/"},{"@type":"ListItem","position":2,"name":"Shop","item":"https:\/\/bogensportdiscount.ch\/shop\/"},{"@type":"ListItem","position":3,"name":"MATHEWS ENGAGE COMPOUND BOWSTANDS LIMB LEG BLACK &#8211; MATHEWS BOWS ONLY"}]},{"@type":"WebSite","@id":"https:\/\/bogensportdiscount.ch\/#website","url":"https:\/\/bogensportdiscount.ch\/","name":"Bogensportdiscount","description":"","potentialAction":[{"@type":"SearchAction","target":{"@type":"EntryPoint","urlTemplate":"https:\/\/bogensportdiscount.ch\/?s={search_term_string}"},"query-input":{"@type":"PropertyValueSpecification","valueRequired":true,"valueName":"search_term_string"}}],"inLanguage":"it-IT"}]}},"_links":{"self":[{"href":"https:\/\/bogensportdiscount.ch\/it\/wp-json\/wp\/v2\/product\/392397","targetHints":{"allow":["GET"]}}],"collection":[{"href":"https:\/\/bogensportdiscount.ch\/it\/wp-json\/wp\/v2\/product"}],"about":[{"href":"https:\/\/bogensportdiscount.ch\/it\/wp-json\/wp\/v2\/types\/product"}],"replies":[{"embeddable":true,"href":"https:\/\/bogensportdiscount.ch\/it\/wp-json\/wp\/v2\/comments?post=392397"}],"wp:featuredmedia":[{"embeddable":true,"href":"https:\/\/bogensportdiscount.ch\/it\/wp-json\/wp\/v2\/media\/446664"}],"wp:attachment":[{"href":"https:\/\/bogensportdiscount.ch\/it\/wp-json\/wp\/v2\/media?parent=392397"}],"wp:term":[{"taxonomy":"product_brand","embeddable":true,"href":"https:\/\/bogensportdiscount.ch\/it\/wp-json\/wp\/v2\/product_brand?post=392397"},{"taxonomy":"product_cat","embeddable":true,"href":"https:\/\/bogensportdiscount.ch\/it\/wp-json\/wp\/v2\/product_cat?post=392397"},{"taxonomy":"product_tag","embeddable":true,"href":"https:\/\/bogensportdiscount.ch\/it\/wp-json\/wp\/v2\/product_tag?post=392397"}],"curies":[{"name":"wp","href":"https:\/\/api.w.org\/{rel}","templated":true}]}}