{"id":392393,"date":"2026-04-05T14:25:49","date_gmt":"2026-04-05T12:25:49","guid":{"rendered":"https:\/\/bogensportdiscount.ch\/produkt\/maximal-aimfaze-pivot-micro-1-pin-019-rh-lh-incl-sight-light-hunting-3d-sights\/"},"modified":"2026-04-15T12:14:00","modified_gmt":"2026-04-15T10:14:00","slug":"maximal-jagd-3d-visier-aimfaze-pivot-micro-1-pin-019-beidhaendig","status":"publish","type":"product","link":"https:\/\/bogensportdiscount.ch\/it\/prodotto\/maximal-jagd-3d-visier-aimfaze-pivot-micro-1-pin-019-beidhaendig\/","title":{"rendered":"PERNO MASSIMO AIMFAZE MICRO 1 PIN .019\u2033 DX\/LH INCL. MIRINO DA CACCIA E MIRINO 3D"},"content":{"rendered":"<p>Das MAXIMAL Aimfaze Pivot Micro ist ein 1-Pin-Visier f\u00fcr die Jagd und 3D-Bogensport. Es eignet sich f\u00fcr rechts- und linksh\u00e4ndige Sch\u00fctzen und wird inklusive Visierlicht geliefert.<\/p>\n<p>Der einzelne Pin mit einer Gr\u00f6sse von .019&#8243; erm\u00f6glicht eine pr\u00e4zise Zielerfassung bei unterschiedlichen Lichtverh\u00e4ltnissen. Das Micro-Pivot-System erlaubt eine einfache und schnelle Entfernungseinstellung im Feld.<\/p>\n<ul>\n<li>1-Pin-System mit .019&#8243; Pin-Gr\u00f6sse<\/li>\n<li>Beidh\u00e4ndig verwendbar (LH\/RH)<\/li>\n<li>Inklusive Visierlicht<\/li>\n<li>Ausf\u00fchrung in Schwarz<\/li>\n<\/ul>","protected":false},"excerpt":{"rendered":"<table>\n<tr>\n<th>Propriet\u00e0<\/th>\n<th>Valore<\/th>\n<\/tr>\n<tr>\n<td>Marchio<\/td>\n<td>Maximal<\/td>\n<\/tr>\n<tr>\n<td>Modell<\/td>\n<td>Aimfaze Pivot Micro<\/td>\n<\/tr>\n<tr>\n<td>H\u00e4ndigkeit<\/td>\n<td>Beidh\u00e4ndig (LH\/RH)<\/td>\n<\/tr>\n<tr>\n<td>Colore<\/td>\n<td>Schwarz<\/td>\n<\/tr>\n<tr>\n<td>Anzahl Pins<\/td>\n<td>1<\/td>\n<\/tr>\n<tr>\n<td>Pin-Gr\u00f6sse<\/td>\n<td>.019&#8243;<\/td>\n<\/tr>\n<\/table>","protected":false},"featured_media":446678,"comment_status":"open","ping_status":"closed","template":"","meta":[],"product_brand":[780],"product_cat":[4263],"product_tag":[3546],"class_list":{"0":"post-392393","1":"product","2":"type-product","3":"status-publish","4":"has-post-thumbnail","6":"product_brand-maximal","7":"product_cat-jagd-und-3d-visiere","8":"product_tag-neuheit","10":"first","11":"instock","12":"shipping-taxable","13":"purchasable","14":"product-type-simple"},"_links":{"self":[{"href":"https:\/\/bogensportdiscount.ch\/it\/wp-json\/wp\/v2\/product\/392393","targetHints":{"allow":["GET"]}}],"collection":[{"href":"https:\/\/bogensportdiscount.ch\/it\/wp-json\/wp\/v2\/product"}],"about":[{"href":"https:\/\/bogensportdiscount.ch\/it\/wp-json\/wp\/v2\/types\/product"}],"replies":[{"embeddable":true,"href":"https:\/\/bogensportdiscount.ch\/it\/wp-json\/wp\/v2\/comments?post=392393"}],"wp:featuredmedia":[{"embeddable":true,"href":"https:\/\/bogensportdiscount.ch\/it\/wp-json\/wp\/v2\/media\/446678"}],"wp:attachment":[{"href":"https:\/\/bogensportdiscount.ch\/it\/wp-json\/wp\/v2\/media?parent=392393"}],"wp:term":[{"taxonomy":"product_brand","embeddable":true,"href":"https:\/\/bogensportdiscount.ch\/it\/wp-json\/wp\/v2\/product_brand?post=392393"},{"taxonomy":"product_cat","embeddable":true,"href":"https:\/\/bogensportdiscount.ch\/it\/wp-json\/wp\/v2\/product_cat?post=392393"},{"taxonomy":"product_tag","embeddable":true,"href":"https:\/\/bogensportdiscount.ch\/it\/wp-json\/wp\/v2\/product_tag?post=392393"}],"curies":[{"name":"wp","href":"https:\/\/api.w.org\/{rel}","templated":true}]}}