{"id":392375,"date":"2026-04-05T14:25:46","date_gmt":"2026-04-05T12:25:46","guid":{"rendered":"https:\/\/bogensportdiscount.ch\/produkt\/maximal-redline-double-armguards-25cm-p600d-4-fasteners-black\/"},"modified":"2026-04-19T11:42:18","modified_gmt":"2026-04-19T09:42:18","slug":"maximal-doppel-armschutz-redline-25cm-p600d-4-schnallen-schwarz","status":"publish","type":"product","link":"https:\/\/bogensportdiscount.ch\/it\/prodotto\/maximal-doppel-armschutz-redline-25cm-p600d-4-schnallen-schwarz\/","title":{"rendered":"MAXIMAL REDLINE DOPPEL ARMSCHUTZ 25CM \/ P600D \/ 4 VERSCHLUESSE SCHWARZ"},"content":{"rendered":"<p>Der Maximal Redline Doppel-Armschutz ist 25 cm lang und sch\u00fctzt den Unterarm effektiv vor dem Aufprall der Bogensehne beim Abschuss. Das strapazierf\u00e4hige P600D-Gewebe ist widerstandsf\u00e4hig und leicht, was ihn f\u00fcr den regelm\u00e4ssigen Einsatz beim Training und Wettkampf geeignet macht.<\/p>\n<p>Vier Befestigungsschnallen erm\u00f6glichen eine individuelle Anpassung an unterschiedliche Armumf\u00e4nge und sorgen daf\u00fcr, dass der Armschutz w\u00e4hrend des Schiessens sicher an Ort und Stelle bleibt. Die Ausf\u00fchrung in Schwarz passt zu einer Vielzahl von Ausr\u00fcstungen.<\/p>\n<ul>\n<li>L\u00e4nge: 25 cm \u2013 deckt einen grossen Teil des Unterarms ab<\/li>\n<li>Material: P600D \u2013 robust und langlebig<\/li>\n<li>4 Befestigungsschnallen f\u00fcr sicheren und individuell einstellbaren Halt<\/li>\n<li>Colore: Nero<\/li>\n<\/ul>","protected":false},"excerpt":{"rendered":"<p><strong>Marchio:<\/strong> Maximal<br \/><strong>Colore:<\/strong> Nero<br \/><strong>GTIN:<\/strong> 6426007654628<\/p>","protected":false},"featured_media":446708,"comment_status":"open","ping_status":"closed","template":"","meta":[],"product_brand":[780],"product_cat":[4154],"product_tag":[3546],"class_list":{"0":"post-392375","1":"product","2":"type-product","3":"status-publish","4":"has-post-thumbnail","6":"product_brand-maximal","7":"product_cat-double-armschutz","8":"product_tag-neuheit","10":"first","11":"instock","12":"shipping-taxable","13":"purchasable","14":"product-type-simple"},"yoast_head":"<!-- This site is optimized with the Yoast SEO plugin v27.4 - https:\/\/yoast.com\/product\/yoast-seo-wordpress\/ -->\n<title>MAXIMAL REDLINE DOPPEL ARMSCHUTZ 25CM \/ P600D \/ 4 VERSCHLUESSE SCHWARZ - Bogensportdiscount \u2013 B\u00f6gen, Pfeile, Targets &amp; Zubeh\u00f6r<\/title>\n<meta name=\"robots\" content=\"noindex, follow, max-snippet:-1, max-image-preview:large, max-video-preview:-1\" \/>\n<meta property=\"og:locale\" content=\"it_IT\" \/>\n<meta property=\"og:type\" content=\"article\" \/>\n<meta property=\"og:title\" content=\"MAXIMAL REDLINE DOPPEL ARMSCHUTZ 25CM \/ P600D \/ 4 VERSCHLUESSE SCHWARZ - Bogensportdiscount \u2013 B\u00f6gen, Pfeile, Targets &amp; Zubeh\u00f6r\" \/>\n<meta property=\"og:description\" content=\"Marke: MaximalFarbe: SchwarzGTIN: 6426007654628\" \/>\n<meta property=\"og:url\" content=\"https:\/\/bogensportdiscount.ch\/it\/prodotto\/maximal-doppel-armschutz-redline-25cm-p600d-4-schnallen-schwarz\/\" \/>\n<meta property=\"og:site_name\" content=\"Bogensportdiscount \u2013 B\u00f6gen, Pfeile, Targets &amp; Zubeh\u00f6r\" \/>\n<meta property=\"article:modified_time\" content=\"2026-04-19T09:42:18+00:00\" \/>\n<meta property=\"og:image\" content=\"https:\/\/bogensportdiscount.ch\/wp-content\/uploads\/bsm-images\/A045936_1.png\" \/>\n\t<meta property=\"og:image:width\" content=\"4028\" \/>\n\t<meta property=\"og:image:height\" content=\"2927\" \/>\n\t<meta property=\"og:image:type\" content=\"image\/png\" \/>\n<meta name=\"twitter:card\" content=\"summary_large_image\" \/>\n<meta name=\"twitter:label1\" content=\"Est. reading time\" \/>\n\t<meta name=\"twitter:data1\" content=\"1 minuto\" \/>\n<script type=\"application\/ld+json\" class=\"yoast-schema-graph\">{\"@context\":\"https:\\\/\\\/schema.org\",\"@graph\":[{\"@type\":\"WebPage\",\"@id\":\"https:\\\/\\\/bogensportdiscount.ch\\\/it\\\/prodotto\\\/maximal-doppel-armschutz-redline-25cm-p600d-4-schnallen-schwarz\\\/\",\"url\":\"https:\\\/\\\/bogensportdiscount.ch\\\/it\\\/prodotto\\\/maximal-doppel-armschutz-redline-25cm-p600d-4-schnallen-schwarz\\\/\",\"name\":\"MAXIMAL REDLINE DOPPEL ARMSCHUTZ 25CM \\\/ P600D \\\/ 4 VERSCHLUESSE SCHWARZ - Bogensportdiscount \u2013 B\u00f6gen, Pfeile, Targets &amp; Zubeh\u00f6r\",\"isPartOf\":{\"@id\":\"https:\\\/\\\/bogensportdiscount.ch\\\/#website\"},\"primaryImageOfPage\":{\"@id\":\"https:\\\/\\\/bogensportdiscount.ch\\\/it\\\/prodotto\\\/maximal-doppel-armschutz-redline-25cm-p600d-4-schnallen-schwarz\\\/#primaryimage\"},\"image\":{\"@id\":\"https:\\\/\\\/bogensportdiscount.ch\\\/it\\\/prodotto\\\/maximal-doppel-armschutz-redline-25cm-p600d-4-schnallen-schwarz\\\/#primaryimage\"},\"thumbnailUrl\":\"https:\\\/\\\/bogensportdiscount.ch\\\/wp-content\\\/uploads\\\/bsm-images\\\/A045936_1.png\",\"datePublished\":\"2026-04-05T12:25:46+00:00\",\"dateModified\":\"2026-04-19T09:42:18+00:00\",\"breadcrumb\":{\"@id\":\"https:\\\/\\\/bogensportdiscount.ch\\\/it\\\/prodotto\\\/maximal-doppel-armschutz-redline-25cm-p600d-4-schnallen-schwarz\\\/#breadcrumb\"},\"inLanguage\":\"it-IT\",\"potentialAction\":[{\"@type\":\"ReadAction\",\"target\":[\"https:\\\/\\\/bogensportdiscount.ch\\\/it\\\/prodotto\\\/maximal-doppel-armschutz-redline-25cm-p600d-4-schnallen-schwarz\\\/\"]}]},{\"@type\":\"ImageObject\",\"inLanguage\":\"it-IT\",\"@id\":\"https:\\\/\\\/bogensportdiscount.ch\\\/it\\\/prodotto\\\/maximal-doppel-armschutz-redline-25cm-p600d-4-schnallen-schwarz\\\/#primaryimage\",\"url\":\"https:\\\/\\\/bogensportdiscount.ch\\\/wp-content\\\/uploads\\\/bsm-images\\\/A045936_1.png\",\"contentUrl\":\"https:\\\/\\\/bogensportdiscount.ch\\\/wp-content\\\/uploads\\\/bsm-images\\\/A045936_1.png\",\"width\":4028,\"height\":2927},{\"@type\":\"BreadcrumbList\",\"@id\":\"https:\\\/\\\/bogensportdiscount.ch\\\/it\\\/prodotto\\\/maximal-doppel-armschutz-redline-25cm-p600d-4-schnallen-schwarz\\\/#breadcrumb\",\"itemListElement\":[{\"@type\":\"ListItem\",\"position\":1,\"name\":\"Home\",\"item\":\"https:\\\/\\\/bogensportdiscount.ch\\\/\"},{\"@type\":\"ListItem\",\"position\":2,\"name\":\"Shop\",\"item\":\"https:\\\/\\\/bogensportdiscount.ch\\\/shop\\\/\"},{\"@type\":\"ListItem\",\"position\":3,\"name\":\"MAXIMAL REDLINE DOPPEL ARMSCHUTZ 25CM \\\/ P600D \\\/ 4 VERSCHLUESSE SCHWARZ\"}]},{\"@type\":\"WebSite\",\"@id\":\"https:\\\/\\\/bogensportdiscount.ch\\\/#website\",\"url\":\"https:\\\/\\\/bogensportdiscount.ch\\\/\",\"name\":\"Bogensportdiscount\",\"description\":\"\",\"potentialAction\":[{\"@type\":\"SearchAction\",\"target\":{\"@type\":\"EntryPoint\",\"urlTemplate\":\"https:\\\/\\\/bogensportdiscount.ch\\\/?s={search_term_string}\"},\"query-input\":{\"@type\":\"PropertyValueSpecification\",\"valueRequired\":true,\"valueName\":\"search_term_string\"}}],\"inLanguage\":\"it-IT\"}]}<\/script>\n<!-- \/ Yoast SEO plugin. -->","yoast_head_json":{"title":"MAXIMAL REDLINE DOPPEL ARMSCHUTZ 25CM \/ P600D \/ 4 VERSCHLUESSE SCHWARZ - Bogensportdiscount \u2013 B\u00f6gen, Pfeile, Targets &amp; Zubeh\u00f6r","robots":{"index":"noindex","follow":"follow","max-snippet":"max-snippet:-1","max-image-preview":"max-image-preview:large","max-video-preview":"max-video-preview:-1"},"og_locale":"it_IT","og_type":"article","og_title":"MAXIMAL REDLINE DOPPEL ARMSCHUTZ 25CM \/ P600D \/ 4 VERSCHLUESSE SCHWARZ - Bogensportdiscount \u2013 B\u00f6gen, Pfeile, Targets &amp; Zubeh\u00f6r","og_description":"Marke: MaximalFarbe: SchwarzGTIN: 6426007654628","og_url":"https:\/\/bogensportdiscount.ch\/it\/prodotto\/maximal-doppel-armschutz-redline-25cm-p600d-4-schnallen-schwarz\/","og_site_name":"Bogensportdiscount \u2013 B\u00f6gen, Pfeile, Targets &amp; Zubeh\u00f6r","article_modified_time":"2026-04-19T09:42:18+00:00","og_image":[{"url":"https:\/\/bogensportdiscount.ch\/wp-content\/uploads\/bsm-images\/A045936_1.png","width":4028,"height":2927,"type":"image\/png"}],"twitter_card":"summary_large_image","twitter_misc":{"Est. reading time":"1 minuto"},"schema":{"@context":"https:\/\/schema.org","@graph":[{"@type":"WebPage","@id":"https:\/\/bogensportdiscount.ch\/it\/prodotto\/maximal-doppel-armschutz-redline-25cm-p600d-4-schnallen-schwarz\/","url":"https:\/\/bogensportdiscount.ch\/it\/prodotto\/maximal-doppel-armschutz-redline-25cm-p600d-4-schnallen-schwarz\/","name":"MAXIMAL REDLINE DOPPEL ARMSCHUTZ 25CM \/ P600D \/ 4 VERSCHLUESSE SCHWARZ - Bogensportdiscount \u2013 B\u00f6gen, Pfeile, Targets &amp; Zubeh\u00f6r","isPartOf":{"@id":"https:\/\/bogensportdiscount.ch\/#website"},"primaryImageOfPage":{"@id":"https:\/\/bogensportdiscount.ch\/it\/prodotto\/maximal-doppel-armschutz-redline-25cm-p600d-4-schnallen-schwarz\/#primaryimage"},"image":{"@id":"https:\/\/bogensportdiscount.ch\/it\/prodotto\/maximal-doppel-armschutz-redline-25cm-p600d-4-schnallen-schwarz\/#primaryimage"},"thumbnailUrl":"https:\/\/bogensportdiscount.ch\/wp-content\/uploads\/bsm-images\/A045936_1.png","datePublished":"2026-04-05T12:25:46+00:00","dateModified":"2026-04-19T09:42:18+00:00","breadcrumb":{"@id":"https:\/\/bogensportdiscount.ch\/it\/prodotto\/maximal-doppel-armschutz-redline-25cm-p600d-4-schnallen-schwarz\/#breadcrumb"},"inLanguage":"it-IT","potentialAction":[{"@type":"ReadAction","target":["https:\/\/bogensportdiscount.ch\/it\/prodotto\/maximal-doppel-armschutz-redline-25cm-p600d-4-schnallen-schwarz\/"]}]},{"@type":"ImageObject","inLanguage":"it-IT","@id":"https:\/\/bogensportdiscount.ch\/it\/prodotto\/maximal-doppel-armschutz-redline-25cm-p600d-4-schnallen-schwarz\/#primaryimage","url":"https:\/\/bogensportdiscount.ch\/wp-content\/uploads\/bsm-images\/A045936_1.png","contentUrl":"https:\/\/bogensportdiscount.ch\/wp-content\/uploads\/bsm-images\/A045936_1.png","width":4028,"height":2927},{"@type":"BreadcrumbList","@id":"https:\/\/bogensportdiscount.ch\/it\/prodotto\/maximal-doppel-armschutz-redline-25cm-p600d-4-schnallen-schwarz\/#breadcrumb","itemListElement":[{"@type":"ListItem","position":1,"name":"Home","item":"https:\/\/bogensportdiscount.ch\/"},{"@type":"ListItem","position":2,"name":"Shop","item":"https:\/\/bogensportdiscount.ch\/shop\/"},{"@type":"ListItem","position":3,"name":"MAXIMAL REDLINE DOPPEL ARMSCHUTZ 25CM \/ P600D \/ 4 VERSCHLUESSE SCHWARZ"}]},{"@type":"WebSite","@id":"https:\/\/bogensportdiscount.ch\/#website","url":"https:\/\/bogensportdiscount.ch\/","name":"Bogensportdiscount","description":"","potentialAction":[{"@type":"SearchAction","target":{"@type":"EntryPoint","urlTemplate":"https:\/\/bogensportdiscount.ch\/?s={search_term_string}"},"query-input":{"@type":"PropertyValueSpecification","valueRequired":true,"valueName":"search_term_string"}}],"inLanguage":"it-IT"}]}},"_links":{"self":[{"href":"https:\/\/bogensportdiscount.ch\/it\/wp-json\/wp\/v2\/product\/392375","targetHints":{"allow":["GET"]}}],"collection":[{"href":"https:\/\/bogensportdiscount.ch\/it\/wp-json\/wp\/v2\/product"}],"about":[{"href":"https:\/\/bogensportdiscount.ch\/it\/wp-json\/wp\/v2\/types\/product"}],"replies":[{"embeddable":true,"href":"https:\/\/bogensportdiscount.ch\/it\/wp-json\/wp\/v2\/comments?post=392375"}],"wp:featuredmedia":[{"embeddable":true,"href":"https:\/\/bogensportdiscount.ch\/it\/wp-json\/wp\/v2\/media\/446708"}],"wp:attachment":[{"href":"https:\/\/bogensportdiscount.ch\/it\/wp-json\/wp\/v2\/media?parent=392375"}],"wp:term":[{"taxonomy":"product_brand","embeddable":true,"href":"https:\/\/bogensportdiscount.ch\/it\/wp-json\/wp\/v2\/product_brand?post=392375"},{"taxonomy":"product_cat","embeddable":true,"href":"https:\/\/bogensportdiscount.ch\/it\/wp-json\/wp\/v2\/product_cat?post=392375"},{"taxonomy":"product_tag","embeddable":true,"href":"https:\/\/bogensportdiscount.ch\/it\/wp-json\/wp\/v2\/product_tag?post=392375"}],"curies":[{"name":"wp","href":"https:\/\/api.w.org\/{rel}","templated":true}]}}