{"id":392324,"date":"2026-04-05T14:25:37","date_gmt":"2026-04-05T12:25:37","guid":{"rendered":"https:\/\/bogensportdiscount.ch\/produkt\/excalibur-utility-pack-x-slick-ex-wax-ex-oil\/"},"modified":"2026-04-17T19:05:23","modified_gmt":"2026-04-17T17:05:23","slug":"excalibur-utility-pack-x-slick-ex-wax-ex-oil","status":"publish","type":"product","link":"https:\/\/bogensportdiscount.ch\/it\/prodotto\/excalibur-utility-pack-x-slick-ex-wax-ex-oil\/","title":{"rendered":"PACCHETTO DI UTILIT\u00c0 EXCALIBUR - X-SLICK \/ EX-CERA \/ EX-OLIO"},"content":{"rendered":"<p>Das Excalibur Utility Pack ist ein Pflegeset f\u00fcr Armbr\u00fcste und enth\u00e4lt die drei Excalibur-Pflegemittel X-Slick, Ex-Wax und Ex-Oil. Mit diesem Set hat man die wichtigsten Wartungsprodukte f\u00fcr den Armbrustbetrieb griffbereit.<\/p>\n<p>X-Slick ist ein Schmiermittel f\u00fcr Schienen und bewegliche Teile, Ex-Wax dient zur Pflege und zum Schutz der Armbrustsehne, und Ex-Oil ist ein \u00d6l f\u00fcr Mechanik und Metallteile. Das Bundle eignet sich f\u00fcr alle, die ihre Armbrust regelm\u00e4ssig warten und in gutem Zustand halten m\u00f6chten.<\/p>\n<ul>\n<li>Drei Pflegeprodukte im Set<\/li>\n<li>X-Slick f\u00fcr Schiene und Gleiteigenschaften<\/li>\n<li>Ex-Wax f\u00fcr Sehnenpflege<\/li>\n<li>Ex-Oil f\u00fcr Mechanik und Metallteile<\/li>\n<\/ul>","protected":false},"excerpt":{"rendered":"<p><strong>Marchio:<\/strong> Excalibur<br \/><strong>GTIN:<\/strong> 626192741349<\/p>","protected":false},"featured_media":447587,"comment_status":"open","ping_status":"closed","template":"","meta":[],"product_brand":[804],"product_cat":[4137],"product_tag":[3546],"class_list":{"0":"post-392324","1":"product","2":"type-product","3":"status-publish","4":"has-post-thumbnail","6":"product_brand-excalibur","7":"product_cat-weitere","8":"product_tag-neuheit","10":"first","11":"instock","12":"shipping-taxable","13":"purchasable","14":"product-type-simple"},"_links":{"self":[{"href":"https:\/\/bogensportdiscount.ch\/it\/wp-json\/wp\/v2\/product\/392324","targetHints":{"allow":["GET"]}}],"collection":[{"href":"https:\/\/bogensportdiscount.ch\/it\/wp-json\/wp\/v2\/product"}],"about":[{"href":"https:\/\/bogensportdiscount.ch\/it\/wp-json\/wp\/v2\/types\/product"}],"replies":[{"embeddable":true,"href":"https:\/\/bogensportdiscount.ch\/it\/wp-json\/wp\/v2\/comments?post=392324"}],"wp:featuredmedia":[{"embeddable":true,"href":"https:\/\/bogensportdiscount.ch\/it\/wp-json\/wp\/v2\/media\/447587"}],"wp:attachment":[{"href":"https:\/\/bogensportdiscount.ch\/it\/wp-json\/wp\/v2\/media?parent=392324"}],"wp:term":[{"taxonomy":"product_brand","embeddable":true,"href":"https:\/\/bogensportdiscount.ch\/it\/wp-json\/wp\/v2\/product_brand?post=392324"},{"taxonomy":"product_cat","embeddable":true,"href":"https:\/\/bogensportdiscount.ch\/it\/wp-json\/wp\/v2\/product_cat?post=392324"},{"taxonomy":"product_tag","embeddable":true,"href":"https:\/\/bogensportdiscount.ch\/it\/wp-json\/wp\/v2\/product_tag?post=392324"}],"curies":[{"name":"wp","href":"https:\/\/api.w.org\/{rel}","templated":true}]}}