{"id":392301,"date":"2026-04-05T14:25:33","date_gmt":"2026-04-05T12:25:33","guid":{"rendered":"https:\/\/bogensportdiscount.ch\/produkt\/ekpoelang-ek-poelang-crossbow-bags-universal-axle-to-axle-under-21-black\/"},"modified":"2026-05-14T07:13:38","modified_gmt":"2026-05-14T05:13:38","slug":"ekpoelang-armbrust-tasche-universal-achse-zu-achse-unter-21-schwarz","status":"publish","type":"product","link":"https:\/\/bogensportdiscount.ch\/it\/prodotto\/ekpoelang-armbrust-tasche-universal-achse-zu-achse-unter-21-schwarz\/","title":{"rendered":"EKPOELANG EK-POELANG BORSA PER BALESTRA UNIVERSALE ASSE AD ASSE SOTTO 21&#8243; NERO"},"content":{"rendered":"<p>La borsa per balestra EKPOELANG \u00e8 stata sviluppata per balestre compatte con un'interasse inferiore a 21 pollici (ca. 53 cm). Grazie al design universale, \u00e8 compatibile con un'ampia variet\u00e0 di modelli di balestre comuni ed \u00e8 adatta sia per l'uso al poligono di tiro che per il trasporto in campo.<\/p>\n<p>La borsa in classico nero protegge la Sua balestra da sporco, umidit\u00e0 e sollecitazioni meccaniche. \u00c8 una soluzione pratica per gli arcieri che desiderano riporre e trasportare la propria attrezzatura in modo sicuro.<\/p>\n<ul>\n<li>Universalmente compatibile con balestre fino a 21 pollici di interasse<\/li>\n<li>Colore: Nero<\/li>\n<li>Protezione da sporco e danni<\/li>\n<li>Forma compatta e maneggevole<\/li>\n<\/ul>","protected":false},"excerpt":{"rendered":"<table>\n<tr>\n<th>Propriet\u00e0<\/th>\n<th>Valore<\/th>\n<\/tr>\n<tr>\n<td>Marca<\/td>\n<td>EK &#8211; Poelang<\/td>\n<\/tr>\n<tr>\n<td>Colore<\/td>\n<td>Nero<\/td>\n<\/tr>\n<tr>\n<td>Paese di origine<\/td>\n<td>Cina<\/td>\n<\/tr>\n<tr>\n<td>GTIN<\/td>\n<td>4710933488452<\/td>\n<\/tr>\n<\/table>","protected":false},"featured_media":447964,"comment_status":"open","ping_status":"closed","template":"","meta":[],"product_brand":[471],"product_cat":[4135,4373,27449],"product_tag":[3546],"class_list":{"0":"post-392301","1":"product","2":"type-product","3":"status-publish","4":"has-post-thumbnail","6":"product_brand-ekpoelang","7":"product_cat-armbrust-zubehoer","8":"product_cat-armbrueste-taschen","9":"product_cat-taschen-koffer-armbrust-zubehoer-2","10":"product_tag-neuheit","11":"product_shipping_class-bsd-standard","13":"first","14":"instock","15":"shipping-taxable","16":"purchasable","17":"product-type-simple"},"yoast_head":"<!-- This site is optimized with the Yoast SEO plugin v27.6 - https:\/\/yoast.com\/product\/yoast-seo-wordpress\/ -->\n<title>EKPOELANG EK-POELANG ARMBRUST-TASCHEN UNIVERSAL ACHSE ZU ACHSE UNTER 21&quot; SCHWARZ - Bogensportdiscount \u2013 B\u00f6gen, Pfeile, Targets &amp; Zubeh\u00f6r<\/title>\n<meta name=\"description\" content=\"EKPOELANG EK-POELANG ARMBRUST-TASCHEN UNIVERSAL ACHSE ZU ACHSE UNTER 21&quot; SCHWARZ g\u00fcnstig kaufen bei Bogensportdiscount \u2013 Top-Marken, schneller Versand aus der Schweiz.\" \/>\n<meta name=\"robots\" content=\"index, follow, max-snippet:-1, max-image-preview:large, max-video-preview:-1\" \/>\n<link rel=\"canonical\" href=\"https:\/\/bogensportdiscount.ch\/it\/prodotto\/ekpoelang-armbrust-tasche-universal-achse-zu-achse-unter-21-schwarz\/\" \/>\n<meta property=\"og:locale\" content=\"it_IT\" \/>\n<meta property=\"og:type\" content=\"article\" \/>\n<meta property=\"og:title\" content=\"EKPOELANG EK-POELANG ARMBRUST-TASCHEN UNIVERSAL ACHSE ZU ACHSE UNTER 21&quot; SCHWARZ - Bogensportdiscount \u2013 B\u00f6gen, Pfeile, Targets &amp; Zubeh\u00f6r\" \/>\n<meta property=\"og:description\" content=\"EKPOELANG EK-POELANG ARMBRUST-TASCHEN UNIVERSAL ACHSE ZU ACHSE UNTER 21&quot; SCHWARZ g\u00fcnstig kaufen bei Bogensportdiscount \u2013 Top-Marken, schneller Versand aus der Schweiz.\" \/>\n<meta property=\"og:url\" content=\"https:\/\/bogensportdiscount.ch\/it\/prodotto\/ekpoelang-armbrust-tasche-universal-achse-zu-achse-unter-21-schwarz\/\" \/>\n<meta property=\"og:site_name\" content=\"Bogensportdiscount \u2013 B\u00f6gen, Pfeile, Targets &amp; Zubeh\u00f6r\" \/>\n<meta property=\"article:modified_time\" content=\"2026-05-14T05:13:38+00:00\" \/>\n<meta property=\"og:image\" content=\"https:\/\/bogensportdiscount.ch\/wp-content\/uploads\/bsm-images\/A041701_1.png\" \/>\n\t<meta property=\"og:image:width\" content=\"750\" \/>\n\t<meta property=\"og:image:height\" content=\"750\" \/>\n\t<meta property=\"og:image:type\" content=\"image\/png\" \/>\n<meta name=\"twitter:card\" content=\"summary_large_image\" \/>\n<meta name=\"twitter:label1\" content=\"Tempo di lettura stimato\" \/>\n\t<meta name=\"twitter:data1\" content=\"1 minuto\" \/>\n<script type=\"application\/ld+json\" class=\"yoast-schema-graph\">{\"@context\":\"https:\\\/\\\/schema.org\",\"@graph\":[{\"@type\":\"WebPage\",\"@id\":\"https:\\\/\\\/bogensportdiscount.ch\\\/produkt\\\/ekpoelang-armbrust-tasche-universal-achse-zu-achse-unter-21-schwarz\\\/\",\"url\":\"https:\\\/\\\/bogensportdiscount.ch\\\/produkt\\\/ekpoelang-armbrust-tasche-universal-achse-zu-achse-unter-21-schwarz\\\/\",\"name\":\"EKPOELANG EK-POELANG ARMBRUST-TASCHEN UNIVERSAL ACHSE ZU ACHSE UNTER 21\\\" SCHWARZ - Bogensportdiscount \u2013 B\u00f6gen, Pfeile, Targets &amp; Zubeh\u00f6r\",\"isPartOf\":{\"@id\":\"https:\\\/\\\/bogensportdiscount.ch\\\/#website\"},\"primaryImageOfPage\":{\"@id\":\"https:\\\/\\\/bogensportdiscount.ch\\\/produkt\\\/ekpoelang-armbrust-tasche-universal-achse-zu-achse-unter-21-schwarz\\\/#primaryimage\"},\"image\":{\"@id\":\"https:\\\/\\\/bogensportdiscount.ch\\\/produkt\\\/ekpoelang-armbrust-tasche-universal-achse-zu-achse-unter-21-schwarz\\\/#primaryimage\"},\"thumbnailUrl\":\"https:\\\/\\\/bogensportdiscount.ch\\\/wp-content\\\/uploads\\\/bsm-images\\\/A041701_1.png\",\"datePublished\":\"2026-04-05T12:25:33+00:00\",\"dateModified\":\"2026-05-14T05:13:38+00:00\",\"description\":\"EKPOELANG EK-POELANG ARMBRUST-TASCHEN UNIVERSAL ACHSE ZU ACHSE UNTER 21\\\" SCHWARZ g\u00fcnstig kaufen bei Bogensportdiscount \u2013 Top-Marken, schneller Versand aus der Schweiz.\",\"breadcrumb\":{\"@id\":\"https:\\\/\\\/bogensportdiscount.ch\\\/produkt\\\/ekpoelang-armbrust-tasche-universal-achse-zu-achse-unter-21-schwarz\\\/#breadcrumb\"},\"inLanguage\":\"it-IT\",\"potentialAction\":[{\"@type\":\"ReadAction\",\"target\":[\"https:\\\/\\\/bogensportdiscount.ch\\\/produkt\\\/ekpoelang-armbrust-tasche-universal-achse-zu-achse-unter-21-schwarz\\\/\"]}]},{\"@type\":\"ImageObject\",\"inLanguage\":\"it-IT\",\"@id\":\"https:\\\/\\\/bogensportdiscount.ch\\\/produkt\\\/ekpoelang-armbrust-tasche-universal-achse-zu-achse-unter-21-schwarz\\\/#primaryimage\",\"url\":\"https:\\\/\\\/bogensportdiscount.ch\\\/wp-content\\\/uploads\\\/bsm-images\\\/A041701_1.png\",\"contentUrl\":\"https:\\\/\\\/bogensportdiscount.ch\\\/wp-content\\\/uploads\\\/bsm-images\\\/A041701_1.png\",\"width\":750,\"height\":750},{\"@type\":\"BreadcrumbList\",\"@id\":\"https:\\\/\\\/bogensportdiscount.ch\\\/produkt\\\/ekpoelang-armbrust-tasche-universal-achse-zu-achse-unter-21-schwarz\\\/#breadcrumb\",\"itemListElement\":[{\"@type\":\"ListItem\",\"position\":1,\"name\":\"Home\",\"item\":\"https:\\\/\\\/bogensportdiscount.ch\\\/\"},{\"@type\":\"ListItem\",\"position\":2,\"name\":\"Shop\",\"item\":\"https:\\\/\\\/bogensportdiscount.ch\\\/shop\\\/\"},{\"@type\":\"ListItem\",\"position\":3,\"name\":\"EKPOELANG EK-POELANG CROSSBOW BAGS UNIVERSAL AXLE TO AXLE UNDER 21&#8243; BLACK\"}]},{\"@type\":\"WebSite\",\"@id\":\"https:\\\/\\\/bogensportdiscount.ch\\\/#website\",\"url\":\"https:\\\/\\\/bogensportdiscount.ch\\\/\",\"name\":\"Bogensportdiscount\",\"description\":\"\",\"potentialAction\":[{\"@type\":\"SearchAction\",\"target\":{\"@type\":\"EntryPoint\",\"urlTemplate\":\"https:\\\/\\\/bogensportdiscount.ch\\\/?s={search_term_string}\"},\"query-input\":{\"@type\":\"PropertyValueSpecification\",\"valueRequired\":true,\"valueName\":\"search_term_string\"}}],\"inLanguage\":\"it-IT\"}]}<\/script>\n<!-- \/ Yoast SEO plugin. -->","yoast_head_json":{"title":"EKPOELANG EK-POELANG ARMBRUST-TASCHEN UNIVERSAL ACHSE ZU ACHSE UNTER 21\" SCHWARZ - Bogensportdiscount \u2013 B\u00f6gen, Pfeile, Targets &amp; Zubeh\u00f6r","description":"EKPOELANG EK-POELANG ARMBRUST-TASCHEN UNIVERSAL ACHSE ZU ACHSE UNTER 21\" SCHWARZ g\u00fcnstig kaufen bei Bogensportdiscount \u2013 Top-Marken, schneller Versand aus der Schweiz.","robots":{"index":"index","follow":"follow","max-snippet":"max-snippet:-1","max-image-preview":"max-image-preview:large","max-video-preview":"max-video-preview:-1"},"canonical":"https:\/\/bogensportdiscount.ch\/it\/prodotto\/ekpoelang-armbrust-tasche-universal-achse-zu-achse-unter-21-schwarz\/","og_locale":"it_IT","og_type":"article","og_title":"EKPOELANG EK-POELANG ARMBRUST-TASCHEN UNIVERSAL ACHSE ZU ACHSE UNTER 21\" SCHWARZ - Bogensportdiscount \u2013 B\u00f6gen, Pfeile, Targets &amp; Zubeh\u00f6r","og_description":"EKPOELANG EK-POELANG ARMBRUST-TASCHEN UNIVERSAL ACHSE ZU ACHSE UNTER 21\" SCHWARZ g\u00fcnstig kaufen bei Bogensportdiscount \u2013 Top-Marken, schneller Versand aus der Schweiz.","og_url":"https:\/\/bogensportdiscount.ch\/it\/prodotto\/ekpoelang-armbrust-tasche-universal-achse-zu-achse-unter-21-schwarz\/","og_site_name":"Bogensportdiscount \u2013 B\u00f6gen, Pfeile, Targets &amp; Zubeh\u00f6r","article_modified_time":"2026-05-14T05:13:38+00:00","og_image":[{"width":750,"height":750,"url":"https:\/\/bogensportdiscount.ch\/wp-content\/uploads\/bsm-images\/A041701_1.png","type":"image\/png"}],"twitter_card":"summary_large_image","twitter_misc":{"Tempo di lettura stimato":"1 minuto"},"schema":{"@context":"https:\/\/schema.org","@graph":[{"@type":"WebPage","@id":"https:\/\/bogensportdiscount.ch\/produkt\/ekpoelang-armbrust-tasche-universal-achse-zu-achse-unter-21-schwarz\/","url":"https:\/\/bogensportdiscount.ch\/produkt\/ekpoelang-armbrust-tasche-universal-achse-zu-achse-unter-21-schwarz\/","name":"EKPOELANG EK-POELANG ARMBRUST-TASCHEN UNIVERSAL ACHSE ZU ACHSE UNTER 21\" SCHWARZ - Bogensportdiscount \u2013 B\u00f6gen, Pfeile, Targets &amp; Zubeh\u00f6r","isPartOf":{"@id":"https:\/\/bogensportdiscount.ch\/#website"},"primaryImageOfPage":{"@id":"https:\/\/bogensportdiscount.ch\/produkt\/ekpoelang-armbrust-tasche-universal-achse-zu-achse-unter-21-schwarz\/#primaryimage"},"image":{"@id":"https:\/\/bogensportdiscount.ch\/produkt\/ekpoelang-armbrust-tasche-universal-achse-zu-achse-unter-21-schwarz\/#primaryimage"},"thumbnailUrl":"https:\/\/bogensportdiscount.ch\/wp-content\/uploads\/bsm-images\/A041701_1.png","datePublished":"2026-04-05T12:25:33+00:00","dateModified":"2026-05-14T05:13:38+00:00","description":"EKPOELANG EK-POELANG ARMBRUST-TASCHEN UNIVERSAL ACHSE ZU ACHSE UNTER 21\" SCHWARZ g\u00fcnstig kaufen bei Bogensportdiscount \u2013 Top-Marken, schneller Versand aus der Schweiz.","breadcrumb":{"@id":"https:\/\/bogensportdiscount.ch\/produkt\/ekpoelang-armbrust-tasche-universal-achse-zu-achse-unter-21-schwarz\/#breadcrumb"},"inLanguage":"it-IT","potentialAction":[{"@type":"ReadAction","target":["https:\/\/bogensportdiscount.ch\/produkt\/ekpoelang-armbrust-tasche-universal-achse-zu-achse-unter-21-schwarz\/"]}]},{"@type":"ImageObject","inLanguage":"it-IT","@id":"https:\/\/bogensportdiscount.ch\/produkt\/ekpoelang-armbrust-tasche-universal-achse-zu-achse-unter-21-schwarz\/#primaryimage","url":"https:\/\/bogensportdiscount.ch\/wp-content\/uploads\/bsm-images\/A041701_1.png","contentUrl":"https:\/\/bogensportdiscount.ch\/wp-content\/uploads\/bsm-images\/A041701_1.png","width":750,"height":750},{"@type":"BreadcrumbList","@id":"https:\/\/bogensportdiscount.ch\/produkt\/ekpoelang-armbrust-tasche-universal-achse-zu-achse-unter-21-schwarz\/#breadcrumb","itemListElement":[{"@type":"ListItem","position":1,"name":"Home","item":"https:\/\/bogensportdiscount.ch\/"},{"@type":"ListItem","position":2,"name":"Shop","item":"https:\/\/bogensportdiscount.ch\/shop\/"},{"@type":"ListItem","position":3,"name":"EKPOELANG EK-POELANG CROSSBOW BAGS UNIVERSAL AXLE TO AXLE UNDER 21&#8243; BLACK"}]},{"@type":"WebSite","@id":"https:\/\/bogensportdiscount.ch\/#website","url":"https:\/\/bogensportdiscount.ch\/","name":"Bogensportdiscount","description":"","potentialAction":[{"@type":"SearchAction","target":{"@type":"EntryPoint","urlTemplate":"https:\/\/bogensportdiscount.ch\/?s={search_term_string}"},"query-input":{"@type":"PropertyValueSpecification","valueRequired":true,"valueName":"search_term_string"}}],"inLanguage":"it-IT"}]}},"_links":{"self":[{"href":"https:\/\/bogensportdiscount.ch\/it\/wp-json\/wp\/v2\/product\/392301","targetHints":{"allow":["GET"]}}],"collection":[{"href":"https:\/\/bogensportdiscount.ch\/it\/wp-json\/wp\/v2\/product"}],"about":[{"href":"https:\/\/bogensportdiscount.ch\/it\/wp-json\/wp\/v2\/types\/product"}],"replies":[{"embeddable":true,"href":"https:\/\/bogensportdiscount.ch\/it\/wp-json\/wp\/v2\/comments?post=392301"}],"wp:featuredmedia":[{"embeddable":true,"href":"https:\/\/bogensportdiscount.ch\/it\/wp-json\/wp\/v2\/media\/447964"}],"wp:attachment":[{"href":"https:\/\/bogensportdiscount.ch\/it\/wp-json\/wp\/v2\/media?parent=392301"}],"wp:term":[{"taxonomy":"product_brand","embeddable":true,"href":"https:\/\/bogensportdiscount.ch\/it\/wp-json\/wp\/v2\/product_brand?post=392301"},{"taxonomy":"product_cat","embeddable":true,"href":"https:\/\/bogensportdiscount.ch\/it\/wp-json\/wp\/v2\/product_cat?post=392301"},{"taxonomy":"product_tag","embeddable":true,"href":"https:\/\/bogensportdiscount.ch\/it\/wp-json\/wp\/v2\/product_tag?post=392301"}],"curies":[{"name":"wp","href":"https:\/\/api.w.org\/{rel}","templated":true}]}}