{"id":392285,"date":"2026-04-05T14:25:31","date_gmt":"2026-04-05T12:25:31","guid":{"rendered":"https:\/\/bogensportdiscount.ch\/produkt\/avalon-belt-clip-universal-quiver-hook-stainless\/"},"modified":"2026-05-14T07:13:38","modified_gmt":"2026-05-14T05:13:38","slug":"avalon-guertelclip-universal-koecherhaken-edelstahl","status":"publish","type":"product","link":"https:\/\/bogensportdiscount.ch\/it\/prodotto\/avalon-guertelclip-universal-koecherhaken-edelstahl\/","title":{"rendered":"AVALON G\u00dcRTELCLIP UNIVERSELLE K\u00d6CHER-HALTERUNG EDELSTAHL"},"content":{"rendered":"<p>Il clip da cintura universale AVALON per faretra in acciaio inox consente il fissaggio semplice di una faretra alla cintura. Grazie al design universale, \u00e8 compatibile con un'ampia variet\u00e0 di faretra per il tiro con l'arco disponibili in commercio.<\/p>\n<p>Il materiale in acciaio inossidabile garantisce durata e resistenza alle intemperie \u2013 ideale per l'uso durante l'allenamento all'aperto come anche in palestra.<\/p>\n<ul>\n<li>Materiale: acciaio inox (inossidabile)<\/li>\n<li>Compatibilit\u00e0 universale per faretra comuni<\/li>\n<li>Fissaggio con clip da cintura<\/li>\n<li>Peso ridotto, struttura compatta<\/li>\n<\/ul>","protected":false},"excerpt":{"rendered":"<table>\n<tr>\n<th>Propriet\u00e0<\/th>\n<th>Valore<\/th>\n<\/tr>\n<tr>\n<td>Marca<\/td>\n<td>Avalon<\/td>\n<\/tr>\n<tr>\n<td>Colore<\/td>\n<td>Sillaba<\/td>\n<\/tr>\n<tr>\n<td>Paese di origine<\/td>\n<td>Cina<\/td>\n<\/tr>\n<tr>\n<td>GTIN<\/td>\n<td>6426016244254<\/td>\n<\/tr>\n<\/table>","protected":false},"featured_media":442583,"comment_status":"open","ping_status":"closed","template":"","meta":[],"product_brand":[449],"product_cat":[4124,4145,4164],"product_tag":[3546],"class_list":{"0":"post-392285","1":"product","2":"type-product","3":"status-publish","4":"has-post-thumbnail","6":"product_brand-avalon","7":"product_cat-bogenschuetzer-ausruestung","8":"product_cat-koecher-guerteltasche","9":"product_cat-zubehoer-einzelteile","10":"product_tag-neuheit","11":"product_shipping_class-bsd-standard","13":"first","14":"instock","15":"shipping-taxable","16":"purchasable","17":"product-type-simple"},"yoast_head":"<!-- This site is optimized with the Yoast SEO plugin v27.6 - https:\/\/yoast.com\/product\/yoast-seo-wordpress\/ -->\n<title>AVALON G\u00dcRTELCLIP UNIVERSELLE K\u00d6CHER-HALTERUNG EDELSTAHL - Bogensportdiscount \u2013 B\u00f6gen, Pfeile, Targets &amp; Zubeh\u00f6r<\/title>\n<meta name=\"description\" content=\"AVALON G\u00dcRTELCLIP UNIVERSELLE K\u00d6CHER-HALTERUNG EDELSTAHL g\u00fcnstig kaufen bei Bogensportdiscount \u2013 Top-Marken, schneller Versand aus der Schweiz.\" \/>\n<meta name=\"robots\" content=\"index, follow, max-snippet:-1, max-image-preview:large, max-video-preview:-1\" \/>\n<link rel=\"canonical\" href=\"https:\/\/bogensportdiscount.ch\/it\/prodotto\/avalon-guertelclip-universal-koecherhaken-edelstahl\/\" \/>\n<meta property=\"og:locale\" content=\"it_IT\" \/>\n<meta property=\"og:type\" content=\"article\" \/>\n<meta property=\"og:title\" content=\"AVALON G\u00dcRTELCLIP UNIVERSELLE K\u00d6CHER-HALTERUNG EDELSTAHL - Bogensportdiscount \u2013 B\u00f6gen, Pfeile, Targets &amp; Zubeh\u00f6r\" \/>\n<meta property=\"og:description\" content=\"AVALON G\u00dcRTELCLIP UNIVERSELLE K\u00d6CHER-HALTERUNG EDELSTAHL g\u00fcnstig kaufen bei Bogensportdiscount \u2013 Top-Marken, schneller Versand aus der Schweiz.\" \/>\n<meta property=\"og:url\" content=\"https:\/\/bogensportdiscount.ch\/it\/prodotto\/avalon-guertelclip-universal-koecherhaken-edelstahl\/\" \/>\n<meta property=\"og:site_name\" content=\"Bogensportdiscount \u2013 B\u00f6gen, Pfeile, Targets &amp; Zubeh\u00f6r\" \/>\n<meta property=\"article:modified_time\" content=\"2026-05-14T05:13:38+00:00\" \/>\n<meta property=\"og:image\" content=\"https:\/\/bogensportdiscount.ch\/wp-content\/uploads\/bsm-images\/A041182_1.png\" \/>\n\t<meta property=\"og:image:width\" content=\"2288\" \/>\n\t<meta property=\"og:image:height\" content=\"1064\" \/>\n\t<meta property=\"og:image:type\" content=\"image\/png\" \/>\n<meta name=\"twitter:card\" content=\"summary_large_image\" \/>\n<script type=\"application\/ld+json\" class=\"yoast-schema-graph\">{\"@context\":\"https:\\\/\\\/schema.org\",\"@graph\":[{\"@type\":\"WebPage\",\"@id\":\"https:\\\/\\\/bogensportdiscount.ch\\\/produkt\\\/avalon-guertelclip-universal-koecherhaken-edelstahl\\\/\",\"url\":\"https:\\\/\\\/bogensportdiscount.ch\\\/produkt\\\/avalon-guertelclip-universal-koecherhaken-edelstahl\\\/\",\"name\":\"AVALON G\u00dcRTELCLIP UNIVERSELLE K\u00d6CHER-HALTERUNG EDELSTAHL - Bogensportdiscount \u2013 B\u00f6gen, Pfeile, Targets &amp; Zubeh\u00f6r\",\"isPartOf\":{\"@id\":\"https:\\\/\\\/bogensportdiscount.ch\\\/#website\"},\"primaryImageOfPage\":{\"@id\":\"https:\\\/\\\/bogensportdiscount.ch\\\/produkt\\\/avalon-guertelclip-universal-koecherhaken-edelstahl\\\/#primaryimage\"},\"image\":{\"@id\":\"https:\\\/\\\/bogensportdiscount.ch\\\/produkt\\\/avalon-guertelclip-universal-koecherhaken-edelstahl\\\/#primaryimage\"},\"thumbnailUrl\":\"https:\\\/\\\/bogensportdiscount.ch\\\/wp-content\\\/uploads\\\/bsm-images\\\/A041182_1.png\",\"datePublished\":\"2026-04-05T12:25:31+00:00\",\"dateModified\":\"2026-05-14T05:13:38+00:00\",\"description\":\"AVALON G\u00dcRTELCLIP UNIVERSELLE K\u00d6CHER-HALTERUNG EDELSTAHL g\u00fcnstig kaufen bei Bogensportdiscount \u2013 Top-Marken, schneller Versand aus der Schweiz.\",\"breadcrumb\":{\"@id\":\"https:\\\/\\\/bogensportdiscount.ch\\\/produkt\\\/avalon-guertelclip-universal-koecherhaken-edelstahl\\\/#breadcrumb\"},\"inLanguage\":\"it-IT\",\"potentialAction\":[{\"@type\":\"ReadAction\",\"target\":[\"https:\\\/\\\/bogensportdiscount.ch\\\/produkt\\\/avalon-guertelclip-universal-koecherhaken-edelstahl\\\/\"]}]},{\"@type\":\"ImageObject\",\"inLanguage\":\"it-IT\",\"@id\":\"https:\\\/\\\/bogensportdiscount.ch\\\/produkt\\\/avalon-guertelclip-universal-koecherhaken-edelstahl\\\/#primaryimage\",\"url\":\"https:\\\/\\\/bogensportdiscount.ch\\\/wp-content\\\/uploads\\\/bsm-images\\\/A041182_1.png\",\"contentUrl\":\"https:\\\/\\\/bogensportdiscount.ch\\\/wp-content\\\/uploads\\\/bsm-images\\\/A041182_1.png\",\"width\":2288,\"height\":1064},{\"@type\":\"BreadcrumbList\",\"@id\":\"https:\\\/\\\/bogensportdiscount.ch\\\/produkt\\\/avalon-guertelclip-universal-koecherhaken-edelstahl\\\/#breadcrumb\",\"itemListElement\":[{\"@type\":\"ListItem\",\"position\":1,\"name\":\"Home\",\"item\":\"https:\\\/\\\/bogensportdiscount.ch\\\/\"},{\"@type\":\"ListItem\",\"position\":2,\"name\":\"Shop\",\"item\":\"https:\\\/\\\/bogensportdiscount.ch\\\/shop\\\/\"},{\"@type\":\"ListItem\",\"position\":3,\"name\":\"AVALON BELT CLIP UNIVERSAL QUIVER HOOK STAINLESS\"}]},{\"@type\":\"WebSite\",\"@id\":\"https:\\\/\\\/bogensportdiscount.ch\\\/#website\",\"url\":\"https:\\\/\\\/bogensportdiscount.ch\\\/\",\"name\":\"Bogensportdiscount\",\"description\":\"\",\"potentialAction\":[{\"@type\":\"SearchAction\",\"target\":{\"@type\":\"EntryPoint\",\"urlTemplate\":\"https:\\\/\\\/bogensportdiscount.ch\\\/?s={search_term_string}\"},\"query-input\":{\"@type\":\"PropertyValueSpecification\",\"valueRequired\":true,\"valueName\":\"search_term_string\"}}],\"inLanguage\":\"it-IT\"}]}<\/script>\n<!-- \/ Yoast SEO plugin. -->","yoast_head_json":{"title":"AVALON G\u00dcRTELCLIP UNIVERSELLE K\u00d6CHER-HALTERUNG EDELSTAHL - Bogensportdiscount \u2013 B\u00f6gen, Pfeile, Targets &amp; Zubeh\u00f6r","description":"AVALON G\u00dcRTELCLIP UNIVERSELLE K\u00d6CHER-HALTERUNG EDELSTAHL g\u00fcnstig kaufen bei Bogensportdiscount \u2013 Top-Marken, schneller Versand aus der Schweiz.","robots":{"index":"index","follow":"follow","max-snippet":"max-snippet:-1","max-image-preview":"max-image-preview:large","max-video-preview":"max-video-preview:-1"},"canonical":"https:\/\/bogensportdiscount.ch\/it\/prodotto\/avalon-guertelclip-universal-koecherhaken-edelstahl\/","og_locale":"it_IT","og_type":"article","og_title":"AVALON G\u00dcRTELCLIP UNIVERSELLE K\u00d6CHER-HALTERUNG EDELSTAHL - Bogensportdiscount \u2013 B\u00f6gen, Pfeile, Targets &amp; Zubeh\u00f6r","og_description":"AVALON G\u00dcRTELCLIP UNIVERSELLE K\u00d6CHER-HALTERUNG EDELSTAHL g\u00fcnstig kaufen bei Bogensportdiscount \u2013 Top-Marken, schneller Versand aus der Schweiz.","og_url":"https:\/\/bogensportdiscount.ch\/it\/prodotto\/avalon-guertelclip-universal-koecherhaken-edelstahl\/","og_site_name":"Bogensportdiscount \u2013 B\u00f6gen, Pfeile, Targets &amp; Zubeh\u00f6r","article_modified_time":"2026-05-14T05:13:38+00:00","og_image":[{"width":2288,"height":1064,"url":"https:\/\/bogensportdiscount.ch\/wp-content\/uploads\/bsm-images\/A041182_1.png","type":"image\/png"}],"twitter_card":"summary_large_image","schema":{"@context":"https:\/\/schema.org","@graph":[{"@type":"WebPage","@id":"https:\/\/bogensportdiscount.ch\/produkt\/avalon-guertelclip-universal-koecherhaken-edelstahl\/","url":"https:\/\/bogensportdiscount.ch\/produkt\/avalon-guertelclip-universal-koecherhaken-edelstahl\/","name":"AVALON G\u00dcRTELCLIP UNIVERSELLE K\u00d6CHER-HALTERUNG EDELSTAHL - Bogensportdiscount \u2013 B\u00f6gen, Pfeile, Targets &amp; Zubeh\u00f6r","isPartOf":{"@id":"https:\/\/bogensportdiscount.ch\/#website"},"primaryImageOfPage":{"@id":"https:\/\/bogensportdiscount.ch\/produkt\/avalon-guertelclip-universal-koecherhaken-edelstahl\/#primaryimage"},"image":{"@id":"https:\/\/bogensportdiscount.ch\/produkt\/avalon-guertelclip-universal-koecherhaken-edelstahl\/#primaryimage"},"thumbnailUrl":"https:\/\/bogensportdiscount.ch\/wp-content\/uploads\/bsm-images\/A041182_1.png","datePublished":"2026-04-05T12:25:31+00:00","dateModified":"2026-05-14T05:13:38+00:00","description":"AVALON G\u00dcRTELCLIP UNIVERSELLE K\u00d6CHER-HALTERUNG EDELSTAHL g\u00fcnstig kaufen bei Bogensportdiscount \u2013 Top-Marken, schneller Versand aus der Schweiz.","breadcrumb":{"@id":"https:\/\/bogensportdiscount.ch\/produkt\/avalon-guertelclip-universal-koecherhaken-edelstahl\/#breadcrumb"},"inLanguage":"it-IT","potentialAction":[{"@type":"ReadAction","target":["https:\/\/bogensportdiscount.ch\/produkt\/avalon-guertelclip-universal-koecherhaken-edelstahl\/"]}]},{"@type":"ImageObject","inLanguage":"it-IT","@id":"https:\/\/bogensportdiscount.ch\/produkt\/avalon-guertelclip-universal-koecherhaken-edelstahl\/#primaryimage","url":"https:\/\/bogensportdiscount.ch\/wp-content\/uploads\/bsm-images\/A041182_1.png","contentUrl":"https:\/\/bogensportdiscount.ch\/wp-content\/uploads\/bsm-images\/A041182_1.png","width":2288,"height":1064},{"@type":"BreadcrumbList","@id":"https:\/\/bogensportdiscount.ch\/produkt\/avalon-guertelclip-universal-koecherhaken-edelstahl\/#breadcrumb","itemListElement":[{"@type":"ListItem","position":1,"name":"Home","item":"https:\/\/bogensportdiscount.ch\/"},{"@type":"ListItem","position":2,"name":"Shop","item":"https:\/\/bogensportdiscount.ch\/shop\/"},{"@type":"ListItem","position":3,"name":"AVALON BELT CLIP UNIVERSAL QUIVER HOOK STAINLESS"}]},{"@type":"WebSite","@id":"https:\/\/bogensportdiscount.ch\/#website","url":"https:\/\/bogensportdiscount.ch\/","name":"Bogensportdiscount","description":"","potentialAction":[{"@type":"SearchAction","target":{"@type":"EntryPoint","urlTemplate":"https:\/\/bogensportdiscount.ch\/?s={search_term_string}"},"query-input":{"@type":"PropertyValueSpecification","valueRequired":true,"valueName":"search_term_string"}}],"inLanguage":"it-IT"}]}},"_links":{"self":[{"href":"https:\/\/bogensportdiscount.ch\/it\/wp-json\/wp\/v2\/product\/392285","targetHints":{"allow":["GET"]}}],"collection":[{"href":"https:\/\/bogensportdiscount.ch\/it\/wp-json\/wp\/v2\/product"}],"about":[{"href":"https:\/\/bogensportdiscount.ch\/it\/wp-json\/wp\/v2\/types\/product"}],"replies":[{"embeddable":true,"href":"https:\/\/bogensportdiscount.ch\/it\/wp-json\/wp\/v2\/comments?post=392285"}],"wp:featuredmedia":[{"embeddable":true,"href":"https:\/\/bogensportdiscount.ch\/it\/wp-json\/wp\/v2\/media\/442583"}],"wp:attachment":[{"href":"https:\/\/bogensportdiscount.ch\/it\/wp-json\/wp\/v2\/media?parent=392285"}],"wp:term":[{"taxonomy":"product_brand","embeddable":true,"href":"https:\/\/bogensportdiscount.ch\/it\/wp-json\/wp\/v2\/product_brand?post=392285"},{"taxonomy":"product_cat","embeddable":true,"href":"https:\/\/bogensportdiscount.ch\/it\/wp-json\/wp\/v2\/product_cat?post=392285"},{"taxonomy":"product_tag","embeddable":true,"href":"https:\/\/bogensportdiscount.ch\/it\/wp-json\/wp\/v2\/product_tag?post=392285"}],"curies":[{"name":"wp","href":"https:\/\/api.w.org\/{rel}","templated":true}]}}