{"id":392273,"date":"2026-04-05T14:25:29","date_gmt":"2026-04-05T12:25:29","guid":{"rendered":"https:\/\/bogensportdiscount.ch\/produkt\/beier-3d-target-nutcracker-l22-x-w11-x-h40cm-group-4\/"},"modified":"2026-04-16T13:26:05","modified_gmt":"2026-04-16T11:26:05","slug":"beier-3d-ziel-nussknacker-l22-b11-h40cm-gruppe-4","status":"publish","type":"product","link":"https:\/\/bogensportdiscount.ch\/it\/prodotto\/beier-3d-ziel-nussknacker-l22-b11-h40cm-gruppe-4\/","title":{"rendered":"NUTCRACKER BEIER 3D TARGET: L22 x L11 x H40cm GRUPPO 4"},"content":{"rendered":"<p>Das BEIER 3D Ziel Nussknacker ist ein lebensecht gestaltetes Vogelziel f\u00fcr den 3D-Bogensport. Es entspricht der IFAA Gruppe 4 und eignet sich f\u00fcr Turniere sowie das Training im Gel\u00e4nde.<\/p>\n<p>Mit Abmessungen von 22 \u00d7 11 \u00d7 40 cm und einem Gewicht von ca. 0.56 kg ist das Ziel kompakt und gut transportierbar. Die Fertigung erfolgt in Deutschland.<\/p>\n<ul>\n<li>IFAA Gruppe 4 \u2013 turniertauglich<\/li>\n<li>Abmessungen: 22 \u00d7 11 \u00d7 40 cm<\/li>\n<li>Leichtes Gewicht: ca. 0.56 kg<\/li>\n<li>Hergestellt in Deutschland<\/li>\n<\/ul>","protected":false},"excerpt":{"rendered":"<table>\n<tr>\n<th>Propriet\u00e0<\/th>\n<th>Valore<\/th>\n<\/tr>\n<tr>\n<td>IFAA Gruppe<\/td>\n<td>4<\/td>\n<\/tr>\n<tr>\n<td>Abmessungen<\/td>\n<td>22 \u00d7 11 \u00d7 40 cm<\/td>\n<\/tr>\n<tr>\n<td>Peso<\/td>\n<td>ca. 0.56 kg<\/td>\n<\/tr>\n<tr>\n<td>Hergestellt in<\/td>\n<td>Deutschland<\/td>\n<\/tr>\n<\/table>","protected":false},"featured_media":442601,"comment_status":"open","ping_status":"closed","template":"","meta":[],"product_brand":[831],"product_cat":[4148],"product_tag":[3546],"class_list":{"0":"post-392273","1":"product","2":"type-product","3":"status-publish","4":"has-post-thumbnail","6":"product_brand-beier","7":"product_cat-voegel-3d-ziele-ziele-auflagen","8":"product_tag-neuheit","10":"first","11":"instock","12":"shipping-taxable","13":"purchasable","14":"product-type-simple"},"_links":{"self":[{"href":"https:\/\/bogensportdiscount.ch\/it\/wp-json\/wp\/v2\/product\/392273","targetHints":{"allow":["GET"]}}],"collection":[{"href":"https:\/\/bogensportdiscount.ch\/it\/wp-json\/wp\/v2\/product"}],"about":[{"href":"https:\/\/bogensportdiscount.ch\/it\/wp-json\/wp\/v2\/types\/product"}],"replies":[{"embeddable":true,"href":"https:\/\/bogensportdiscount.ch\/it\/wp-json\/wp\/v2\/comments?post=392273"}],"wp:featuredmedia":[{"embeddable":true,"href":"https:\/\/bogensportdiscount.ch\/it\/wp-json\/wp\/v2\/media\/442601"}],"wp:attachment":[{"href":"https:\/\/bogensportdiscount.ch\/it\/wp-json\/wp\/v2\/media?parent=392273"}],"wp:term":[{"taxonomy":"product_brand","embeddable":true,"href":"https:\/\/bogensportdiscount.ch\/it\/wp-json\/wp\/v2\/product_brand?post=392273"},{"taxonomy":"product_cat","embeddable":true,"href":"https:\/\/bogensportdiscount.ch\/it\/wp-json\/wp\/v2\/product_cat?post=392273"},{"taxonomy":"product_tag","embeddable":true,"href":"https:\/\/bogensportdiscount.ch\/it\/wp-json\/wp\/v2\/product_tag?post=392273"}],"curies":[{"name":"wp","href":"https:\/\/api.w.org\/{rel}","templated":true}]}}