{"id":392272,"date":"2026-04-05T14:25:29","date_gmt":"2026-04-05T12:25:29","guid":{"rendered":"https:\/\/bogensportdiscount.ch\/produkt\/beier-3d-target-jay-l22-x-w11-x-h40cm-group-4\/"},"modified":"2026-04-16T13:26:03","modified_gmt":"2026-04-16T11:26:03","slug":"beier-3d-ziel-eichelhaher-gruppe-4","status":"publish","type":"product","link":"https:\/\/bogensportdiscount.ch\/it\/prodotto\/beier-3d-ziel-eichelhaher-gruppe-4\/","title":{"rendered":"BEIER 3D TARGET JAY : L22 x L11 x H40cm GRUPPO 4"},"content":{"rendered":"<p>Das BEIER 3D-Ziel Eichelh\u00e4her (Jay) ist ein dreidimensionales Tiernachbildung f\u00fcr den 3D-Bogensport. Mit Abmessungen von 22 cm L\u00e4nge, 11 cm Breite und 40 cm H\u00f6he entspricht es der Parcoursgr\u00f6sse Gruppe 4 und kann auf offiziellen 3D-Turnieren nach dieser Klassifizierung eingesetzt werden.<\/p>\n<p>Die realistische Formgebung erm\u00f6glicht ein praxisnahes Training auf vogelgrosse Ziele. Das Ziel ist f\u00fcr den Einsatz im Freien auf 3D-Parcours ausgelegt.<\/p>\n<ul>\n<li>Naturnahe 3D-Darstellung eines Eichelh\u00e4hers<\/li>\n<li>Abmessungen: L 22 x B 11 x H 40 cm<\/li>\n<li>Parcours-Klassifizierung: Gruppe 4<\/li>\n<li>Geeignet f\u00fcr Training und Turnierbetrieb<\/li>\n<\/ul>","protected":false},"excerpt":{"rendered":"<p><strong>IFAA Group:<\/strong> 4<br \/><strong>Dimensions (L \u00d7 W \u00d7 H):<\/strong> 88 \u00d7 15 \u00d7 27 cm<br \/><strong>Weight:<\/strong> approx. 1.57 kg<br \/><strong>Made in:<\/strong> Germany<\/p>","protected":false},"featured_media":442598,"comment_status":"open","ping_status":"closed","template":"","meta":[],"product_brand":[831],"product_cat":[4148],"product_tag":[3546],"class_list":{"0":"post-392272","1":"product","2":"type-product","3":"status-publish","4":"has-post-thumbnail","6":"product_brand-beier","7":"product_cat-voegel-3d-ziele-ziele-auflagen","8":"product_tag-neuheit","10":"first","11":"instock","12":"shipping-taxable","13":"purchasable","14":"product-type-simple"},"_links":{"self":[{"href":"https:\/\/bogensportdiscount.ch\/it\/wp-json\/wp\/v2\/product\/392272","targetHints":{"allow":["GET"]}}],"collection":[{"href":"https:\/\/bogensportdiscount.ch\/it\/wp-json\/wp\/v2\/product"}],"about":[{"href":"https:\/\/bogensportdiscount.ch\/it\/wp-json\/wp\/v2\/types\/product"}],"replies":[{"embeddable":true,"href":"https:\/\/bogensportdiscount.ch\/it\/wp-json\/wp\/v2\/comments?post=392272"}],"wp:featuredmedia":[{"embeddable":true,"href":"https:\/\/bogensportdiscount.ch\/it\/wp-json\/wp\/v2\/media\/442598"}],"wp:attachment":[{"href":"https:\/\/bogensportdiscount.ch\/it\/wp-json\/wp\/v2\/media?parent=392272"}],"wp:term":[{"taxonomy":"product_brand","embeddable":true,"href":"https:\/\/bogensportdiscount.ch\/it\/wp-json\/wp\/v2\/product_brand?post=392272"},{"taxonomy":"product_cat","embeddable":true,"href":"https:\/\/bogensportdiscount.ch\/it\/wp-json\/wp\/v2\/product_cat?post=392272"},{"taxonomy":"product_tag","embeddable":true,"href":"https:\/\/bogensportdiscount.ch\/it\/wp-json\/wp\/v2\/product_tag?post=392272"}],"curies":[{"name":"wp","href":"https:\/\/api.w.org\/{rel}","templated":true}]}}