{"id":392271,"date":"2026-04-05T14:25:29","date_gmt":"2026-04-05T12:25:29","guid":{"rendered":"https:\/\/bogensportdiscount.ch\/produkt\/beier-3d-target-hooded-crow-l22-x-w11-x-h40cm-group-4\/"},"modified":"2026-05-14T07:13:38","modified_gmt":"2026-05-14T05:13:38","slug":"beier-3d-ziel-nebelkraehe-gruppe-4","status":"publish","type":"product","link":"https:\/\/bogensportdiscount.ch\/it\/prodotto\/beier-3d-ziel-nebelkraehe-gruppe-4\/","title":{"rendered":"AVALON BERSAGLIO IN SCHIUMA CLASSIC 100cm x 100cm x 24cm"},"content":{"rendered":"<p>\/  BEIER BERSAGLIO 3D CORNACCHIA GRIGIA : L22 x B11 x H40cm GRUPPO 4<\/p>\n<p>BEIER BERSAGLIO 3D CORNACCHIA GRIGIA : L22 x B11 x H40cm GRUPPO 4<\/p>\n<ul>\n<li>Il bersaglio 3D BEIER Cornacchia Grigia \u00e8 un bersaglio in schiuma in scala reale nella classe Gruppo 4. Con le dimensioni L22 x B11 x H40 cm offre una silhouette realistica di una cornacchia grigia ed \u00e8 adatto per l'utilizzo su percorsi 3D nonch\u00e9 per l'allenamento a casa o nel club.<\/li>\n<li>I bersagli 3D del Gruppo 4 corrispondono alle classificazioni comuni nelle competizioni ufficiali di tiro con l'arco 3D. Il bersaglio \u00e8 progettato per il tiro con le frecce ed \u00e8 realizzato in schiuma durevole ad autochiusura, che garantisce una lunga durata.<\/li>\n<li>Adatto per percorsi 3D e allenamento<\/li>\n<li>Soggetto uccello Cornacchia Grigia nella classificazione Gruppo 4<\/li>\n<\/ul>","protected":false},"excerpt":{"rendered":"<table>\n<tr>\n<th>Propriet\u00e0<\/th>\n<th>Valore<\/th>\n<\/tr>\n<tr>\n<td>Peso<\/td>\n<td>Forma fedele alla realt\u00e0 per esercizi di tiro realistici<\/td>\n<\/tr>\n<tr>\n<td>Gruppo IFAA<\/td>\n<td>4<\/td>\n<\/tr>\n<tr>\n<td>Prodotto in<\/td>\n<td>Germany<\/td>\n<\/tr>\n<tr>\n<td>Dimensions (L \u00d7 W \u00d7 H)<\/td>\n<td>Dimensioni: L22 x B11 x H40 cm<\/td>\n<\/tr>\n<\/table>","protected":false},"featured_media":442595,"comment_status":"open","ping_status":"closed","template":"","meta":[],"product_brand":[831],"product_cat":[4143,4144,4148],"product_tag":[3546],"class_list":{"0":"post-392271","1":"product","2":"type-product","3":"status-publish","4":"has-post-thumbnail","6":"product_brand-beier","7":"product_cat-ziele-auflagen","8":"product_cat-3d-ziele","9":"product_cat-voegel","10":"product_tag-neuheit","11":"product_shipping_class-bsd-standard","13":"first","14":"instock","15":"shipping-taxable","16":"purchasable","17":"product-type-simple"},"yoast_head":"<!-- This site is optimized with the Yoast SEO plugin v27.6 - https:\/\/yoast.com\/product\/yoast-seo-wordpress\/ -->\n<title>BEIER 3D-ZIEL NEBELKR\u00c4HE : L22 x B11 x H40cm GRUPPE 4 - Bogensportdiscount \u2013 B\u00f6gen, Pfeile, Targets &amp; Zubeh\u00f6r<\/title>\n<meta name=\"description\" content=\"BEIER 3D-ZIEL NEBELKR\u00c4HE : L22 x B11 x H40cm GRUPPE 4 g\u00fcnstig kaufen bei Bogensportdiscount \u2013 Top-Marken, schneller Versand aus der Schweiz.\" \/>\n<meta name=\"robots\" content=\"index, follow, max-snippet:-1, max-image-preview:large, max-video-preview:-1\" \/>\n<link rel=\"canonical\" href=\"https:\/\/bogensportdiscount.ch\/it\/prodotto\/beier-3d-ziel-nebelkraehe-gruppe-4\/\" \/>\n<meta property=\"og:locale\" content=\"it_IT\" \/>\n<meta property=\"og:type\" content=\"article\" \/>\n<meta property=\"og:title\" content=\"BEIER 3D-ZIEL NEBELKR\u00c4HE : L22 x B11 x H40cm GRUPPE 4 - Bogensportdiscount \u2013 B\u00f6gen, Pfeile, Targets &amp; Zubeh\u00f6r\" \/>\n<meta property=\"og:description\" content=\"BEIER 3D-ZIEL NEBELKR\u00c4HE : L22 x B11 x H40cm GRUPPE 4 g\u00fcnstig kaufen bei Bogensportdiscount \u2013 Top-Marken, schneller Versand aus der Schweiz.\" \/>\n<meta property=\"og:url\" content=\"https:\/\/bogensportdiscount.ch\/it\/prodotto\/beier-3d-ziel-nebelkraehe-gruppe-4\/\" \/>\n<meta property=\"og:site_name\" content=\"Bogensportdiscount \u2013 B\u00f6gen, Pfeile, Targets &amp; Zubeh\u00f6r\" \/>\n<meta property=\"article:modified_time\" content=\"2026-05-14T05:13:38+00:00\" \/>\n<meta property=\"og:image\" content=\"https:\/\/bogensportdiscount.ch\/wp-content\/uploads\/bsm-images\/A040862_1.jpg\" \/>\n\t<meta property=\"og:image:width\" content=\"1113\" \/>\n\t<meta property=\"og:image:height\" content=\"1500\" \/>\n\t<meta property=\"og:image:type\" content=\"image\/jpeg\" \/>\n<meta name=\"twitter:card\" content=\"summary_large_image\" \/>\n<meta name=\"twitter:label1\" content=\"Tempo di lettura stimato\" \/>\n\t<meta name=\"twitter:data1\" content=\"1 minuto\" \/>\n<script type=\"application\/ld+json\" class=\"yoast-schema-graph\">{\"@context\":\"https:\\\/\\\/schema.org\",\"@graph\":[{\"@type\":\"WebPage\",\"@id\":\"https:\\\/\\\/bogensportdiscount.ch\\\/produkt\\\/beier-3d-ziel-nebelkraehe-gruppe-4\\\/\",\"url\":\"https:\\\/\\\/bogensportdiscount.ch\\\/produkt\\\/beier-3d-ziel-nebelkraehe-gruppe-4\\\/\",\"name\":\"BEIER 3D-ZIEL NEBELKR\u00c4HE : L22 x B11 x H40cm GRUPPE 4 - Bogensportdiscount \u2013 B\u00f6gen, Pfeile, Targets &amp; Zubeh\u00f6r\",\"isPartOf\":{\"@id\":\"https:\\\/\\\/bogensportdiscount.ch\\\/#website\"},\"primaryImageOfPage\":{\"@id\":\"https:\\\/\\\/bogensportdiscount.ch\\\/produkt\\\/beier-3d-ziel-nebelkraehe-gruppe-4\\\/#primaryimage\"},\"image\":{\"@id\":\"https:\\\/\\\/bogensportdiscount.ch\\\/produkt\\\/beier-3d-ziel-nebelkraehe-gruppe-4\\\/#primaryimage\"},\"thumbnailUrl\":\"https:\\\/\\\/bogensportdiscount.ch\\\/wp-content\\\/uploads\\\/bsm-images\\\/A040862_1.jpg\",\"datePublished\":\"2026-04-05T12:25:29+00:00\",\"dateModified\":\"2026-05-14T05:13:38+00:00\",\"description\":\"BEIER 3D-ZIEL NEBELKR\u00c4HE : L22 x B11 x H40cm GRUPPE 4 g\u00fcnstig kaufen bei Bogensportdiscount \u2013 Top-Marken, schneller Versand aus der Schweiz.\",\"breadcrumb\":{\"@id\":\"https:\\\/\\\/bogensportdiscount.ch\\\/produkt\\\/beier-3d-ziel-nebelkraehe-gruppe-4\\\/#breadcrumb\"},\"inLanguage\":\"it-IT\",\"potentialAction\":[{\"@type\":\"ReadAction\",\"target\":[\"https:\\\/\\\/bogensportdiscount.ch\\\/produkt\\\/beier-3d-ziel-nebelkraehe-gruppe-4\\\/\"]}]},{\"@type\":\"ImageObject\",\"inLanguage\":\"it-IT\",\"@id\":\"https:\\\/\\\/bogensportdiscount.ch\\\/produkt\\\/beier-3d-ziel-nebelkraehe-gruppe-4\\\/#primaryimage\",\"url\":\"https:\\\/\\\/bogensportdiscount.ch\\\/wp-content\\\/uploads\\\/bsm-images\\\/A040862_1.jpg\",\"contentUrl\":\"https:\\\/\\\/bogensportdiscount.ch\\\/wp-content\\\/uploads\\\/bsm-images\\\/A040862_1.jpg\",\"width\":1113,\"height\":1500},{\"@type\":\"BreadcrumbList\",\"@id\":\"https:\\\/\\\/bogensportdiscount.ch\\\/produkt\\\/beier-3d-ziel-nebelkraehe-gruppe-4\\\/#breadcrumb\",\"itemListElement\":[{\"@type\":\"ListItem\",\"position\":1,\"name\":\"Home\",\"item\":\"https:\\\/\\\/bogensportdiscount.ch\\\/\"},{\"@type\":\"ListItem\",\"position\":2,\"name\":\"Shop\",\"item\":\"https:\\\/\\\/bogensportdiscount.ch\\\/shop\\\/\"},{\"@type\":\"ListItem\",\"position\":3,\"name\":\"BEIER 3D TARGET HOODED CROW : L22 x W11 x H40cm GROUP 4\"}]},{\"@type\":\"WebSite\",\"@id\":\"https:\\\/\\\/bogensportdiscount.ch\\\/#website\",\"url\":\"https:\\\/\\\/bogensportdiscount.ch\\\/\",\"name\":\"Bogensportdiscount\",\"description\":\"\",\"potentialAction\":[{\"@type\":\"SearchAction\",\"target\":{\"@type\":\"EntryPoint\",\"urlTemplate\":\"https:\\\/\\\/bogensportdiscount.ch\\\/?s={search_term_string}\"},\"query-input\":{\"@type\":\"PropertyValueSpecification\",\"valueRequired\":true,\"valueName\":\"search_term_string\"}}],\"inLanguage\":\"it-IT\"}]}<\/script>\n<!-- \/ Yoast SEO plugin. -->","yoast_head_json":{"title":"BEIER 3D-ZIEL NEBELKR\u00c4HE : L22 x B11 x H40cm GRUPPE 4 - Bogensportdiscount \u2013 B\u00f6gen, Pfeile, Targets &amp; Zubeh\u00f6r","description":"BEIER 3D-ZIEL NEBELKR\u00c4HE : L22 x B11 x H40cm GRUPPE 4 g\u00fcnstig kaufen bei Bogensportdiscount \u2013 Top-Marken, schneller Versand aus der Schweiz.","robots":{"index":"index","follow":"follow","max-snippet":"max-snippet:-1","max-image-preview":"max-image-preview:large","max-video-preview":"max-video-preview:-1"},"canonical":"https:\/\/bogensportdiscount.ch\/it\/prodotto\/beier-3d-ziel-nebelkraehe-gruppe-4\/","og_locale":"it_IT","og_type":"article","og_title":"BEIER 3D-ZIEL NEBELKR\u00c4HE : L22 x B11 x H40cm GRUPPE 4 - Bogensportdiscount \u2013 B\u00f6gen, Pfeile, Targets &amp; Zubeh\u00f6r","og_description":"BEIER 3D-ZIEL NEBELKR\u00c4HE : L22 x B11 x H40cm GRUPPE 4 g\u00fcnstig kaufen bei Bogensportdiscount \u2013 Top-Marken, schneller Versand aus der Schweiz.","og_url":"https:\/\/bogensportdiscount.ch\/it\/prodotto\/beier-3d-ziel-nebelkraehe-gruppe-4\/","og_site_name":"Bogensportdiscount \u2013 B\u00f6gen, Pfeile, Targets &amp; Zubeh\u00f6r","article_modified_time":"2026-05-14T05:13:38+00:00","og_image":[{"width":1113,"height":1500,"url":"https:\/\/bogensportdiscount.ch\/wp-content\/uploads\/bsm-images\/A040862_1.jpg","type":"image\/jpeg"}],"twitter_card":"summary_large_image","twitter_misc":{"Tempo di lettura stimato":"1 minuto"},"schema":{"@context":"https:\/\/schema.org","@graph":[{"@type":"WebPage","@id":"https:\/\/bogensportdiscount.ch\/produkt\/beier-3d-ziel-nebelkraehe-gruppe-4\/","url":"https:\/\/bogensportdiscount.ch\/produkt\/beier-3d-ziel-nebelkraehe-gruppe-4\/","name":"BEIER 3D-ZIEL NEBELKR\u00c4HE : L22 x B11 x H40cm GRUPPE 4 - Bogensportdiscount \u2013 B\u00f6gen, Pfeile, Targets &amp; Zubeh\u00f6r","isPartOf":{"@id":"https:\/\/bogensportdiscount.ch\/#website"},"primaryImageOfPage":{"@id":"https:\/\/bogensportdiscount.ch\/produkt\/beier-3d-ziel-nebelkraehe-gruppe-4\/#primaryimage"},"image":{"@id":"https:\/\/bogensportdiscount.ch\/produkt\/beier-3d-ziel-nebelkraehe-gruppe-4\/#primaryimage"},"thumbnailUrl":"https:\/\/bogensportdiscount.ch\/wp-content\/uploads\/bsm-images\/A040862_1.jpg","datePublished":"2026-04-05T12:25:29+00:00","dateModified":"2026-05-14T05:13:38+00:00","description":"BEIER 3D-ZIEL NEBELKR\u00c4HE : L22 x B11 x H40cm GRUPPE 4 g\u00fcnstig kaufen bei Bogensportdiscount \u2013 Top-Marken, schneller Versand aus der Schweiz.","breadcrumb":{"@id":"https:\/\/bogensportdiscount.ch\/produkt\/beier-3d-ziel-nebelkraehe-gruppe-4\/#breadcrumb"},"inLanguage":"it-IT","potentialAction":[{"@type":"ReadAction","target":["https:\/\/bogensportdiscount.ch\/produkt\/beier-3d-ziel-nebelkraehe-gruppe-4\/"]}]},{"@type":"ImageObject","inLanguage":"it-IT","@id":"https:\/\/bogensportdiscount.ch\/produkt\/beier-3d-ziel-nebelkraehe-gruppe-4\/#primaryimage","url":"https:\/\/bogensportdiscount.ch\/wp-content\/uploads\/bsm-images\/A040862_1.jpg","contentUrl":"https:\/\/bogensportdiscount.ch\/wp-content\/uploads\/bsm-images\/A040862_1.jpg","width":1113,"height":1500},{"@type":"BreadcrumbList","@id":"https:\/\/bogensportdiscount.ch\/produkt\/beier-3d-ziel-nebelkraehe-gruppe-4\/#breadcrumb","itemListElement":[{"@type":"ListItem","position":1,"name":"Home","item":"https:\/\/bogensportdiscount.ch\/"},{"@type":"ListItem","position":2,"name":"Shop","item":"https:\/\/bogensportdiscount.ch\/shop\/"},{"@type":"ListItem","position":3,"name":"BEIER 3D TARGET HOODED CROW : L22 x W11 x H40cm GROUP 4"}]},{"@type":"WebSite","@id":"https:\/\/bogensportdiscount.ch\/#website","url":"https:\/\/bogensportdiscount.ch\/","name":"Bogensportdiscount","description":"","potentialAction":[{"@type":"SearchAction","target":{"@type":"EntryPoint","urlTemplate":"https:\/\/bogensportdiscount.ch\/?s={search_term_string}"},"query-input":{"@type":"PropertyValueSpecification","valueRequired":true,"valueName":"search_term_string"}}],"inLanguage":"it-IT"}]}},"_links":{"self":[{"href":"https:\/\/bogensportdiscount.ch\/it\/wp-json\/wp\/v2\/product\/392271","targetHints":{"allow":["GET"]}}],"collection":[{"href":"https:\/\/bogensportdiscount.ch\/it\/wp-json\/wp\/v2\/product"}],"about":[{"href":"https:\/\/bogensportdiscount.ch\/it\/wp-json\/wp\/v2\/types\/product"}],"replies":[{"embeddable":true,"href":"https:\/\/bogensportdiscount.ch\/it\/wp-json\/wp\/v2\/comments?post=392271"}],"wp:featuredmedia":[{"embeddable":true,"href":"https:\/\/bogensportdiscount.ch\/it\/wp-json\/wp\/v2\/media\/442595"}],"wp:attachment":[{"href":"https:\/\/bogensportdiscount.ch\/it\/wp-json\/wp\/v2\/media?parent=392271"}],"wp:term":[{"taxonomy":"product_brand","embeddable":true,"href":"https:\/\/bogensportdiscount.ch\/it\/wp-json\/wp\/v2\/product_brand?post=392271"},{"taxonomy":"product_cat","embeddable":true,"href":"https:\/\/bogensportdiscount.ch\/it\/wp-json\/wp\/v2\/product_cat?post=392271"},{"taxonomy":"product_tag","embeddable":true,"href":"https:\/\/bogensportdiscount.ch\/it\/wp-json\/wp\/v2\/product_tag?post=392271"}],"curies":[{"name":"wp","href":"https:\/\/api.w.org\/{rel}","templated":true}]}}