{"id":392257,"date":"2026-04-05T14:25:26","date_gmt":"2026-04-05T12:25:26","guid":{"rendered":"https:\/\/bogensportdiscount.ch\/produkt\/delta-mckenzie-3d-target-50650-goblin\/"},"modified":"2026-04-17T13:30:58","modified_gmt":"2026-04-17T11:30:58","slug":"delta-mckenzie-3d-ziel-50650-goblin","status":"publish","type":"product","link":"https:\/\/bogensportdiscount.ch\/it\/prodotto\/delta-mckenzie-3d-ziel-50650-goblin\/","title":{"rendered":"DELTA MCKENZIE 3D BERSAGLIO 50650 GOBLIN"},"content":{"rendered":"<p>Das Delta McKenzie 3D-Ziel Goblin (50650) geh\u00f6rt zur Fantasy- &amp; Fun-Linie und richtet sich an Bogensch\u00fctzen, die ihr Training oder ihre 3D-Parcours mit aussergew\u00f6hnlichen Zielfiguren gestalten m\u00f6chten. Die Goblin-Figur bietet eine abwechslungsreiche Alternative zu klassischen Tier-Zielen.<\/p>\n<p>Delta McKenzie ist bekannt f\u00fcr strapazierf\u00e4hige 3D-Ziele mit selbstheilenden Schaumstoffkernen, die eine hohe Pfeilabzugsleichtigkeit und lange Lebensdauer gew\u00e4hrleisten. Das Ziel ist f\u00fcr den Einsatz im Freien und auf 3D-Parcours konzipiert.<\/p>\n<ul>\n<li>Fantasy- &amp; Fun-Motiv: Goblin-Figur<\/li>\n<li>Geeignet f\u00fcr 3D-Bogenschiess-Training und Turniere<\/li>\n<li>Selbstheilender Schaumstoffkern f\u00fcr lange Haltbarkeit<\/li>\n<li>Kompatibel mit Pfeilspitzen f\u00fcr die Jagd und den 3D-Sport<\/li>\n<\/ul>","protected":false},"excerpt":{"rendered":"<p><strong>Marchio:<\/strong> Delta McKenzie<\/p>","protected":false},"featured_media":442641,"comment_status":"open","ping_status":"closed","template":"","meta":[],"product_brand":[409],"product_cat":[4146],"product_tag":[3546],"class_list":{"0":"post-392257","1":"product","2":"type-product","3":"status-publish","4":"has-post-thumbnail","6":"product_brand-deltamckenzie","7":"product_cat-fantasie-andere","8":"product_tag-neuheit","10":"first","11":"instock","12":"shipping-taxable","13":"purchasable","14":"product-type-simple"},"_links":{"self":[{"href":"https:\/\/bogensportdiscount.ch\/it\/wp-json\/wp\/v2\/product\/392257","targetHints":{"allow":["GET"]}}],"collection":[{"href":"https:\/\/bogensportdiscount.ch\/it\/wp-json\/wp\/v2\/product"}],"about":[{"href":"https:\/\/bogensportdiscount.ch\/it\/wp-json\/wp\/v2\/types\/product"}],"replies":[{"embeddable":true,"href":"https:\/\/bogensportdiscount.ch\/it\/wp-json\/wp\/v2\/comments?post=392257"}],"wp:featuredmedia":[{"embeddable":true,"href":"https:\/\/bogensportdiscount.ch\/it\/wp-json\/wp\/v2\/media\/442641"}],"wp:attachment":[{"href":"https:\/\/bogensportdiscount.ch\/it\/wp-json\/wp\/v2\/media?parent=392257"}],"wp:term":[{"taxonomy":"product_brand","embeddable":true,"href":"https:\/\/bogensportdiscount.ch\/it\/wp-json\/wp\/v2\/product_brand?post=392257"},{"taxonomy":"product_cat","embeddable":true,"href":"https:\/\/bogensportdiscount.ch\/it\/wp-json\/wp\/v2\/product_cat?post=392257"},{"taxonomy":"product_tag","embeddable":true,"href":"https:\/\/bogensportdiscount.ch\/it\/wp-json\/wp\/v2\/product_tag?post=392257"}],"curies":[{"name":"wp","href":"https:\/\/api.w.org\/{rel}","templated":true}]}}