{"id":392255,"date":"2026-04-05T14:25:26","date_gmt":"2026-04-05T12:25:26","guid":{"rendered":"https:\/\/bogensportdiscount.ch\/produkt\/kinetic-recurve-part-arios-novius-counter-alignment-screw\/"},"modified":"2026-04-15T12:13:54","modified_gmt":"2026-04-15T10:13:54","slug":"kinetic-recurvebogen-teil-arios-novius-gegenausrichtungsschraube","status":"publish","type":"product","link":"https:\/\/bogensportdiscount.ch\/it\/prodotto\/kinetic-recurvebogen-teil-arios-novius-gegenausrichtungsschraube\/","title":{"rendered":"PARTE DI RICURVO KINETIC ARIOS\/NOVIUS VITE DI CONTRO ALLINEAMENTO"},"content":{"rendered":"<p>Diese Gegenausrichtungsschraube ist ein Originaler-Ersatzteil von KINETIC und wurde speziell f\u00fcr die Recurvebogen-Modelle Arios und Novius entwickelt. Sie dient der korrekten Ausrichtung und Justierung des Bogens und ersetzt defekte oder verlorene Schrauben.<\/p>\n<p>Dank der Verwendung von Originalteilen bleibt die Passgenauigkeit und Funktion des Bogens vollst\u00e4ndig erhalten. Das Teil eignet sich f\u00fcr Bogensch\u00fctzen, die ihren KINETIC Recurvebogen selbst warten und einstellen.<\/p>\n<ul>\n<li>Originales KINETIC Ersatzteil<\/li>\n<li>Passend f\u00fcr Modelle Arios und Novius<\/li>\n<li>F\u00fcr die Gegenausrichtung am Recurvebogen<\/li>\n<li>Einfacher Austausch bei Verlust oder Verschleiss<\/li>\n<\/ul>","protected":false},"excerpt":{"rendered":"<p><strong>Type:<\/strong> Counter alignment screw<br \/><strong>Compatibility:<\/strong> Kinetic Arios &amp; Novius recurve risers<\/p>","protected":false},"featured_media":442639,"comment_status":"open","ping_status":"closed","template":"","meta":[],"product_brand":[439],"product_cat":[4522],"product_tag":[3546],"class_list":{"0":"post-392255","1":"product","2":"type-product","3":"status-publish","4":"has-post-thumbnail","6":"product_brand-kinetic","7":"product_cat-einzelteile-fuer-recurve-boegen-recurve-boegen","8":"product_tag-neuheit","10":"first","11":"instock","12":"shipping-taxable","13":"purchasable","14":"product-type-simple"},"_links":{"self":[{"href":"https:\/\/bogensportdiscount.ch\/it\/wp-json\/wp\/v2\/product\/392255","targetHints":{"allow":["GET"]}}],"collection":[{"href":"https:\/\/bogensportdiscount.ch\/it\/wp-json\/wp\/v2\/product"}],"about":[{"href":"https:\/\/bogensportdiscount.ch\/it\/wp-json\/wp\/v2\/types\/product"}],"replies":[{"embeddable":true,"href":"https:\/\/bogensportdiscount.ch\/it\/wp-json\/wp\/v2\/comments?post=392255"}],"wp:featuredmedia":[{"embeddable":true,"href":"https:\/\/bogensportdiscount.ch\/it\/wp-json\/wp\/v2\/media\/442639"}],"wp:attachment":[{"href":"https:\/\/bogensportdiscount.ch\/it\/wp-json\/wp\/v2\/media?parent=392255"}],"wp:term":[{"taxonomy":"product_brand","embeddable":true,"href":"https:\/\/bogensportdiscount.ch\/it\/wp-json\/wp\/v2\/product_brand?post=392255"},{"taxonomy":"product_cat","embeddable":true,"href":"https:\/\/bogensportdiscount.ch\/it\/wp-json\/wp\/v2\/product_cat?post=392255"},{"taxonomy":"product_tag","embeddable":true,"href":"https:\/\/bogensportdiscount.ch\/it\/wp-json\/wp\/v2\/product_tag?post=392255"}],"curies":[{"name":"wp","href":"https:\/\/api.w.org\/{rel}","templated":true}]}}