{"id":392252,"date":"2026-04-05T14:25:26","date_gmt":"2026-04-05T12:25:26","guid":{"rendered":"https:\/\/bogensportdiscount.ch\/produkt\/kinetic-recurve-part-arios-novius-limb-bolt-stainless-m12\/"},"modified":"2026-04-15T12:13:54","modified_gmt":"2026-04-15T10:13:54","slug":"kinetic-recurvebogen-ersatzteil-arios-novius-wurfarm-schraube-edelstahl-m12","status":"publish","type":"product","link":"https:\/\/bogensportdiscount.ch\/it\/prodotto\/kinetic-recurvebogen-ersatzteil-arios-novius-wurfarm-schraube-edelstahl-m12\/","title":{"rendered":"PARTE KINETIC RECURVE ARIOS\/NOVIUS BULLONE ARTO INOX M12"},"content":{"rendered":"<p>Diese Wurfarm-Schraube (Limb Bolt) ist ein Original-Ersatzteil von KINETIC und wurde speziell f\u00fcr die Recurvebogen-Modelle Arios und Novius entwickelt. Die Schraube entspricht der Gewindegr\u00f6sse M12 und ist aus rostfreiem Edelstahl gefertigt.<\/p>\n<p>Edelstahl bietet gegen\u00fcber beschichteten Stahlschrauben eine dauerhaft korrosionsbest\u00e4ndige Alternative, die auch bei wechselnden Witterungsbedingungen zuverl\u00e4ssig h\u00e4lt. Der Einsatz von Originalteilen gew\u00e4hrleistet die korrekte Passform und den sicheren Sitz der Wurfarme am Mittelteil.<\/p>\n<ul>\n<li>Original-Ersatzteil von KINETIC<\/li>\n<li>Passend f\u00fcr Modelle Arios und Novius<\/li>\n<li>Material: Edelstahl, rostfrei<\/li>\n<li>Gewindegr\u00f6sse M12<\/li>\n<\/ul>","protected":false},"excerpt":{"rendered":"<p><strong>Type:<\/strong> Limb bolt<br \/><strong>Compatibility:<\/strong> Kinetic Arios &amp; Novius recurve risers<br \/><strong>Materiale:<\/strong> Stainless steel<br \/><strong>Thread Size:<\/strong> M12<\/p>","protected":false},"featured_media":442636,"comment_status":"open","ping_status":"closed","template":"","meta":[],"product_brand":[439],"product_cat":[4522],"product_tag":[3546],"class_list":{"0":"post-392252","1":"product","2":"type-product","3":"status-publish","4":"has-post-thumbnail","6":"product_brand-kinetic","7":"product_cat-einzelteile-fuer-recurve-boegen-recurve-boegen","8":"product_tag-neuheit","10":"first","11":"instock","12":"shipping-taxable","13":"purchasable","14":"product-type-simple"},"_links":{"self":[{"href":"https:\/\/bogensportdiscount.ch\/it\/wp-json\/wp\/v2\/product\/392252","targetHints":{"allow":["GET"]}}],"collection":[{"href":"https:\/\/bogensportdiscount.ch\/it\/wp-json\/wp\/v2\/product"}],"about":[{"href":"https:\/\/bogensportdiscount.ch\/it\/wp-json\/wp\/v2\/types\/product"}],"replies":[{"embeddable":true,"href":"https:\/\/bogensportdiscount.ch\/it\/wp-json\/wp\/v2\/comments?post=392252"}],"wp:featuredmedia":[{"embeddable":true,"href":"https:\/\/bogensportdiscount.ch\/it\/wp-json\/wp\/v2\/media\/442636"}],"wp:attachment":[{"href":"https:\/\/bogensportdiscount.ch\/it\/wp-json\/wp\/v2\/media?parent=392252"}],"wp:term":[{"taxonomy":"product_brand","embeddable":true,"href":"https:\/\/bogensportdiscount.ch\/it\/wp-json\/wp\/v2\/product_brand?post=392252"},{"taxonomy":"product_cat","embeddable":true,"href":"https:\/\/bogensportdiscount.ch\/it\/wp-json\/wp\/v2\/product_cat?post=392252"},{"taxonomy":"product_tag","embeddable":true,"href":"https:\/\/bogensportdiscount.ch\/it\/wp-json\/wp\/v2\/product_tag?post=392252"}],"curies":[{"name":"wp","href":"https:\/\/api.w.org\/{rel}","templated":true}]}}