{"id":392245,"date":"2026-04-05T14:25:25","date_gmt":"2026-04-05T12:25:25","guid":{"rendered":"https:\/\/bogensportdiscount.ch\/produkt\/truglo-tru-lite-pro-blue-led-sight-light-incl-adapters\/"},"modified":"2026-04-20T12:47:34","modified_gmt":"2026-04-20T10:47:34","slug":"truglo-visierbeleuchtung-tru-lite-pro-blau-led-adapter","status":"publish","type":"product","link":"https:\/\/bogensportdiscount.ch\/it\/prodotto\/truglo-visierbeleuchtung-tru-lite-pro-blau-led-adapter\/","title":{"rendered":"TRUGLO TRU-LITE PRO BLAUES LED VISIERLICHT INKL. ADAPTER"},"content":{"rendered":"<p>Die TRUGLO Tru-Lite Pro Visierbeleuchtung mit blauer LED erh\u00f6ht die Sichtbarkeit des Visierlichts auch bei schlechten Lichtverh\u00e4ltnissen. Das Set wird mit passenden Adaptern geliefert, sodass die Lampe an verschiedenen Visiermodellen montiert werden kann.<\/p>\n<p>Die Beleuchtung ist speziell f\u00fcr den Einsatz an Jagdvisieren konzipiert und l\u00e4sst sich einfach nachr\u00fcsten. Dank der blauen LED-Technologie ist eine klare und kontrastreiche Ausleuchtung des Visierlichts gew\u00e4hrleistet.<\/p>\n<ul>\n<li>Blaue LED-Visierbeleuchtung<\/li>\n<li>Inklusive Adapter f\u00fcr verschiedene Visiermodelle<\/li>\n<li>Geeignet f\u00fcr Jagdvisiere<\/li>\n<li>Einfache Montage und Nachr\u00fcstung<\/li>\n<\/ul>","protected":false},"excerpt":{"rendered":"<p><strong>Marchio:<\/strong> Truglo<br \/><strong>Tipo:<\/strong> Light<br \/><strong>GTIN:<\/strong> 788130024065<\/p>","protected":false},"featured_media":453631,"comment_status":"open","ping_status":"closed","template":"","meta":[],"product_brand":[560],"product_cat":[4134],"product_tag":[3546],"class_list":{"0":"post-392245","1":"product","2":"type-product","3":"status-publish","4":"has-post-thumbnail","6":"product_brand-truglo","7":"product_cat-einzelteile-fur-jagd-und-3d","8":"product_tag-neuheit","10":"first","11":"instock","12":"shipping-taxable","13":"purchasable","14":"product-type-simple"},"yoast_head":"<!-- This site is optimized with the Yoast SEO plugin v27.4 - https:\/\/yoast.com\/product\/yoast-seo-wordpress\/ -->\n<title>TRUGLO TRU-LITE PRO LUCE LED BLU PER MIRINO CON ADATTATORE INCLUSO - Bogensportdiscount \u2013 Archi, frecce, bersagli e accessori<\/title>\n<meta name=\"description\" content=\"Acquista a un prezzo conveniente la luce LED blu per visiera TRUGLO TRU-LITE PRO con adattatore incluso su Bogensportdiscount \u2013 Le migliori marche, spedizione veloce dalla Svizzera.\" \/>\n<meta name=\"robots\" content=\"noindex, follow, max-snippet:-1, max-image-preview:large, max-video-preview:-1\" \/>\n<meta property=\"og:locale\" content=\"it_IT\" \/>\n<meta property=\"og:type\" content=\"article\" \/>\n<meta property=\"og:title\" content=\"TRUGLO TRU-LITE PRO LUCE LED BLU PER MIRINO CON ADATTATORE INCLUSO - Bogensportdiscount \u2013 Archi, frecce, bersagli e accessori\" \/>\n<meta property=\"og:description\" content=\"Acquista a un prezzo conveniente la luce LED blu per visiera TRUGLO TRU-LITE PRO con adattatore incluso su Bogensportdiscount \u2013 Le migliori marche, spedizione veloce dalla Svizzera.\" \/>\n<meta property=\"og:url\" content=\"https:\/\/bogensportdiscount.ch\/it\/produit\/truglo-visierbeleuchtung-tru-lite-pro-blau-led-adapter\/\" \/>\n<meta property=\"og:site_name\" content=\"Bogensportdiscount \u2013 B\u00f6gen, Pfeile, Targets &amp; Zubeh\u00f6r\" \/>\n<meta property=\"article:modified_time\" content=\"2026-04-20T10:47:34+00:00\" \/>\n<meta property=\"og:image\" content=\"https:\/\/bogensportdiscount.ch\/wp-content\/uploads\/bsm-images\/A039696_1.png\" \/>\n\t<meta property=\"og:image:width\" content=\"739\" \/>\n\t<meta property=\"og:image:height\" content=\"536\" \/>\n\t<meta property=\"og:image:type\" content=\"image\/png\" \/>\n<meta name=\"twitter:card\" content=\"summary_large_image\" \/>\n<script type=\"application\/ld+json\" class=\"yoast-schema-graph\">{\"@context\":\"https:\\\/\\\/schema.org\",\"@graph\":[{\"@type\":\"WebPage\",\"@id\":\"https:\\\/\\\/bogensportdiscount.ch\\\/fr\\\/produit\\\/truglo-visierbeleuchtung-tru-lite-pro-blau-led-adapter\\\/\",\"url\":\"https:\\\/\\\/bogensportdiscount.ch\\\/fr\\\/produit\\\/truglo-visierbeleuchtung-tru-lite-pro-blau-led-adapter\\\/\",\"name\":\"TRUGLO TRU-LITE PRO BLAUES LED VISIERLICHT INKL. ADAPTER - Bogensportdiscount \u2013 B\u00f6gen, Pfeile, Targets &amp; Zubeh\u00f6r\",\"isPartOf\":{\"@id\":\"https:\\\/\\\/bogensportdiscount.ch\\\/#website\"},\"primaryImageOfPage\":{\"@id\":\"https:\\\/\\\/bogensportdiscount.ch\\\/fr\\\/produit\\\/truglo-visierbeleuchtung-tru-lite-pro-blau-led-adapter\\\/#primaryimage\"},\"image\":{\"@id\":\"https:\\\/\\\/bogensportdiscount.ch\\\/fr\\\/produit\\\/truglo-visierbeleuchtung-tru-lite-pro-blau-led-adapter\\\/#primaryimage\"},\"thumbnailUrl\":\"https:\\\/\\\/bogensportdiscount.ch\\\/wp-content\\\/uploads\\\/2026\\\/04\\\/bogensportdiscount.ch-pfeile-boegen-zubehoer-fuer-anfaenger-und-profis-zum-besten-preis-Symbolbild-kein-foto-zu-diesem-artikel_01.jpg\",\"datePublished\":\"2026-04-05T12:25:25+00:00\",\"dateModified\":\"2026-04-20T10:47:34+00:00\",\"description\":\"TRUGLO TRU-LITE PRO BLAUES LED VISIERLICHT INKL. ADAPTER g\u00fcnstig kaufen bei Bogensportdiscount \u2013 Top-Marken, schneller Versand aus der Schweiz.\",\"breadcrumb\":{\"@id\":\"https:\\\/\\\/bogensportdiscount.ch\\\/fr\\\/produit\\\/truglo-visierbeleuchtung-tru-lite-pro-blau-led-adapter\\\/#breadcrumb\"},\"inLanguage\":\"it-IT\",\"potentialAction\":[{\"@type\":\"ReadAction\",\"target\":[\"https:\\\/\\\/bogensportdiscount.ch\\\/fr\\\/produit\\\/truglo-visierbeleuchtung-tru-lite-pro-blau-led-adapter\\\/\"]}]},{\"@type\":\"ImageObject\",\"inLanguage\":\"it-IT\",\"@id\":\"https:\\\/\\\/bogensportdiscount.ch\\\/fr\\\/produit\\\/truglo-visierbeleuchtung-tru-lite-pro-blau-led-adapter\\\/#primaryimage\",\"url\":\"https:\\\/\\\/bogensportdiscount.ch\\\/wp-content\\\/uploads\\\/2026\\\/04\\\/bogensportdiscount.ch-pfeile-boegen-zubehoer-fuer-anfaenger-und-profis-zum-besten-preis-Symbolbild-kein-foto-zu-diesem-artikel_01.jpg\",\"contentUrl\":\"https:\\\/\\\/bogensportdiscount.ch\\\/wp-content\\\/uploads\\\/2026\\\/04\\\/bogensportdiscount.ch-pfeile-boegen-zubehoer-fuer-anfaenger-und-profis-zum-besten-preis-Symbolbild-kein-foto-zu-diesem-artikel_01.jpg\",\"width\":1080,\"height\":1080},{\"@type\":\"BreadcrumbList\",\"@id\":\"https:\\\/\\\/bogensportdiscount.ch\\\/fr\\\/produit\\\/truglo-visierbeleuchtung-tru-lite-pro-blau-led-adapter\\\/#breadcrumb\",\"itemListElement\":[{\"@type\":\"ListItem\",\"position\":1,\"name\":\"Home\",\"item\":\"https:\\\/\\\/bogensportdiscount.ch\\\/\"},{\"@type\":\"ListItem\",\"position\":2,\"name\":\"Shop\",\"item\":\"https:\\\/\\\/bogensportdiscount.ch\\\/shop\\\/\"},{\"@type\":\"ListItem\",\"position\":3,\"name\":\"TRUGLO TRU-LITE PRO BLAUES LED VISIERLICHT INKL. ADAPTER\"}]},{\"@type\":\"WebSite\",\"@id\":\"https:\\\/\\\/bogensportdiscount.ch\\\/#website\",\"url\":\"https:\\\/\\\/bogensportdiscount.ch\\\/\",\"name\":\"Bogensportdiscount\",\"description\":\"\",\"potentialAction\":[{\"@type\":\"SearchAction\",\"target\":{\"@type\":\"EntryPoint\",\"urlTemplate\":\"https:\\\/\\\/bogensportdiscount.ch\\\/?s={search_term_string}\"},\"query-input\":{\"@type\":\"PropertyValueSpecification\",\"valueRequired\":true,\"valueName\":\"search_term_string\"}}],\"inLanguage\":\"it-IT\"}]}<\/script>\n<!-- \/ Yoast SEO plugin. -->","yoast_head_json":{"title":"TRUGLO TRU-LITE PRO LUCE LED BLU PER MIRINO CON ADATTATORE INCLUSO - Bogensportdiscount \u2013 Archi, frecce, bersagli e accessori","description":"Acquista a un prezzo conveniente la luce LED blu per visiera TRUGLO TRU-LITE PRO con adattatore incluso su Bogensportdiscount \u2013 Le migliori marche, spedizione veloce dalla Svizzera.","robots":{"index":"noindex","follow":"follow","max-snippet":"max-snippet:-1","max-image-preview":"max-image-preview:large","max-video-preview":"max-video-preview:-1"},"og_locale":"it_IT","og_type":"article","og_title":"TRUGLO TRU-LITE PRO LUCE LED BLU PER MIRINO CON ADATTATORE INCLUSO - Bogensportdiscount \u2013 Archi, frecce, bersagli e accessori","og_description":"Acquista a un prezzo conveniente la luce LED blu per visiera TRUGLO TRU-LITE PRO con adattatore incluso su Bogensportdiscount \u2013 Le migliori marche, spedizione veloce dalla Svizzera.","og_url":"https:\/\/bogensportdiscount.ch\/it\/produit\/truglo-visierbeleuchtung-tru-lite-pro-blau-led-adapter\/","og_site_name":"Bogensportdiscount \u2013 B\u00f6gen, Pfeile, Targets &amp; Zubeh\u00f6r","article_modified_time":"2026-04-20T10:47:34+00:00","og_image":[{"width":739,"height":536,"url":"https:\/\/bogensportdiscount.ch\/wp-content\/uploads\/bsm-images\/A039696_1.png","type":"image\/png"}],"twitter_card":"summary_large_image","schema":{"@context":"https:\/\/schema.org","@graph":[{"@type":"WebPage","@id":"https:\/\/bogensportdiscount.ch\/fr\/produit\/truglo-visierbeleuchtung-tru-lite-pro-blau-led-adapter\/","url":"https:\/\/bogensportdiscount.ch\/fr\/produit\/truglo-visierbeleuchtung-tru-lite-pro-blau-led-adapter\/","name":"TRUGLO TRU-LITE PRO LUCE LED BLU PER MIRINO CON ADATTATORE INCLUSO - Bogensportdiscount \u2013 Archi, frecce, bersagli e accessori","isPartOf":{"@id":"https:\/\/bogensportdiscount.ch\/#website"},"primaryImageOfPage":{"@id":"https:\/\/bogensportdiscount.ch\/fr\/produit\/truglo-visierbeleuchtung-tru-lite-pro-blau-led-adapter\/#primaryimage"},"image":{"@id":"https:\/\/bogensportdiscount.ch\/fr\/produit\/truglo-visierbeleuchtung-tru-lite-pro-blau-led-adapter\/#primaryimage"},"thumbnailUrl":"https:\/\/bogensportdiscount.ch\/wp-content\/uploads\/2026\/04\/bogensportdiscount.ch-pfeile-boegen-zubehoer-fuer-anfaenger-und-profis-zum-besten-preis-Symbolbild-kein-foto-zu-diesem-artikel_01.jpg","datePublished":"2026-04-05T12:25:25+00:00","dateModified":"2026-04-20T10:47:34+00:00","description":"Acquista a un prezzo conveniente la luce LED blu per visiera TRUGLO TRU-LITE PRO con adattatore incluso su Bogensportdiscount \u2013 Le migliori marche, spedizione veloce dalla Svizzera.","breadcrumb":{"@id":"https:\/\/bogensportdiscount.ch\/fr\/produit\/truglo-visierbeleuchtung-tru-lite-pro-blau-led-adapter\/#breadcrumb"},"inLanguage":"it-IT","potentialAction":[{"@type":"ReadAction","target":["https:\/\/bogensportdiscount.ch\/fr\/produit\/truglo-visierbeleuchtung-tru-lite-pro-blau-led-adapter\/"]}]},{"@type":"ImageObject","inLanguage":"it-IT","@id":"https:\/\/bogensportdiscount.ch\/fr\/produit\/truglo-visierbeleuchtung-tru-lite-pro-blau-led-adapter\/#primaryimage","url":"https:\/\/bogensportdiscount.ch\/wp-content\/uploads\/2026\/04\/bogensportdiscount.ch-pfeile-boegen-zubehoer-fuer-anfaenger-und-profis-zum-besten-preis-Symbolbild-kein-foto-zu-diesem-artikel_01.jpg","contentUrl":"https:\/\/bogensportdiscount.ch\/wp-content\/uploads\/2026\/04\/bogensportdiscount.ch-pfeile-boegen-zubehoer-fuer-anfaenger-und-profis-zum-besten-preis-Symbolbild-kein-foto-zu-diesem-artikel_01.jpg","width":1080,"height":1080},{"@type":"BreadcrumbList","@id":"https:\/\/bogensportdiscount.ch\/fr\/produit\/truglo-visierbeleuchtung-tru-lite-pro-blau-led-adapter\/#breadcrumb","itemListElement":[{"@type":"ListItem","position":1,"name":"Home","item":"https:\/\/bogensportdiscount.ch\/"},{"@type":"ListItem","position":2,"name":"Shop","item":"https:\/\/bogensportdiscount.ch\/shop\/"},{"@type":"ListItem","position":3,"name":"TRUGLO TRU-LITE PRO BLAUES LED VISIERLICHT INKL. ADAPTER"}]},{"@type":"WebSite","@id":"https:\/\/bogensportdiscount.ch\/#website","url":"https:\/\/bogensportdiscount.ch\/","name":"Bogensportdiscount","description":"","potentialAction":[{"@type":"SearchAction","target":{"@type":"EntryPoint","urlTemplate":"https:\/\/bogensportdiscount.ch\/?s={search_term_string}"},"query-input":{"@type":"PropertyValueSpecification","valueRequired":true,"valueName":"search_term_string"}}],"inLanguage":"it-IT"}]}},"_links":{"self":[{"href":"https:\/\/bogensportdiscount.ch\/it\/wp-json\/wp\/v2\/product\/392245","targetHints":{"allow":["GET"]}}],"collection":[{"href":"https:\/\/bogensportdiscount.ch\/it\/wp-json\/wp\/v2\/product"}],"about":[{"href":"https:\/\/bogensportdiscount.ch\/it\/wp-json\/wp\/v2\/types\/product"}],"replies":[{"embeddable":true,"href":"https:\/\/bogensportdiscount.ch\/it\/wp-json\/wp\/v2\/comments?post=392245"}],"wp:featuredmedia":[{"embeddable":true,"href":"https:\/\/bogensportdiscount.ch\/it\/wp-json\/wp\/v2\/media\/453631"}],"wp:attachment":[{"href":"https:\/\/bogensportdiscount.ch\/it\/wp-json\/wp\/v2\/media?parent=392245"}],"wp:term":[{"taxonomy":"product_brand","embeddable":true,"href":"https:\/\/bogensportdiscount.ch\/it\/wp-json\/wp\/v2\/product_brand?post=392245"},{"taxonomy":"product_cat","embeddable":true,"href":"https:\/\/bogensportdiscount.ch\/it\/wp-json\/wp\/v2\/product_cat?post=392245"},{"taxonomy":"product_tag","embeddable":true,"href":"https:\/\/bogensportdiscount.ch\/it\/wp-json\/wp\/v2\/product_tag?post=392245"}],"curies":[{"name":"wp","href":"https:\/\/api.w.org\/{rel}","templated":true}]}}