{"id":392237,"date":"2026-04-05T14:25:23","date_gmt":"2026-04-05T12:25:23","guid":{"rendered":"https:\/\/bogensportdiscount.ch\/produkt\/bowfinger-lens-base-for-20-20-scope-40mm\/"},"modified":"2026-04-15T12:13:53","modified_gmt":"2026-04-15T10:13:53","slug":"bowfinger-linsenbasis-fuer-20-20-scope-40mm","status":"publish","type":"product","link":"https:\/\/bogensportdiscount.ch\/it\/prodotto\/bowfinger-linsenbasis-fuer-20-20-scope-40mm\/","title":{"rendered":"Base per lenti BOWFINGER per cannocchiale 20\/20 40 mm"},"content":{"rendered":"<p>Die BOWFINGER Linsenbasis ist ein Zubeh\u00f6rteil f\u00fcr das 20\/20 Compound-Scope und ist f\u00fcr einen Linsendurchmesser von 40mm ausgelegt. Sie dient als Halterung f\u00fcr die Visierlinsenkombination und erm\u00f6glicht eine zuverl\u00e4ssige Befestigung am Scope-K\u00f6rper.<\/p>\n<p>Dieses Teil eignet sich f\u00fcr Bogensch\u00fctzen, die ihre bestehende 20\/20 Scope-Einheit erweitern oder eine besch\u00e4digte Linsenbasis ersetzen m\u00f6chten. Die Passgenauigkeit ist auf die BOWFINGER 20\/20 Scope-Serie abgestimmt.<\/p>\n<ul>\n<li>Passend f\u00fcr BOWFINGER 20\/20 Scope<\/li>\n<li>Linsendurchmesser: 40mm<\/li>\n<li>Ersatz- oder Erweiterungsteil f\u00fcr Compound-Visiere<\/li>\n<li>Pr\u00e4zise Passform f\u00fcr die 20\/20 Scope-Serie<\/li>\n<\/ul>","protected":false},"excerpt":{"rendered":"<p><strong>Marchio:<\/strong> Bowfinger<br \/><strong>GTIN:<\/strong> 00850785006922<\/p>","protected":false},"featured_media":447977,"comment_status":"open","ping_status":"closed","template":"","meta":[],"product_brand":[540],"product_cat":[4249],"product_tag":[3546],"class_list":{"0":"post-392237","1":"product","2":"type-product","3":"status-publish","4":"has-post-thumbnail","6":"product_brand-bowfinger","7":"product_cat-zubehoer-compound-scope","8":"product_tag-neuheit","10":"first","11":"instock","12":"shipping-taxable","13":"purchasable","14":"product-type-simple"},"_links":{"self":[{"href":"https:\/\/bogensportdiscount.ch\/it\/wp-json\/wp\/v2\/product\/392237","targetHints":{"allow":["GET"]}}],"collection":[{"href":"https:\/\/bogensportdiscount.ch\/it\/wp-json\/wp\/v2\/product"}],"about":[{"href":"https:\/\/bogensportdiscount.ch\/it\/wp-json\/wp\/v2\/types\/product"}],"replies":[{"embeddable":true,"href":"https:\/\/bogensportdiscount.ch\/it\/wp-json\/wp\/v2\/comments?post=392237"}],"wp:featuredmedia":[{"embeddable":true,"href":"https:\/\/bogensportdiscount.ch\/it\/wp-json\/wp\/v2\/media\/447977"}],"wp:attachment":[{"href":"https:\/\/bogensportdiscount.ch\/it\/wp-json\/wp\/v2\/media?parent=392237"}],"wp:term":[{"taxonomy":"product_brand","embeddable":true,"href":"https:\/\/bogensportdiscount.ch\/it\/wp-json\/wp\/v2\/product_brand?post=392237"},{"taxonomy":"product_cat","embeddable":true,"href":"https:\/\/bogensportdiscount.ch\/it\/wp-json\/wp\/v2\/product_cat?post=392237"},{"taxonomy":"product_tag","embeddable":true,"href":"https:\/\/bogensportdiscount.ch\/it\/wp-json\/wp\/v2\/product_tag?post=392237"}],"curies":[{"name":"wp","href":"https:\/\/api.w.org\/{rel}","templated":true}]}}