{"id":392228,"date":"2026-04-05T14:25:22","date_gmt":"2026-04-05T12:25:22","guid":{"rendered":"https:\/\/bogensportdiscount.ch\/produkt\/cbe-bow-quivers-tactic-5-arrow-black\/"},"modified":"2026-04-15T12:13:53","modified_gmt":"2026-04-15T10:13:53","slug":"cbe-bogenkocher-tactic-5-pfeil-schwarz","status":"publish","type":"product","link":"https:\/\/bogensportdiscount.ch\/it\/prodotto\/cbe-bogenkocher-tactic-5-pfeil-schwarz\/","title":{"rendered":"CBE FARETRA PER ARCO TATTICO 5 FRECCE NERO"},"content":{"rendered":"<p>Der CBE Tactic Bogenk\u00f6cher bietet Platz f\u00fcr 5 Pfeile und ist in Schwarz erh\u00e4ltlich. Als Bogenk\u00f6cher (Bow Quiver) wird er direkt am Bogen montiert und erm\u00f6glicht so einen schnellen Zugriff auf die Pfeile w\u00e4hrend der Jagd oder beim 3D-Bogenschiessen.<\/p>\n<p>CBE (Custom Bow Equipment) ist ein etablierter Hersteller von Bogenzubeh\u00f6r. Der Tactic K\u00f6cher richtet sich an Bogensch\u00fctzen, die einen zuverl\u00e4ssigen und unkomplizierten Bogenk\u00f6cher suchen.<\/p>\n<ul>\n<li>Kapazit\u00e4t: 5 Pfeile<\/li>\n<li>Farbe: Schwarz<\/li>\n<li>Direktmontage am Bogen<\/li>\n<li>Kompaktes und schlichtes Design<\/li>\n<\/ul>","protected":false},"excerpt":{"rendered":"<p><strong>Marchio:<\/strong> CBE<br \/><strong>LH\/RH:<\/strong> Beidh\u00e4ndig<br \/><strong>Farbe:<\/strong> Schwarz<br \/><strong>Arrow quantity:<\/strong> 5<\/p>","protected":false},"featured_media":447980,"comment_status":"open","ping_status":"closed","template":"","meta":[],"product_brand":[523],"product_cat":[4163],"product_tag":[3546],"class_list":{"0":"post-392228","1":"product","2":"type-product","3":"status-publish","4":"has-post-thumbnail","6":"product_brand-cbe","7":"product_cat-anbaukoecher","8":"product_tag-neuheit","10":"first","11":"instock","12":"shipping-taxable","13":"purchasable","14":"product-type-simple"},"_links":{"self":[{"href":"https:\/\/bogensportdiscount.ch\/it\/wp-json\/wp\/v2\/product\/392228","targetHints":{"allow":["GET"]}}],"collection":[{"href":"https:\/\/bogensportdiscount.ch\/it\/wp-json\/wp\/v2\/product"}],"about":[{"href":"https:\/\/bogensportdiscount.ch\/it\/wp-json\/wp\/v2\/types\/product"}],"replies":[{"embeddable":true,"href":"https:\/\/bogensportdiscount.ch\/it\/wp-json\/wp\/v2\/comments?post=392228"}],"wp:featuredmedia":[{"embeddable":true,"href":"https:\/\/bogensportdiscount.ch\/it\/wp-json\/wp\/v2\/media\/447980"}],"wp:attachment":[{"href":"https:\/\/bogensportdiscount.ch\/it\/wp-json\/wp\/v2\/media?parent=392228"}],"wp:term":[{"taxonomy":"product_brand","embeddable":true,"href":"https:\/\/bogensportdiscount.ch\/it\/wp-json\/wp\/v2\/product_brand?post=392228"},{"taxonomy":"product_cat","embeddable":true,"href":"https:\/\/bogensportdiscount.ch\/it\/wp-json\/wp\/v2\/product_cat?post=392228"},{"taxonomy":"product_tag","embeddable":true,"href":"https:\/\/bogensportdiscount.ch\/it\/wp-json\/wp\/v2\/product_tag?post=392228"}],"curies":[{"name":"wp","href":"https:\/\/api.w.org\/{rel}","templated":true}]}}