{"id":392197,"date":"2026-04-05T14:25:17","date_gmt":"2026-04-05T12:25:17","guid":{"rendered":"https:\/\/bogensportdiscount.ch\/produkt\/maximal-single-armguards-19cm-p600d-3-fasteners-camo\/"},"modified":"2026-04-23T11:51:58","modified_gmt":"2026-04-23T09:51:58","slug":"maximal-armschutz-single-19cm-p600d-3-verschluesse-camo","status":"publish","type":"product","link":"https:\/\/bogensportdiscount.ch\/it\/prodotto\/maximal-armschutz-single-19cm-p600d-3-verschluesse-camo\/","title":{"rendered":"MAXIMAL EINZEL ARMSCHUTZ 19CM \/ P600D \/ 3 VERSCHLUESSE CAMO"},"content":{"rendered":"<p>Der MAXIMAL Single Armschutz bietet zuverl\u00e4ssigen Schutz des Unterarms vor dem Bogensehnenr\u00fcckschlag. Mit einer L\u00e4nge von 19 cm deckt er den Unterarm grossz\u00fcgig ab und ist damit f\u00fcr die meisten Schiesssituationen geeignet.<\/p>\n<p>Das P600D-Material ist strapazierf\u00e4hig und langlebig. Drei Verschl\u00fcsse sorgen f\u00fcr eine sichere und individuell anpassbare Befestigung am Arm.<\/p>\n<ul>\n<li>L\u00e4nge: 19 cm<\/li>\n<li>Material: P600D<\/li>\n<li>3 Verschl\u00fcsse f\u00fcr stabilen Sitz<\/li>\n<li>Design mimetico<\/li>\n<\/ul>","protected":false},"excerpt":{"rendered":"<p><strong>Marchio:<\/strong> Maximal<br \/><strong>Colore:<\/strong> Camo<br \/><strong>GTIN:<\/strong> 6426004952987<\/p>","protected":false},"featured_media":446767,"comment_status":"open","ping_status":"closed","template":"","meta":[],"product_brand":[780],"product_cat":[4155],"product_tag":[3546],"class_list":{"0":"post-392197","1":"product","2":"type-product","3":"status-publish","4":"has-post-thumbnail","6":"product_brand-maximal","7":"product_cat-singel-armschutz","8":"product_tag-neuheit","9":"product_shipping_class-bsd-standard","11":"first","12":"instock","13":"shipping-taxable","14":"purchasable","15":"product-type-simple"},"yoast_head":"<!-- This site is optimized with the Yoast SEO plugin v27.4 - https:\/\/yoast.com\/product\/yoast-seo-wordpress\/ -->\n<title>PROTEZIONE PER BRACCIO SINGOLA MAXIMAL 19 CM \/ P600D \/ 3 CHIUSURE CAMO - Bogensportdiscount \u2013 Archi, frecce, bersagli e accessori<\/title>\n<meta name=\"description\" content=\"Protezione per braccio singola MAXIMAL 19 cm \/ P600D \/ 3 chiusure CAMO: acquista a un prezzo conveniente su Bogensportdiscount \u2013 Marchi di punta, spedizione veloce dalla Svizzera.\" \/>\n<meta name=\"robots\" content=\"index, follow, max-snippet:-1, max-image-preview:large, max-video-preview:-1\" \/>\n<link rel=\"canonical\" href=\"https:\/\/bogensportdiscount.ch\/it\/prodotto\/maximal-armschutz-single-19cm-p600d-3-verschluesse-camo\/\" \/>\n<meta property=\"og:locale\" content=\"it_IT\" \/>\n<meta property=\"og:type\" content=\"article\" \/>\n<meta property=\"og:title\" content=\"PROTEZIONE PER BRACCIO SINGOLA MAXIMAL 19 CM \/ P600D \/ 3 CHIUSURE CAMO - Bogensportdiscount \u2013 Archi, frecce, bersagli e accessori\" \/>\n<meta property=\"og:description\" content=\"Protezione per braccio singola MAXIMAL 19 cm \/ P600D \/ 3 chiusure CAMO: acquista a un prezzo conveniente su Bogensportdiscount \u2013 Marchi di punta, spedizione veloce dalla Svizzera.\" \/>\n<meta property=\"og:url\" content=\"https:\/\/bogensportdiscount.ch\/it\/prodotto\/maximal-armschutz-single-19cm-p600d-3-verschluesse-camo\/\" \/>\n<meta property=\"og:site_name\" content=\"Bogensportdiscount \u2013 B\u00f6gen, Pfeile, Targets &amp; Zubeh\u00f6r\" \/>\n<meta property=\"article:modified_time\" content=\"2026-04-23T09:51:58+00:00\" \/>\n<meta property=\"og:image\" content=\"https:\/\/bogensportdiscount.ch\/wp-content\/uploads\/bsm-images\/A037313_1.png\" \/>\n\t<meta property=\"og:image:width\" content=\"1152\" \/>\n\t<meta property=\"og:image:height\" content=\"777\" \/>\n\t<meta property=\"og:image:type\" content=\"image\/png\" \/>\n<meta name=\"twitter:card\" content=\"summary_large_image\" \/>\n<script type=\"application\/ld+json\" class=\"yoast-schema-graph\">{\"@context\":\"https:\\\/\\\/schema.org\",\"@graph\":[{\"@type\":\"WebPage\",\"@id\":\"https:\\\/\\\/bogensportdiscount.ch\\\/produkt\\\/maximal-armschutz-single-19cm-p600d-3-verschluesse-camo\\\/\",\"url\":\"https:\\\/\\\/bogensportdiscount.ch\\\/produkt\\\/maximal-armschutz-single-19cm-p600d-3-verschluesse-camo\\\/\",\"name\":\"MAXIMAL EINZEL ARMSCHUTZ 19CM \\\/ P600D \\\/ 3 VERSCHLUESSE CAMO - Bogensportdiscount \u2013 B\u00f6gen, Pfeile, Targets &amp; Zubeh\u00f6r\",\"isPartOf\":{\"@id\":\"https:\\\/\\\/bogensportdiscount.ch\\\/#website\"},\"primaryImageOfPage\":{\"@id\":\"https:\\\/\\\/bogensportdiscount.ch\\\/produkt\\\/maximal-armschutz-single-19cm-p600d-3-verschluesse-camo\\\/#primaryimage\"},\"image\":{\"@id\":\"https:\\\/\\\/bogensportdiscount.ch\\\/produkt\\\/maximal-armschutz-single-19cm-p600d-3-verschluesse-camo\\\/#primaryimage\"},\"thumbnailUrl\":\"https:\\\/\\\/bogensportdiscount.ch\\\/wp-content\\\/uploads\\\/bsm-images\\\/A037313_1.png\",\"datePublished\":\"2026-04-05T12:25:17+00:00\",\"dateModified\":\"2026-04-23T09:51:58+00:00\",\"description\":\"MAXIMAL EINZEL ARMSCHUTZ 19CM \\\/ P600D \\\/ 3 VERSCHLUESSE CAMO g\u00fcnstig kaufen bei Bogensportdiscount \u2013 Top-Marken, schneller Versand aus der Schweiz.\",\"breadcrumb\":{\"@id\":\"https:\\\/\\\/bogensportdiscount.ch\\\/produkt\\\/maximal-armschutz-single-19cm-p600d-3-verschluesse-camo\\\/#breadcrumb\"},\"inLanguage\":\"it-IT\",\"potentialAction\":[{\"@type\":\"ReadAction\",\"target\":[\"https:\\\/\\\/bogensportdiscount.ch\\\/produkt\\\/maximal-armschutz-single-19cm-p600d-3-verschluesse-camo\\\/\"]}]},{\"@type\":\"ImageObject\",\"inLanguage\":\"it-IT\",\"@id\":\"https:\\\/\\\/bogensportdiscount.ch\\\/produkt\\\/maximal-armschutz-single-19cm-p600d-3-verschluesse-camo\\\/#primaryimage\",\"url\":\"https:\\\/\\\/bogensportdiscount.ch\\\/wp-content\\\/uploads\\\/bsm-images\\\/A037313_1.png\",\"contentUrl\":\"https:\\\/\\\/bogensportdiscount.ch\\\/wp-content\\\/uploads\\\/bsm-images\\\/A037313_1.png\",\"width\":1152,\"height\":777},{\"@type\":\"BreadcrumbList\",\"@id\":\"https:\\\/\\\/bogensportdiscount.ch\\\/produkt\\\/maximal-armschutz-single-19cm-p600d-3-verschluesse-camo\\\/#breadcrumb\",\"itemListElement\":[{\"@type\":\"ListItem\",\"position\":1,\"name\":\"Home\",\"item\":\"https:\\\/\\\/bogensportdiscount.ch\\\/\"},{\"@type\":\"ListItem\",\"position\":2,\"name\":\"Shop\",\"item\":\"https:\\\/\\\/bogensportdiscount.ch\\\/shop\\\/\"},{\"@type\":\"ListItem\",\"position\":3,\"name\":\"MAXIMAL EINZEL ARMSCHUTZ 19CM \\\/ P600D \\\/ 3 VERSCHLUESSE CAMO\"}]},{\"@type\":\"WebSite\",\"@id\":\"https:\\\/\\\/bogensportdiscount.ch\\\/#website\",\"url\":\"https:\\\/\\\/bogensportdiscount.ch\\\/\",\"name\":\"Bogensportdiscount\",\"description\":\"\",\"potentialAction\":[{\"@type\":\"SearchAction\",\"target\":{\"@type\":\"EntryPoint\",\"urlTemplate\":\"https:\\\/\\\/bogensportdiscount.ch\\\/?s={search_term_string}\"},\"query-input\":{\"@type\":\"PropertyValueSpecification\",\"valueRequired\":true,\"valueName\":\"search_term_string\"}}],\"inLanguage\":\"it-IT\"}]}<\/script>\n<!-- \/ Yoast SEO plugin. -->","yoast_head_json":{"title":"PROTEZIONE PER BRACCIO SINGOLA MAXIMAL 19 CM \/ P600D \/ 3 CHIUSURE CAMO - Bogensportdiscount \u2013 Archi, frecce, bersagli e accessori","description":"Protezione per braccio singola MAXIMAL 19 cm \/ P600D \/ 3 chiusure CAMO: acquista a un prezzo conveniente su Bogensportdiscount \u2013 Marchi di punta, spedizione veloce dalla Svizzera.","robots":{"index":"index","follow":"follow","max-snippet":"max-snippet:-1","max-image-preview":"max-image-preview:large","max-video-preview":"max-video-preview:-1"},"canonical":"https:\/\/bogensportdiscount.ch\/it\/prodotto\/maximal-armschutz-single-19cm-p600d-3-verschluesse-camo\/","og_locale":"it_IT","og_type":"article","og_title":"PROTEZIONE PER BRACCIO SINGOLA MAXIMAL 19 CM \/ P600D \/ 3 CHIUSURE CAMO - Bogensportdiscount \u2013 Archi, frecce, bersagli e accessori","og_description":"Protezione per braccio singola MAXIMAL 19 cm \/ P600D \/ 3 chiusure CAMO: acquista a un prezzo conveniente su Bogensportdiscount \u2013 Marchi di punta, spedizione veloce dalla Svizzera.","og_url":"https:\/\/bogensportdiscount.ch\/it\/prodotto\/maximal-armschutz-single-19cm-p600d-3-verschluesse-camo\/","og_site_name":"Bogensportdiscount \u2013 B\u00f6gen, Pfeile, Targets &amp; Zubeh\u00f6r","article_modified_time":"2026-04-23T09:51:58+00:00","og_image":[{"width":1152,"height":777,"url":"https:\/\/bogensportdiscount.ch\/wp-content\/uploads\/bsm-images\/A037313_1.png","type":"image\/png"}],"twitter_card":"summary_large_image","schema":{"@context":"https:\/\/schema.org","@graph":[{"@type":"WebPage","@id":"https:\/\/bogensportdiscount.ch\/produkt\/maximal-armschutz-single-19cm-p600d-3-verschluesse-camo\/","url":"https:\/\/bogensportdiscount.ch\/produkt\/maximal-armschutz-single-19cm-p600d-3-verschluesse-camo\/","name":"PROTEZIONE PER BRACCIO SINGOLA MAXIMAL 19 CM \/ P600D \/ 3 CHIUSURE CAMO - Bogensportdiscount \u2013 Archi, frecce, bersagli e accessori","isPartOf":{"@id":"https:\/\/bogensportdiscount.ch\/#website"},"primaryImageOfPage":{"@id":"https:\/\/bogensportdiscount.ch\/produkt\/maximal-armschutz-single-19cm-p600d-3-verschluesse-camo\/#primaryimage"},"image":{"@id":"https:\/\/bogensportdiscount.ch\/produkt\/maximal-armschutz-single-19cm-p600d-3-verschluesse-camo\/#primaryimage"},"thumbnailUrl":"https:\/\/bogensportdiscount.ch\/wp-content\/uploads\/bsm-images\/A037313_1.png","datePublished":"2026-04-05T12:25:17+00:00","dateModified":"2026-04-23T09:51:58+00:00","description":"Protezione per braccio singola MAXIMAL 19 cm \/ P600D \/ 3 chiusure CAMO: acquista a un prezzo conveniente su Bogensportdiscount \u2013 Marchi di punta, spedizione veloce dalla Svizzera.","breadcrumb":{"@id":"https:\/\/bogensportdiscount.ch\/produkt\/maximal-armschutz-single-19cm-p600d-3-verschluesse-camo\/#breadcrumb"},"inLanguage":"it-IT","potentialAction":[{"@type":"ReadAction","target":["https:\/\/bogensportdiscount.ch\/produkt\/maximal-armschutz-single-19cm-p600d-3-verschluesse-camo\/"]}]},{"@type":"ImageObject","inLanguage":"it-IT","@id":"https:\/\/bogensportdiscount.ch\/produkt\/maximal-armschutz-single-19cm-p600d-3-verschluesse-camo\/#primaryimage","url":"https:\/\/bogensportdiscount.ch\/wp-content\/uploads\/bsm-images\/A037313_1.png","contentUrl":"https:\/\/bogensportdiscount.ch\/wp-content\/uploads\/bsm-images\/A037313_1.png","width":1152,"height":777},{"@type":"BreadcrumbList","@id":"https:\/\/bogensportdiscount.ch\/produkt\/maximal-armschutz-single-19cm-p600d-3-verschluesse-camo\/#breadcrumb","itemListElement":[{"@type":"ListItem","position":1,"name":"Home","item":"https:\/\/bogensportdiscount.ch\/"},{"@type":"ListItem","position":2,"name":"Shop","item":"https:\/\/bogensportdiscount.ch\/shop\/"},{"@type":"ListItem","position":3,"name":"MAXIMAL EINZEL ARMSCHUTZ 19CM \/ P600D \/ 3 VERSCHLUESSE CAMO"}]},{"@type":"WebSite","@id":"https:\/\/bogensportdiscount.ch\/#website","url":"https:\/\/bogensportdiscount.ch\/","name":"Bogensportdiscount","description":"","potentialAction":[{"@type":"SearchAction","target":{"@type":"EntryPoint","urlTemplate":"https:\/\/bogensportdiscount.ch\/?s={search_term_string}"},"query-input":{"@type":"PropertyValueSpecification","valueRequired":true,"valueName":"search_term_string"}}],"inLanguage":"it-IT"}]}},"_links":{"self":[{"href":"https:\/\/bogensportdiscount.ch\/it\/wp-json\/wp\/v2\/product\/392197","targetHints":{"allow":["GET"]}}],"collection":[{"href":"https:\/\/bogensportdiscount.ch\/it\/wp-json\/wp\/v2\/product"}],"about":[{"href":"https:\/\/bogensportdiscount.ch\/it\/wp-json\/wp\/v2\/types\/product"}],"replies":[{"embeddable":true,"href":"https:\/\/bogensportdiscount.ch\/it\/wp-json\/wp\/v2\/comments?post=392197"}],"wp:featuredmedia":[{"embeddable":true,"href":"https:\/\/bogensportdiscount.ch\/it\/wp-json\/wp\/v2\/media\/446767"}],"wp:attachment":[{"href":"https:\/\/bogensportdiscount.ch\/it\/wp-json\/wp\/v2\/media?parent=392197"}],"wp:term":[{"taxonomy":"product_brand","embeddable":true,"href":"https:\/\/bogensportdiscount.ch\/it\/wp-json\/wp\/v2\/product_brand?post=392197"},{"taxonomy":"product_cat","embeddable":true,"href":"https:\/\/bogensportdiscount.ch\/it\/wp-json\/wp\/v2\/product_cat?post=392197"},{"taxonomy":"product_tag","embeddable":true,"href":"https:\/\/bogensportdiscount.ch\/it\/wp-json\/wp\/v2\/product_tag?post=392197"}],"curies":[{"name":"wp","href":"https:\/\/api.w.org\/{rel}","templated":true}]}}