{"id":392194,"date":"2026-04-05T14:25:16","date_gmt":"2026-04-05T12:25:16","guid":{"rendered":"https:\/\/bogensportdiscount.ch\/produkt\/ekpoelang-ek-poelang-guillotine-x-string-set\/"},"modified":"2026-04-15T12:13:51","modified_gmt":"2026-04-15T10:13:51","slug":"ekpoelang-ek-poelang-guillotine-x-sehnenset","status":"publish","type":"product","link":"https:\/\/bogensportdiscount.ch\/it\/prodotto\/ekpoelang-ek-poelang-guillotine-x-sehnenset\/","title":{"rendered":"EKPOELANG EK-POELANG GHIGLIOTTINA X SET DI CORDE"},"content":{"rendered":"<p>Das Ek-Poelang Guillotine X Sehnenset von EKPOELANG ist ein passgenauer Ersatzsatz f\u00fcr die Compound-Armbrust Guillotine X. Es wird direkt vom Hersteller f\u00fcr dieses Modell konzipiert und sorgt damit f\u00fcr optimale Passform und zuverl\u00e4ssige Funktion.<\/p>\n<p>Als vollst\u00e4ndiges Sehnenset enth\u00e4lt es alle notwendigen Komponenten \u2013 Sehne und Kabel \u2013 f\u00fcr den Austausch des bestehenden Sehnsystems. Ein regelm\u00e4ssiger Sehntausch tr\u00e4gt zur Schusspr\u00e4zision und zur Betriebssicherheit der Armbrust bei.<\/p>\n<ul>\n<li>Passend f\u00fcr die Compound-Armbrust Guillotine X von EKPOELANG<\/li>\n<li>Vollst\u00e4ndiges Set mit Sehne und Kabel<\/li>\n<li>Herstellereigene Spezifikation f\u00fcr optimale Passform<\/li>\n<li>Geeignet f\u00fcr den regul\u00e4ren Ersatzbedarf<\/li>\n<\/ul>","protected":false},"excerpt":{"rendered":"<p><strong>Marchio:<\/strong> EK &#8211; Poelang<\/p>","protected":false},"featured_media":453631,"comment_status":"open","ping_status":"closed","template":"","meta":[],"product_brand":[471],"product_cat":[4175],"product_tag":[3546],"class_list":{"0":"post-392194","1":"product","2":"type-product","3":"status-publish","4":"has-post-thumbnail","6":"product_brand-ekpoelang","7":"product_cat-compound-strings-cables","8":"product_tag-neuheit","10":"first","11":"instock","12":"shipping-taxable","13":"purchasable","14":"product-type-simple"},"_links":{"self":[{"href":"https:\/\/bogensportdiscount.ch\/it\/wp-json\/wp\/v2\/product\/392194","targetHints":{"allow":["GET"]}}],"collection":[{"href":"https:\/\/bogensportdiscount.ch\/it\/wp-json\/wp\/v2\/product"}],"about":[{"href":"https:\/\/bogensportdiscount.ch\/it\/wp-json\/wp\/v2\/types\/product"}],"replies":[{"embeddable":true,"href":"https:\/\/bogensportdiscount.ch\/it\/wp-json\/wp\/v2\/comments?post=392194"}],"wp:featuredmedia":[{"embeddable":true,"href":"https:\/\/bogensportdiscount.ch\/it\/wp-json\/wp\/v2\/media\/453631"}],"wp:attachment":[{"href":"https:\/\/bogensportdiscount.ch\/it\/wp-json\/wp\/v2\/media?parent=392194"}],"wp:term":[{"taxonomy":"product_brand","embeddable":true,"href":"https:\/\/bogensportdiscount.ch\/it\/wp-json\/wp\/v2\/product_brand?post=392194"},{"taxonomy":"product_cat","embeddable":true,"href":"https:\/\/bogensportdiscount.ch\/it\/wp-json\/wp\/v2\/product_cat?post=392194"},{"taxonomy":"product_tag","embeddable":true,"href":"https:\/\/bogensportdiscount.ch\/it\/wp-json\/wp\/v2\/product_tag?post=392194"}],"curies":[{"name":"wp","href":"https:\/\/api.w.org\/{rel}","templated":true}]}}